{"id":5455,"date":"2020-12-31T13:57:16","date_gmt":"2021-10-19T20:56:37","guid":{"rendered":"https:\/\/bioluminis.com\/producto\/schwarze-aktentasche-fur-36-stuck-filter\/"},"modified":"2021-10-19T21:01:12","modified_gmt":"2021-10-19T21:01:12","slug":"schwarz-fur-36-einheit-filtergehause","status":"publish","type":"product","link":"https:\/\/bioluminis.com\/de\/producto\/schwarz-fur-36-einheit-filtergehause\/","title":{"rendered":"Schwarze Aktentasche f\u00fcr 36 St\u00fcck Filter"},"content":{"rendered":"<p>Aktentasche: schwarzer Kunststoff und Aluminium, leicht und angenehm im Griff, mit Schaumstoff, der speziell f\u00fcr die Aufbewahrung der Filter angepasst ist, f\u00fcr Ihre<br \/>\nTransport oder sein t\u00e4glicher Gebrauch. Kapazit\u00e4t zum Speichern von 36Uds Filtern.<\/p>\n<p>Ma\u00dfe: 26,5 cm L\u00e4nge * 17 cm Breite * 6,5 cm H\u00f6he<\/p>\n","protected":false},"excerpt":{"rendered":"<p>Schwarze Aktentasche f\u00fcr 36 St\u00fcck Filter<\/p>\n","protected":false},"featured_media":8571,"comment_status":"open","ping_status":"closed","template":"","meta":[],"product_brand":[],"product_cat":[204],"product_tag":[351],"class_list":{"0":"post-5455","1":"product","2":"type-product","3":"status-publish","4":"has-post-thumbnail","6":"product_cat-zubehoerartikel","7":"product_tag-accesorios-bioluminis-de","8":"post","10":"first","11":"instock","12":"taxable","13":"shipping-taxable","14":"purchasable","15":"product-type-simple"},"yoast_head":"<!-- This site is optimized with the Yoast SEO plugin v27.3 - https:\/\/yoast.com\/product\/yoast-seo-wordpress\/ -->\n<title>Schwarze Aktentasche f\u00fcr 36 St\u00fcck Filter - Bioluminis\u00ae<\/title>\n<meta name=\"description\" content=\"Aktentasche mit Schaumstoff, der speziell angepasst ist, um die Filterkapazit\u00e4t zu speichern36Uds von Filtern.\" \/>\n<meta name=\"robots\" content=\"index, follow, max-snippet:-1, max-image-preview:large, max-video-preview:-1\" \/>\n<link rel=\"canonical\" href=\"https:\/\/bioluminis.com\/de\/producto\/schwarz-fur-36-einheit-filtergehause\/\" \/>\n<meta property=\"og:locale\" content=\"de_DE\" \/>\n<meta property=\"og:type\" content=\"article\" \/>\n<meta property=\"og:title\" content=\"Schwarze Aktentasche f\u00fcr 36 St\u00fcck Filter - Bioluminis\u00ae\" \/>\n<meta property=\"og:description\" content=\"Aktentasche mit Schaumstoff, der speziell angepasst ist, um die Filterkapazit\u00e4t zu speichern36Uds von Filtern.\" \/>\n<meta property=\"og:url\" content=\"https:\/\/bioluminis.com\/de\/producto\/schwarz-fur-36-einheit-filtergehause\/\" \/>\n<meta property=\"og:site_name\" content=\"Bioluminis\u00ae\" \/>\n<meta property=\"article:publisher\" content=\"https:\/\/www.facebook.com\/BioluminisBiophotontherapy\" \/>\n<meta property=\"article:modified_time\" content=\"2021-10-19T21:01:12+00:00\" \/>\n<meta property=\"og:image\" content=\"https:\/\/bioluminis.com\/wp-content\/uploads\/2022\/09\/maletin-negro2-939x1024.png\" \/>\n\t<meta property=\"og:image:width\" content=\"939\" \/>\n\t<meta property=\"og:image:height\" content=\"1024\" \/>\n\t<meta property=\"og:image:type\" content=\"image\/png\" \/>\n<meta name=\"twitter:card\" content=\"summary_large_image\" \/>\n<script type=\"application\/ld+json\" class=\"yoast-schema-graph\">{\"@context\":\"https:\\\/\\\/schema.org\",\"@graph\":[{\"@type\":\"WebPage\",\"@id\":\"https:\\\/\\\/bioluminis.com\\\/de\\\/producto\\\/schwarz-fur-36-einheit-filtergehause\\\/\",\"url\":\"https:\\\/\\\/bioluminis.com\\\/de\\\/producto\\\/schwarz-fur-36-einheit-filtergehause\\\/\",\"name\":\"Schwarze Aktentasche f\u00fcr 36 St\u00fcck Filter - Bioluminis\u00ae\",\"isPartOf\":{\"@id\":\"https:\\\/\\\/bioluminis.com\\\/de\\\/#website\"},\"primaryImageOfPage\":{\"@id\":\"https:\\\/\\\/bioluminis.com\\\/de\\\/producto\\\/schwarz-fur-36-einheit-filtergehause\\\/#primaryimage\"},\"image\":{\"@id\":\"https:\\\/\\\/bioluminis.com\\\/de\\\/producto\\\/schwarz-fur-36-einheit-filtergehause\\\/#primaryimage\"},\"thumbnailUrl\":\"https:\\\/\\\/bioluminis.com\\\/wp-content\\\/uploads\\\/2022\\\/09\\\/maletin-negro2.png\",\"datePublished\":\"2021-10-19T20:56:37+00:00\",\"dateModified\":\"2021-10-19T21:01:12+00:00\",\"description\":\"Aktentasche mit Schaumstoff, der speziell angepasst ist, um die Filterkapazit\u00e4t zu speichern36Uds von Filtern.\",\"breadcrumb\":{\"@id\":\"https:\\\/\\\/bioluminis.com\\\/de\\\/producto\\\/schwarz-fur-36-einheit-filtergehause\\\/#breadcrumb\"},\"inLanguage\":\"de\",\"potentialAction\":[{\"@type\":\"ReadAction\",\"target\":[\"https:\\\/\\\/bioluminis.com\\\/de\\\/producto\\\/schwarz-fur-36-einheit-filtergehause\\\/\"]}]},{\"@type\":\"ImageObject\",\"inLanguage\":\"de\",\"@id\":\"https:\\\/\\\/bioluminis.com\\\/de\\\/producto\\\/schwarz-fur-36-einheit-filtergehause\\\/#primaryimage\",\"url\":\"https:\\\/\\\/bioluminis.com\\\/wp-content\\\/uploads\\\/2022\\\/09\\\/maletin-negro2.png\",\"contentUrl\":\"https:\\\/\\\/bioluminis.com\\\/wp-content\\\/uploads\\\/2022\\\/09\\\/maletin-negro2.png\",\"width\":1584,\"height\":1728},{\"@type\":\"BreadcrumbList\",\"@id\":\"https:\\\/\\\/bioluminis.com\\\/de\\\/producto\\\/schwarz-fur-36-einheit-filtergehause\\\/#breadcrumb\",\"itemListElement\":[{\"@type\":\"ListItem\",\"position\":1,\"name\":\"Portada\",\"item\":\"https:\\\/\\\/bioluminis.com\\\/de\\\/home\\\/\"},{\"@type\":\"ListItem\",\"position\":2,\"name\":\"ONLINE KAUFEN\",\"item\":\"https:\\\/\\\/bioluminis.com\\\/de\\\/shop\\\/\"},{\"@type\":\"ListItem\",\"position\":3,\"name\":\"Schwarze Aktentasche f\u00fcr 36 St\u00fcck Filter\"}]},{\"@type\":\"WebSite\",\"@id\":\"https:\\\/\\\/bioluminis.com\\\/de\\\/#website\",\"url\":\"https:\\\/\\\/bioluminis.com\\\/de\\\/\",\"name\":\"Bioluminis\u00ae\",\"description\":\"Biofotonterapia m\u00e9todo Bioluminis\",\"publisher\":{\"@id\":\"https:\\\/\\\/bioluminis.com\\\/de\\\/#organization\"},\"potentialAction\":[{\"@type\":\"SearchAction\",\"target\":{\"@type\":\"EntryPoint\",\"urlTemplate\":\"https:\\\/\\\/bioluminis.com\\\/de\\\/?s={search_term_string}\"},\"query-input\":{\"@type\":\"PropertyValueSpecification\",\"valueRequired\":true,\"valueName\":\"search_term_string\"}}],\"inLanguage\":\"de\"},{\"@type\":\"Organization\",\"@id\":\"https:\\\/\\\/bioluminis.com\\\/de\\\/#organization\",\"name\":\"Bioluminis\u00ae\",\"url\":\"https:\\\/\\\/bioluminis.com\\\/de\\\/\",\"logo\":{\"@type\":\"ImageObject\",\"inLanguage\":\"de\",\"@id\":\"https:\\\/\\\/bioluminis.com\\\/de\\\/#\\\/schema\\\/logo\\\/image\\\/\",\"url\":\"https:\\\/\\\/bioluminis.com\\\/wp-content\\\/uploads\\\/2022\\\/06\\\/logo-bioluminis-web.png\",\"contentUrl\":\"https:\\\/\\\/bioluminis.com\\\/wp-content\\\/uploads\\\/2022\\\/06\\\/logo-bioluminis-web.png\",\"width\":400,\"height\":84,\"caption\":\"Bioluminis\u00ae\"},\"image\":{\"@id\":\"https:\\\/\\\/bioluminis.com\\\/de\\\/#\\\/schema\\\/logo\\\/image\\\/\"},\"sameAs\":[\"https:\\\/\\\/www.facebook.com\\\/BioluminisBiophotontherapy\",\"https:\\\/\\\/www.instagram.com\\\/bioluminis_biofotonterapia\\\/\"]}]}<\/script>\n<!-- \/ Yoast SEO plugin. -->","yoast_head_json":{"title":"Schwarze Aktentasche f\u00fcr 36 St\u00fcck Filter - Bioluminis\u00ae","description":"Aktentasche mit Schaumstoff, der speziell angepasst ist, um die Filterkapazit\u00e4t zu speichern36Uds von Filtern.","robots":{"index":"index","follow":"follow","max-snippet":"max-snippet:-1","max-image-preview":"max-image-preview:large","max-video-preview":"max-video-preview:-1"},"canonical":"https:\/\/bioluminis.com\/de\/producto\/schwarz-fur-36-einheit-filtergehause\/","og_locale":"de_DE","og_type":"article","og_title":"Schwarze Aktentasche f\u00fcr 36 St\u00fcck Filter - Bioluminis\u00ae","og_description":"Aktentasche mit Schaumstoff, der speziell angepasst ist, um die Filterkapazit\u00e4t zu speichern36Uds von Filtern.","og_url":"https:\/\/bioluminis.com\/de\/producto\/schwarz-fur-36-einheit-filtergehause\/","og_site_name":"Bioluminis\u00ae","article_publisher":"https:\/\/www.facebook.com\/BioluminisBiophotontherapy","article_modified_time":"2021-10-19T21:01:12+00:00","og_image":[{"width":939,"height":1024,"url":"https:\/\/bioluminis.com\/wp-content\/uploads\/2022\/09\/maletin-negro2-939x1024.png","type":"image\/png"}],"twitter_card":"summary_large_image","schema":{"@context":"https:\/\/schema.org","@graph":[{"@type":"WebPage","@id":"https:\/\/bioluminis.com\/de\/producto\/schwarz-fur-36-einheit-filtergehause\/","url":"https:\/\/bioluminis.com\/de\/producto\/schwarz-fur-36-einheit-filtergehause\/","name":"Schwarze Aktentasche f\u00fcr 36 St\u00fcck Filter - Bioluminis\u00ae","isPartOf":{"@id":"https:\/\/bioluminis.com\/de\/#website"},"primaryImageOfPage":{"@id":"https:\/\/bioluminis.com\/de\/producto\/schwarz-fur-36-einheit-filtergehause\/#primaryimage"},"image":{"@id":"https:\/\/bioluminis.com\/de\/producto\/schwarz-fur-36-einheit-filtergehause\/#primaryimage"},"thumbnailUrl":"https:\/\/bioluminis.com\/wp-content\/uploads\/2022\/09\/maletin-negro2.png","datePublished":"2021-10-19T20:56:37+00:00","dateModified":"2021-10-19T21:01:12+00:00","description":"Aktentasche mit Schaumstoff, der speziell angepasst ist, um die Filterkapazit\u00e4t zu speichern36Uds von Filtern.","breadcrumb":{"@id":"https:\/\/bioluminis.com\/de\/producto\/schwarz-fur-36-einheit-filtergehause\/#breadcrumb"},"inLanguage":"de","potentialAction":[{"@type":"ReadAction","target":["https:\/\/bioluminis.com\/de\/producto\/schwarz-fur-36-einheit-filtergehause\/"]}]},{"@type":"ImageObject","inLanguage":"de","@id":"https:\/\/bioluminis.com\/de\/producto\/schwarz-fur-36-einheit-filtergehause\/#primaryimage","url":"https:\/\/bioluminis.com\/wp-content\/uploads\/2022\/09\/maletin-negro2.png","contentUrl":"https:\/\/bioluminis.com\/wp-content\/uploads\/2022\/09\/maletin-negro2.png","width":1584,"height":1728},{"@type":"BreadcrumbList","@id":"https:\/\/bioluminis.com\/de\/producto\/schwarz-fur-36-einheit-filtergehause\/#breadcrumb","itemListElement":[{"@type":"ListItem","position":1,"name":"Portada","item":"https:\/\/bioluminis.com\/de\/home\/"},{"@type":"ListItem","position":2,"name":"ONLINE KAUFEN","item":"https:\/\/bioluminis.com\/de\/shop\/"},{"@type":"ListItem","position":3,"name":"Schwarze Aktentasche f\u00fcr 36 St\u00fcck Filter"}]},{"@type":"WebSite","@id":"https:\/\/bioluminis.com\/de\/#website","url":"https:\/\/bioluminis.com\/de\/","name":"Bioluminis\u00ae","description":"Biofotonterapia m\u00e9todo Bioluminis","publisher":{"@id":"https:\/\/bioluminis.com\/de\/#organization"},"potentialAction":[{"@type":"SearchAction","target":{"@type":"EntryPoint","urlTemplate":"https:\/\/bioluminis.com\/de\/?s={search_term_string}"},"query-input":{"@type":"PropertyValueSpecification","valueRequired":true,"valueName":"search_term_string"}}],"inLanguage":"de"},{"@type":"Organization","@id":"https:\/\/bioluminis.com\/de\/#organization","name":"Bioluminis\u00ae","url":"https:\/\/bioluminis.com\/de\/","logo":{"@type":"ImageObject","inLanguage":"de","@id":"https:\/\/bioluminis.com\/de\/#\/schema\/logo\/image\/","url":"https:\/\/bioluminis.com\/wp-content\/uploads\/2022\/06\/logo-bioluminis-web.png","contentUrl":"https:\/\/bioluminis.com\/wp-content\/uploads\/2022\/06\/logo-bioluminis-web.png","width":400,"height":84,"caption":"Bioluminis\u00ae"},"image":{"@id":"https:\/\/bioluminis.com\/de\/#\/schema\/logo\/image\/"},"sameAs":["https:\/\/www.facebook.com\/BioluminisBiophotontherapy","https:\/\/www.instagram.com\/bioluminis_biofotonterapia\/"]}]}},"_links":{"self":[{"href":"https:\/\/bioluminis.com\/de\/wp-json\/wp\/v2\/product\/5455","targetHints":{"allow":["GET"]}}],"collection":[{"href":"https:\/\/bioluminis.com\/de\/wp-json\/wp\/v2\/product"}],"about":[{"href":"https:\/\/bioluminis.com\/de\/wp-json\/wp\/v2\/types\/product"}],"replies":[{"embeddable":true,"href":"https:\/\/bioluminis.com\/de\/wp-json\/wp\/v2\/comments?post=5455"}],"wp:featuredmedia":[{"embeddable":true,"href":"https:\/\/bioluminis.com\/de\/wp-json\/wp\/v2\/media\/8571"}],"wp:attachment":[{"href":"https:\/\/bioluminis.com\/de\/wp-json\/wp\/v2\/media?parent=5455"}],"wp:term":[{"taxonomy":"product_brand","embeddable":true,"href":"https:\/\/bioluminis.com\/de\/wp-json\/wp\/v2\/product_brand?post=5455"},{"taxonomy":"product_cat","embeddable":true,"href":"https:\/\/bioluminis.com\/de\/wp-json\/wp\/v2\/product_cat?post=5455"},{"taxonomy":"product_tag","embeddable":true,"href":"https:\/\/bioluminis.com\/de\/wp-json\/wp\/v2\/product_tag?post=5455"}],"curies":[{"name":"wp","href":"https:\/\/api.w.org\/{rel}","templated":true}]}}