{"id":4299,"date":"2020-12-31T12:39:38","date_gmt":"2020-12-31T12:39:38","guid":{"rendered":"https:\/\/bioluminis.com\/?post_type=product&#038;p=4299"},"modified":"2022-02-02T19:13:18","modified_gmt":"2022-02-02T19:13:18","slug":"bioluminis-filter-med-333b-5-stueck","status":"publish","type":"product","link":"https:\/\/bioluminis.com\/de\/producto\/bioluminis-filter-med-333b-5-stueck\/","title":{"rendered":"Bioluminis Filter Med 333B x 5 St\u00fcck"},"content":{"rendered":"<p>Intermittierende \u00dcbertragung, \u00dcbertragung von diskontinuierlicher Energie, f\u00fcr gr\u00f6\u00dfere Pr\u00e4zision sollte durch den Puls mit seinem Bioreceptor bei der Behandlung von Fettansammlungen erreicht werden.<\/p>\n<p><strong>\u00a0<\/strong><\/p>\n<p><strong>\u00a0<\/strong><strong>Indikationen<\/strong><\/p>\n<p>Veranlasst die Ausscheidung von Fetten sowohl oberfl\u00e4chlich als auch innerlich.<\/p>\n<p>Wirksam bei Prozessen der Entgiftung von toxischen Substanzen (Drogen, Alkohol, Tabak).<\/p>\n<p>Regt den Kreislauf an.<\/p>\n<p>Effektive Ma\u00dfnahmen zur Behandlung der Gewichtsabnahme.<\/p>\n<p>Stimuliert das Immunsystem.<\/p>\n<p>Wirksam bei Lumbalschmerzen.<\/p>\n","protected":false},"excerpt":{"rendered":"<h2>Bioluminis-Filter Med 333B<\/h2>\n<p>x <strong>5<\/strong> St\u00fcck<\/p>\n","protected":false},"featured_media":8220,"comment_status":"open","ping_status":"closed","template":"","meta":[],"product_brand":[],"product_cat":[184,417],"product_tag":[421,215],"class_list":{"0":"post-4299","1":"product","2":"type-product","3":"status-publish","4":"has-post-thumbnail","6":"product_cat-bioluminis-med-filter","7":"product_cat-sammlungen","8":"product_tag-biophotonentherapie-de","9":"product_tag-entgiftung","10":"post","12":"first","13":"instock","14":"taxable","15":"shipping-taxable","16":"purchasable","17":"product-type-simple"},"yoast_head":"<!-- This site is optimized with the Yoast SEO plugin v27.2 - https:\/\/yoast.com\/product\/yoast-seo-wordpress\/ -->\n<title>Bioluminis Filter Med 333B x 5 St\u00fcck - Bioluminis\u00ae<\/title>\n<meta name=\"description\" content=\"Bioluminis Filter Med 333B Veranlasst die Ausscheidung von Fetten sowohl oberfl\u00e4chlich als auch innerlich.\" \/>\n<meta name=\"robots\" content=\"index, follow, max-snippet:-1, max-image-preview:large, max-video-preview:-1\" \/>\n<link rel=\"canonical\" href=\"https:\/\/bioluminis.com\/de\/producto\/bioluminis-filter-med-333b-5-stueck\/\" \/>\n<meta property=\"og:locale\" content=\"de_DE\" \/>\n<meta property=\"og:type\" content=\"article\" \/>\n<meta property=\"og:title\" content=\"Bioluminis Filter Med 333B x 5 St\u00fcck - Bioluminis\u00ae\" \/>\n<meta property=\"og:description\" content=\"Bioluminis Filter Med 333B Veranlasst die Ausscheidung von Fetten sowohl oberfl\u00e4chlich als auch innerlich.\" \/>\n<meta property=\"og:url\" content=\"https:\/\/bioluminis.com\/de\/producto\/bioluminis-filter-med-333b-5-stueck\/\" \/>\n<meta property=\"og:site_name\" content=\"Bioluminis\u00ae\" \/>\n<meta property=\"article:publisher\" content=\"https:\/\/www.facebook.com\/BioluminisBiophotontherapy\" \/>\n<meta property=\"article:modified_time\" content=\"2022-02-02T19:13:18+00:00\" \/>\n<meta property=\"og:image\" content=\"https:\/\/bioluminis.com\/wp-content\/uploads\/2022\/09\/med-333B.jpg\" \/>\n\t<meta property=\"og:image:width\" content=\"2354\" \/>\n\t<meta property=\"og:image:height\" content=\"2358\" \/>\n\t<meta property=\"og:image:type\" content=\"image\/jpeg\" \/>\n<meta name=\"twitter:card\" content=\"summary_large_image\" \/>\n<script type=\"application\/ld+json\" class=\"yoast-schema-graph\">{\"@context\":\"https:\/\/schema.org\",\"@graph\":[{\"@type\":\"WebPage\",\"@id\":\"https:\/\/bioluminis.com\/de\/producto\/bioluminis-filter-med-333b-5-stueck\/\",\"url\":\"https:\/\/bioluminis.com\/de\/producto\/bioluminis-filter-med-333b-5-stueck\/\",\"name\":\"Bioluminis Filter Med 333B x 5 St\u00fcck - Bioluminis\u00ae\",\"isPartOf\":{\"@id\":\"https:\/\/bioluminis.com\/de\/#website\"},\"primaryImageOfPage\":{\"@id\":\"https:\/\/bioluminis.com\/de\/producto\/bioluminis-filter-med-333b-5-stueck\/#primaryimage\"},\"image\":{\"@id\":\"https:\/\/bioluminis.com\/de\/producto\/bioluminis-filter-med-333b-5-stueck\/#primaryimage\"},\"thumbnailUrl\":\"https:\/\/bioluminis.com\/wp-content\/uploads\/2022\/09\/med-333B.jpg\",\"datePublished\":\"2020-12-31T12:39:38+00:00\",\"dateModified\":\"2022-02-02T19:13:18+00:00\",\"description\":\"Bioluminis Filter Med 333B Veranlasst die Ausscheidung von Fetten sowohl oberfl\u00e4chlich als auch innerlich.\",\"breadcrumb\":{\"@id\":\"https:\/\/bioluminis.com\/de\/producto\/bioluminis-filter-med-333b-5-stueck\/#breadcrumb\"},\"inLanguage\":\"de\",\"potentialAction\":[{\"@type\":\"ReadAction\",\"target\":[\"https:\/\/bioluminis.com\/de\/producto\/bioluminis-filter-med-333b-5-stueck\/\"]}]},{\"@type\":\"ImageObject\",\"inLanguage\":\"de\",\"@id\":\"https:\/\/bioluminis.com\/de\/producto\/bioluminis-filter-med-333b-5-stueck\/#primaryimage\",\"url\":\"https:\/\/bioluminis.com\/wp-content\/uploads\/2022\/09\/med-333B.jpg\",\"contentUrl\":\"https:\/\/bioluminis.com\/wp-content\/uploads\/2022\/09\/med-333B.jpg\",\"width\":2354,\"height\":2358},{\"@type\":\"BreadcrumbList\",\"@id\":\"https:\/\/bioluminis.com\/de\/producto\/bioluminis-filter-med-333b-5-stueck\/#breadcrumb\",\"itemListElement\":[{\"@type\":\"ListItem\",\"position\":1,\"name\":\"Portada\",\"item\":\"https:\/\/bioluminis.com\/de\/home\/\"},{\"@type\":\"ListItem\",\"position\":2,\"name\":\"ONLINE KAUFEN\",\"item\":\"https:\/\/bioluminis.com\/de\/shop\/\"},{\"@type\":\"ListItem\",\"position\":3,\"name\":\"Bioluminis Filter Med 333B x 5 St\u00fcck\"}]},{\"@type\":\"WebSite\",\"@id\":\"https:\/\/bioluminis.com\/de\/#website\",\"url\":\"https:\/\/bioluminis.com\/de\/\",\"name\":\"Bioluminis\u00ae\",\"description\":\"Biofotonterapia m\u00e9todo Bioluminis\",\"publisher\":{\"@id\":\"https:\/\/bioluminis.com\/de\/#organization\"},\"potentialAction\":[{\"@type\":\"SearchAction\",\"target\":{\"@type\":\"EntryPoint\",\"urlTemplate\":\"https:\/\/bioluminis.com\/de\/?s={search_term_string}\"},\"query-input\":{\"@type\":\"PropertyValueSpecification\",\"valueRequired\":true,\"valueName\":\"search_term_string\"}}],\"inLanguage\":\"de\"},{\"@type\":\"Organization\",\"@id\":\"https:\/\/bioluminis.com\/de\/#organization\",\"name\":\"Bioluminis\u00ae\",\"url\":\"https:\/\/bioluminis.com\/de\/\",\"logo\":{\"@type\":\"ImageObject\",\"inLanguage\":\"de\",\"@id\":\"https:\/\/bioluminis.com\/de\/#\/schema\/logo\/image\/\",\"url\":\"https:\/\/bioluminis.com\/wp-content\/uploads\/2022\/06\/logo-bioluminis-web.png\",\"contentUrl\":\"https:\/\/bioluminis.com\/wp-content\/uploads\/2022\/06\/logo-bioluminis-web.png\",\"width\":400,\"height\":84,\"caption\":\"Bioluminis\u00ae\"},\"image\":{\"@id\":\"https:\/\/bioluminis.com\/de\/#\/schema\/logo\/image\/\"},\"sameAs\":[\"https:\/\/www.facebook.com\/BioluminisBiophotontherapy\",\"https:\/\/www.instagram.com\/bioluminis_biofotonterapia\/\"]}]}<\/script>\n<!-- \/ Yoast SEO plugin. -->","yoast_head_json":{"title":"Bioluminis Filter Med 333B x 5 St\u00fcck - Bioluminis\u00ae","description":"Bioluminis Filter Med 333B Veranlasst die Ausscheidung von Fetten sowohl oberfl\u00e4chlich als auch innerlich.","robots":{"index":"index","follow":"follow","max-snippet":"max-snippet:-1","max-image-preview":"max-image-preview:large","max-video-preview":"max-video-preview:-1"},"canonical":"https:\/\/bioluminis.com\/de\/producto\/bioluminis-filter-med-333b-5-stueck\/","og_locale":"de_DE","og_type":"article","og_title":"Bioluminis Filter Med 333B x 5 St\u00fcck - Bioluminis\u00ae","og_description":"Bioluminis Filter Med 333B Veranlasst die Ausscheidung von Fetten sowohl oberfl\u00e4chlich als auch innerlich.","og_url":"https:\/\/bioluminis.com\/de\/producto\/bioluminis-filter-med-333b-5-stueck\/","og_site_name":"Bioluminis\u00ae","article_publisher":"https:\/\/www.facebook.com\/BioluminisBiophotontherapy","article_modified_time":"2022-02-02T19:13:18+00:00","og_image":[{"width":2354,"height":2358,"url":"https:\/\/bioluminis.com\/wp-content\/uploads\/2022\/09\/med-333B.jpg","type":"image\/jpeg"}],"twitter_card":"summary_large_image","schema":{"@context":"https:\/\/schema.org","@graph":[{"@type":"WebPage","@id":"https:\/\/bioluminis.com\/de\/producto\/bioluminis-filter-med-333b-5-stueck\/","url":"https:\/\/bioluminis.com\/de\/producto\/bioluminis-filter-med-333b-5-stueck\/","name":"Bioluminis Filter Med 333B x 5 St\u00fcck - Bioluminis\u00ae","isPartOf":{"@id":"https:\/\/bioluminis.com\/de\/#website"},"primaryImageOfPage":{"@id":"https:\/\/bioluminis.com\/de\/producto\/bioluminis-filter-med-333b-5-stueck\/#primaryimage"},"image":{"@id":"https:\/\/bioluminis.com\/de\/producto\/bioluminis-filter-med-333b-5-stueck\/#primaryimage"},"thumbnailUrl":"https:\/\/bioluminis.com\/wp-content\/uploads\/2022\/09\/med-333B.jpg","datePublished":"2020-12-31T12:39:38+00:00","dateModified":"2022-02-02T19:13:18+00:00","description":"Bioluminis Filter Med 333B Veranlasst die Ausscheidung von Fetten sowohl oberfl\u00e4chlich als auch innerlich.","breadcrumb":{"@id":"https:\/\/bioluminis.com\/de\/producto\/bioluminis-filter-med-333b-5-stueck\/#breadcrumb"},"inLanguage":"de","potentialAction":[{"@type":"ReadAction","target":["https:\/\/bioluminis.com\/de\/producto\/bioluminis-filter-med-333b-5-stueck\/"]}]},{"@type":"ImageObject","inLanguage":"de","@id":"https:\/\/bioluminis.com\/de\/producto\/bioluminis-filter-med-333b-5-stueck\/#primaryimage","url":"https:\/\/bioluminis.com\/wp-content\/uploads\/2022\/09\/med-333B.jpg","contentUrl":"https:\/\/bioluminis.com\/wp-content\/uploads\/2022\/09\/med-333B.jpg","width":2354,"height":2358},{"@type":"BreadcrumbList","@id":"https:\/\/bioluminis.com\/de\/producto\/bioluminis-filter-med-333b-5-stueck\/#breadcrumb","itemListElement":[{"@type":"ListItem","position":1,"name":"Portada","item":"https:\/\/bioluminis.com\/de\/home\/"},{"@type":"ListItem","position":2,"name":"ONLINE KAUFEN","item":"https:\/\/bioluminis.com\/de\/shop\/"},{"@type":"ListItem","position":3,"name":"Bioluminis Filter Med 333B x 5 St\u00fcck"}]},{"@type":"WebSite","@id":"https:\/\/bioluminis.com\/de\/#website","url":"https:\/\/bioluminis.com\/de\/","name":"Bioluminis\u00ae","description":"Biofotonterapia m\u00e9todo Bioluminis","publisher":{"@id":"https:\/\/bioluminis.com\/de\/#organization"},"potentialAction":[{"@type":"SearchAction","target":{"@type":"EntryPoint","urlTemplate":"https:\/\/bioluminis.com\/de\/?s={search_term_string}"},"query-input":{"@type":"PropertyValueSpecification","valueRequired":true,"valueName":"search_term_string"}}],"inLanguage":"de"},{"@type":"Organization","@id":"https:\/\/bioluminis.com\/de\/#organization","name":"Bioluminis\u00ae","url":"https:\/\/bioluminis.com\/de\/","logo":{"@type":"ImageObject","inLanguage":"de","@id":"https:\/\/bioluminis.com\/de\/#\/schema\/logo\/image\/","url":"https:\/\/bioluminis.com\/wp-content\/uploads\/2022\/06\/logo-bioluminis-web.png","contentUrl":"https:\/\/bioluminis.com\/wp-content\/uploads\/2022\/06\/logo-bioluminis-web.png","width":400,"height":84,"caption":"Bioluminis\u00ae"},"image":{"@id":"https:\/\/bioluminis.com\/de\/#\/schema\/logo\/image\/"},"sameAs":["https:\/\/www.facebook.com\/BioluminisBiophotontherapy","https:\/\/www.instagram.com\/bioluminis_biofotonterapia\/"]}]}},"_links":{"self":[{"href":"https:\/\/bioluminis.com\/de\/wp-json\/wp\/v2\/product\/4299","targetHints":{"allow":["GET"]}}],"collection":[{"href":"https:\/\/bioluminis.com\/de\/wp-json\/wp\/v2\/product"}],"about":[{"href":"https:\/\/bioluminis.com\/de\/wp-json\/wp\/v2\/types\/product"}],"replies":[{"embeddable":true,"href":"https:\/\/bioluminis.com\/de\/wp-json\/wp\/v2\/comments?post=4299"}],"wp:featuredmedia":[{"embeddable":true,"href":"https:\/\/bioluminis.com\/de\/wp-json\/wp\/v2\/media\/8220"}],"wp:attachment":[{"href":"https:\/\/bioluminis.com\/de\/wp-json\/wp\/v2\/media?parent=4299"}],"wp:term":[{"taxonomy":"product_brand","embeddable":true,"href":"https:\/\/bioluminis.com\/de\/wp-json\/wp\/v2\/product_brand?post=4299"},{"taxonomy":"product_cat","embeddable":true,"href":"https:\/\/bioluminis.com\/de\/wp-json\/wp\/v2\/product_cat?post=4299"},{"taxonomy":"product_tag","embeddable":true,"href":"https:\/\/bioluminis.com\/de\/wp-json\/wp\/v2\/product_tag?post=4299"}],"curies":[{"name":"wp","href":"https:\/\/api.w.org\/{rel}","templated":true}]}}