{"id":4291,"date":"2020-12-31T11:01:59","date_gmt":"2020-12-31T11:01:59","guid":{"rendered":"https:\/\/bioluminis.com\/producto\/estuche-para-filtros-10-unidades\/"},"modified":"2024-11-20T16:32:47","modified_gmt":"2024-11-20T15:32:47","slug":"stuche-fuer-10-einheiten-bioluminis-filter","status":"publish","type":"product","link":"https:\/\/bioluminis.com\/de\/producto\/stuche-fuer-10-einheiten-bioluminis-filter\/","title":{"rendered":"Stuche f\u00fcr Filter 10 St\u00fcck"},"content":{"rendered":"<p>Stuche f\u00fcr 10 Einheiten Bioluminis-Filter.<\/p>\n<p>Ma\u00dfe: 17,5 cm breit * 12,5 cm Haken * 7 H\u00f6he<\/p>\n","protected":false},"excerpt":{"rendered":"<p>Stuche f\u00fcr Filter 10 St\u00fcck<\/p>\n","protected":false},"featured_media":8535,"comment_status":"open","ping_status":"closed","template":"","meta":[],"product_brand":[],"product_cat":[204],"product_tag":[351],"class_list":{"0":"post-4291","1":"product","2":"type-product","3":"status-publish","4":"has-post-thumbnail","6":"product_cat-zubehoerartikel","7":"product_tag-accesorios-bioluminis-de","8":"post","10":"first","11":"instock","12":"taxable","13":"shipping-taxable","14":"purchasable","15":"product-type-simple"},"yoast_head":"<!-- This site is optimized with the Yoast SEO plugin v27.3 - https:\/\/yoast.com\/product\/yoast-seo-wordpress\/ -->\n<title>Stuche f\u00fcr Filter 10 St\u00fcck - Bioluminis\u00ae<\/title>\n<meta name=\"description\" content=\"Stuche f\u00fcr 10 Einheiten Bioluminis-Filter. Ma\u00dfe: 17,5 cm breit * 12,5 cm Haken * 7 H\u00f6he\" \/>\n<meta name=\"robots\" content=\"index, follow, max-snippet:-1, max-image-preview:large, max-video-preview:-1\" \/>\n<link rel=\"canonical\" href=\"https:\/\/bioluminis.com\/de\/producto\/stuche-fuer-10-einheiten-bioluminis-filter\/\" \/>\n<meta property=\"og:locale\" content=\"de_DE\" \/>\n<meta property=\"og:type\" content=\"article\" \/>\n<meta property=\"og:title\" content=\"Stuche f\u00fcr Filter 10 St\u00fcck - Bioluminis\u00ae\" \/>\n<meta property=\"og:description\" content=\"Stuche f\u00fcr 10 Einheiten Bioluminis-Filter. Ma\u00dfe: 17,5 cm breit * 12,5 cm Haken * 7 H\u00f6he\" \/>\n<meta property=\"og:url\" content=\"https:\/\/bioluminis.com\/de\/producto\/stuche-fuer-10-einheiten-bioluminis-filter\/\" \/>\n<meta property=\"og:site_name\" content=\"Bioluminis\u00ae\" \/>\n<meta property=\"article:publisher\" content=\"https:\/\/www.facebook.com\/BioluminisBiophotontherapy\" \/>\n<meta property=\"article:modified_time\" content=\"2024-11-20T15:32:47+00:00\" \/>\n<meta property=\"og:image\" content=\"https:\/\/bioluminis.com\/wp-content\/uploads\/2022\/09\/ESTUCHE-2-951x1024.png\" \/>\n\t<meta property=\"og:image:width\" content=\"951\" \/>\n\t<meta property=\"og:image:height\" content=\"1024\" \/>\n\t<meta property=\"og:image:type\" content=\"image\/png\" \/>\n<meta name=\"twitter:card\" content=\"summary_large_image\" \/>\n<script type=\"application\/ld+json\" class=\"yoast-schema-graph\">{\"@context\":\"https:\\\/\\\/schema.org\",\"@graph\":[{\"@type\":\"WebPage\",\"@id\":\"https:\\\/\\\/bioluminis.com\\\/de\\\/producto\\\/stuche-fuer-10-einheiten-bioluminis-filter\\\/\",\"url\":\"https:\\\/\\\/bioluminis.com\\\/de\\\/producto\\\/stuche-fuer-10-einheiten-bioluminis-filter\\\/\",\"name\":\"Stuche f\u00fcr Filter 10 St\u00fcck - Bioluminis\u00ae\",\"isPartOf\":{\"@id\":\"https:\\\/\\\/bioluminis.com\\\/de\\\/#website\"},\"primaryImageOfPage\":{\"@id\":\"https:\\\/\\\/bioluminis.com\\\/de\\\/producto\\\/stuche-fuer-10-einheiten-bioluminis-filter\\\/#primaryimage\"},\"image\":{\"@id\":\"https:\\\/\\\/bioluminis.com\\\/de\\\/producto\\\/stuche-fuer-10-einheiten-bioluminis-filter\\\/#primaryimage\"},\"thumbnailUrl\":\"https:\\\/\\\/bioluminis.com\\\/wp-content\\\/uploads\\\/2022\\\/09\\\/ESTUCHE-2.png\",\"datePublished\":\"2020-12-31T11:01:59+00:00\",\"dateModified\":\"2024-11-20T15:32:47+00:00\",\"description\":\"Stuche f\u00fcr 10 Einheiten Bioluminis-Filter. Ma\u00dfe: 17,5 cm breit * 12,5 cm Haken * 7 H\u00f6he\",\"breadcrumb\":{\"@id\":\"https:\\\/\\\/bioluminis.com\\\/de\\\/producto\\\/stuche-fuer-10-einheiten-bioluminis-filter\\\/#breadcrumb\"},\"inLanguage\":\"de\",\"potentialAction\":[{\"@type\":\"ReadAction\",\"target\":[\"https:\\\/\\\/bioluminis.com\\\/de\\\/producto\\\/stuche-fuer-10-einheiten-bioluminis-filter\\\/\"]}]},{\"@type\":\"ImageObject\",\"inLanguage\":\"de\",\"@id\":\"https:\\\/\\\/bioluminis.com\\\/de\\\/producto\\\/stuche-fuer-10-einheiten-bioluminis-filter\\\/#primaryimage\",\"url\":\"https:\\\/\\\/bioluminis.com\\\/wp-content\\\/uploads\\\/2022\\\/09\\\/ESTUCHE-2.png\",\"contentUrl\":\"https:\\\/\\\/bioluminis.com\\\/wp-content\\\/uploads\\\/2022\\\/09\\\/ESTUCHE-2.png\",\"width\":1587,\"height\":1708},{\"@type\":\"BreadcrumbList\",\"@id\":\"https:\\\/\\\/bioluminis.com\\\/de\\\/producto\\\/stuche-fuer-10-einheiten-bioluminis-filter\\\/#breadcrumb\",\"itemListElement\":[{\"@type\":\"ListItem\",\"position\":1,\"name\":\"Portada\",\"item\":\"https:\\\/\\\/bioluminis.com\\\/de\\\/home\\\/\"},{\"@type\":\"ListItem\",\"position\":2,\"name\":\"ONLINE KAUFEN\",\"item\":\"https:\\\/\\\/bioluminis.com\\\/de\\\/shop\\\/\"},{\"@type\":\"ListItem\",\"position\":3,\"name\":\"Stuche f\u00fcr Filter 10 St\u00fcck\"}]},{\"@type\":\"WebSite\",\"@id\":\"https:\\\/\\\/bioluminis.com\\\/de\\\/#website\",\"url\":\"https:\\\/\\\/bioluminis.com\\\/de\\\/\",\"name\":\"Bioluminis\u00ae\",\"description\":\"Biofotonterapia m\u00e9todo Bioluminis\",\"publisher\":{\"@id\":\"https:\\\/\\\/bioluminis.com\\\/de\\\/#organization\"},\"potentialAction\":[{\"@type\":\"SearchAction\",\"target\":{\"@type\":\"EntryPoint\",\"urlTemplate\":\"https:\\\/\\\/bioluminis.com\\\/de\\\/?s={search_term_string}\"},\"query-input\":{\"@type\":\"PropertyValueSpecification\",\"valueRequired\":true,\"valueName\":\"search_term_string\"}}],\"inLanguage\":\"de\"},{\"@type\":\"Organization\",\"@id\":\"https:\\\/\\\/bioluminis.com\\\/de\\\/#organization\",\"name\":\"Bioluminis\u00ae\",\"url\":\"https:\\\/\\\/bioluminis.com\\\/de\\\/\",\"logo\":{\"@type\":\"ImageObject\",\"inLanguage\":\"de\",\"@id\":\"https:\\\/\\\/bioluminis.com\\\/de\\\/#\\\/schema\\\/logo\\\/image\\\/\",\"url\":\"https:\\\/\\\/bioluminis.com\\\/wp-content\\\/uploads\\\/2022\\\/06\\\/logo-bioluminis-web.png\",\"contentUrl\":\"https:\\\/\\\/bioluminis.com\\\/wp-content\\\/uploads\\\/2022\\\/06\\\/logo-bioluminis-web.png\",\"width\":400,\"height\":84,\"caption\":\"Bioluminis\u00ae\"},\"image\":{\"@id\":\"https:\\\/\\\/bioluminis.com\\\/de\\\/#\\\/schema\\\/logo\\\/image\\\/\"},\"sameAs\":[\"https:\\\/\\\/www.facebook.com\\\/BioluminisBiophotontherapy\",\"https:\\\/\\\/www.instagram.com\\\/bioluminis_biofotonterapia\\\/\"]}]}<\/script>\n<!-- \/ Yoast SEO plugin. -->","yoast_head_json":{"title":"Stuche f\u00fcr Filter 10 St\u00fcck - Bioluminis\u00ae","description":"Stuche f\u00fcr 10 Einheiten Bioluminis-Filter. Ma\u00dfe: 17,5 cm breit * 12,5 cm Haken * 7 H\u00f6he","robots":{"index":"index","follow":"follow","max-snippet":"max-snippet:-1","max-image-preview":"max-image-preview:large","max-video-preview":"max-video-preview:-1"},"canonical":"https:\/\/bioluminis.com\/de\/producto\/stuche-fuer-10-einheiten-bioluminis-filter\/","og_locale":"de_DE","og_type":"article","og_title":"Stuche f\u00fcr Filter 10 St\u00fcck - Bioluminis\u00ae","og_description":"Stuche f\u00fcr 10 Einheiten Bioluminis-Filter. Ma\u00dfe: 17,5 cm breit * 12,5 cm Haken * 7 H\u00f6he","og_url":"https:\/\/bioluminis.com\/de\/producto\/stuche-fuer-10-einheiten-bioluminis-filter\/","og_site_name":"Bioluminis\u00ae","article_publisher":"https:\/\/www.facebook.com\/BioluminisBiophotontherapy","article_modified_time":"2024-11-20T15:32:47+00:00","og_image":[{"width":951,"height":1024,"url":"https:\/\/bioluminis.com\/wp-content\/uploads\/2022\/09\/ESTUCHE-2-951x1024.png","type":"image\/png"}],"twitter_card":"summary_large_image","schema":{"@context":"https:\/\/schema.org","@graph":[{"@type":"WebPage","@id":"https:\/\/bioluminis.com\/de\/producto\/stuche-fuer-10-einheiten-bioluminis-filter\/","url":"https:\/\/bioluminis.com\/de\/producto\/stuche-fuer-10-einheiten-bioluminis-filter\/","name":"Stuche f\u00fcr Filter 10 St\u00fcck - Bioluminis\u00ae","isPartOf":{"@id":"https:\/\/bioluminis.com\/de\/#website"},"primaryImageOfPage":{"@id":"https:\/\/bioluminis.com\/de\/producto\/stuche-fuer-10-einheiten-bioluminis-filter\/#primaryimage"},"image":{"@id":"https:\/\/bioluminis.com\/de\/producto\/stuche-fuer-10-einheiten-bioluminis-filter\/#primaryimage"},"thumbnailUrl":"https:\/\/bioluminis.com\/wp-content\/uploads\/2022\/09\/ESTUCHE-2.png","datePublished":"2020-12-31T11:01:59+00:00","dateModified":"2024-11-20T15:32:47+00:00","description":"Stuche f\u00fcr 10 Einheiten Bioluminis-Filter. Ma\u00dfe: 17,5 cm breit * 12,5 cm Haken * 7 H\u00f6he","breadcrumb":{"@id":"https:\/\/bioluminis.com\/de\/producto\/stuche-fuer-10-einheiten-bioluminis-filter\/#breadcrumb"},"inLanguage":"de","potentialAction":[{"@type":"ReadAction","target":["https:\/\/bioluminis.com\/de\/producto\/stuche-fuer-10-einheiten-bioluminis-filter\/"]}]},{"@type":"ImageObject","inLanguage":"de","@id":"https:\/\/bioluminis.com\/de\/producto\/stuche-fuer-10-einheiten-bioluminis-filter\/#primaryimage","url":"https:\/\/bioluminis.com\/wp-content\/uploads\/2022\/09\/ESTUCHE-2.png","contentUrl":"https:\/\/bioluminis.com\/wp-content\/uploads\/2022\/09\/ESTUCHE-2.png","width":1587,"height":1708},{"@type":"BreadcrumbList","@id":"https:\/\/bioluminis.com\/de\/producto\/stuche-fuer-10-einheiten-bioluminis-filter\/#breadcrumb","itemListElement":[{"@type":"ListItem","position":1,"name":"Portada","item":"https:\/\/bioluminis.com\/de\/home\/"},{"@type":"ListItem","position":2,"name":"ONLINE KAUFEN","item":"https:\/\/bioluminis.com\/de\/shop\/"},{"@type":"ListItem","position":3,"name":"Stuche f\u00fcr Filter 10 St\u00fcck"}]},{"@type":"WebSite","@id":"https:\/\/bioluminis.com\/de\/#website","url":"https:\/\/bioluminis.com\/de\/","name":"Bioluminis\u00ae","description":"Biofotonterapia m\u00e9todo Bioluminis","publisher":{"@id":"https:\/\/bioluminis.com\/de\/#organization"},"potentialAction":[{"@type":"SearchAction","target":{"@type":"EntryPoint","urlTemplate":"https:\/\/bioluminis.com\/de\/?s={search_term_string}"},"query-input":{"@type":"PropertyValueSpecification","valueRequired":true,"valueName":"search_term_string"}}],"inLanguage":"de"},{"@type":"Organization","@id":"https:\/\/bioluminis.com\/de\/#organization","name":"Bioluminis\u00ae","url":"https:\/\/bioluminis.com\/de\/","logo":{"@type":"ImageObject","inLanguage":"de","@id":"https:\/\/bioluminis.com\/de\/#\/schema\/logo\/image\/","url":"https:\/\/bioluminis.com\/wp-content\/uploads\/2022\/06\/logo-bioluminis-web.png","contentUrl":"https:\/\/bioluminis.com\/wp-content\/uploads\/2022\/06\/logo-bioluminis-web.png","width":400,"height":84,"caption":"Bioluminis\u00ae"},"image":{"@id":"https:\/\/bioluminis.com\/de\/#\/schema\/logo\/image\/"},"sameAs":["https:\/\/www.facebook.com\/BioluminisBiophotontherapy","https:\/\/www.instagram.com\/bioluminis_biofotonterapia\/"]}]}},"_links":{"self":[{"href":"https:\/\/bioluminis.com\/de\/wp-json\/wp\/v2\/product\/4291","targetHints":{"allow":["GET"]}}],"collection":[{"href":"https:\/\/bioluminis.com\/de\/wp-json\/wp\/v2\/product"}],"about":[{"href":"https:\/\/bioluminis.com\/de\/wp-json\/wp\/v2\/types\/product"}],"replies":[{"embeddable":true,"href":"https:\/\/bioluminis.com\/de\/wp-json\/wp\/v2\/comments?post=4291"}],"wp:featuredmedia":[{"embeddable":true,"href":"https:\/\/bioluminis.com\/de\/wp-json\/wp\/v2\/media\/8535"}],"wp:attachment":[{"href":"https:\/\/bioluminis.com\/de\/wp-json\/wp\/v2\/media?parent=4291"}],"wp:term":[{"taxonomy":"product_brand","embeddable":true,"href":"https:\/\/bioluminis.com\/de\/wp-json\/wp\/v2\/product_brand?post=4291"},{"taxonomy":"product_cat","embeddable":true,"href":"https:\/\/bioluminis.com\/de\/wp-json\/wp\/v2\/product_cat?post=4291"},{"taxonomy":"product_tag","embeddable":true,"href":"https:\/\/bioluminis.com\/de\/wp-json\/wp\/v2\/product_tag?post=4291"}],"curies":[{"name":"wp","href":"https:\/\/api.w.org\/{rel}","templated":true}]}}