{"id":2712,"date":"2020-09-01T16:01:01","date_gmt":"2020-09-01T14:01:01","guid":{"rendered":"https:\/\/bioluminis.com\/producto\/adhesivo-rondelas-doble-cara\/"},"modified":"2022-10-06T08:50:52","modified_gmt":"2022-10-06T06:50:52","slug":"adhesivo-rondelas-doble-cara","status":"publish","type":"product","link":"https:\/\/bioluminis.com\/de\/producto\/adhesivo-rondelas-doble-cara\/","title":{"rendered":"Klebering 125 St\u00fcck"},"content":{"rendered":"<p>Klebering 125 St\u00fcck<\/p>\n<p style=\"text-align: left;\">Klebstoffe, rund, 125 Stk. Doppelseitige, hautfreundliche runde Aufkleber. Sie k\u00f6nnen die Bioluminis-Filter bequemer befestigen, sch\u00fctzen und verhindern, dass sie sich verschlechtern. F\u00fcr den medizinischen Gebrauch empfehlen wir diese Klebstoffe jedem anderen.<\/p>\n","protected":false},"excerpt":{"rendered":"<p><strong>Adhesivos\u00a0<\/strong><b>rondelas<\/b>, <strong>125 Uds.<\/strong><\/p>\n","protected":false},"featured_media":8562,"comment_status":"open","ping_status":"closed","template":"","meta":[],"product_brand":[],"product_cat":[204],"product_tag":[351,347],"class_list":{"0":"post-2712","1":"product","2":"type-product","3":"status-publish","4":"has-post-thumbnail","6":"product_cat-zubehoerartikel","7":"product_tag-accesorios-bioluminis-de","8":"product_tag-adhesivo-rondelas-doble-cara-de","9":"post","11":"first","12":"instock","13":"taxable","14":"shipping-taxable","15":"purchasable","16":"product-type-simple"},"yoast_head":"<!-- This site is optimized with the Yoast SEO plugin v27.3 - https:\/\/yoast.com\/product\/yoast-seo-wordpress\/ -->\n<title>Klebering 125 St\u00fcck - Bioluminis\u00ae<\/title>\n<meta name=\"description\" content=\"Klebering 125 St\u00fcckKlebstoffe, rund, 125 Stk. Doppelseitige, hautfreundliche runde Aufkleber. Sie k\u00f6nnen die Bioluminis-Filter bequemer befestigen, sch\u00fctzen und verhindern, dass sie sich verschlechtern. F\u00fcr den medizinischen Gebrauch empfehlen wir diese Klebstoffe jedem anderen.\" \/>\n<meta name=\"robots\" content=\"index, follow, max-snippet:-1, max-image-preview:large, max-video-preview:-1\" \/>\n<link rel=\"canonical\" href=\"https:\/\/bioluminis.com\/de\/producto\/adhesivo-rondelas-doble-cara\/\" \/>\n<meta property=\"og:locale\" content=\"de_DE\" \/>\n<meta property=\"og:type\" content=\"article\" \/>\n<meta property=\"og:title\" content=\"Klebering 125 St\u00fcck - Bioluminis\u00ae\" \/>\n<meta property=\"og:description\" content=\"Klebering 125 St\u00fcckKlebstoffe, rund, 125 Stk. Doppelseitige, hautfreundliche runde Aufkleber. Sie k\u00f6nnen die Bioluminis-Filter bequemer befestigen, sch\u00fctzen und verhindern, dass sie sich verschlechtern. F\u00fcr den medizinischen Gebrauch empfehlen wir diese Klebstoffe jedem anderen.\" \/>\n<meta property=\"og:url\" content=\"https:\/\/bioluminis.com\/de\/producto\/adhesivo-rondelas-doble-cara\/\" \/>\n<meta property=\"og:site_name\" content=\"Bioluminis\u00ae\" \/>\n<meta property=\"article:publisher\" content=\"https:\/\/www.facebook.com\/BioluminisBiophotontherapy\" \/>\n<meta property=\"article:modified_time\" content=\"2022-10-06T06:50:52+00:00\" \/>\n<meta property=\"og:image\" content=\"https:\/\/bioluminis.com\/wp-content\/uploads\/2022\/09\/Adhesivos125-un-rondell.png\" \/>\n\t<meta property=\"og:image:width\" content=\"899\" \/>\n\t<meta property=\"og:image:height\" content=\"892\" \/>\n\t<meta property=\"og:image:type\" content=\"image\/png\" \/>\n<meta name=\"twitter:card\" content=\"summary_large_image\" \/>\n<script type=\"application\/ld+json\" class=\"yoast-schema-graph\">{\"@context\":\"https:\\\/\\\/schema.org\",\"@graph\":[{\"@type\":\"WebPage\",\"@id\":\"https:\\\/\\\/bioluminis.com\\\/de\\\/producto\\\/adhesivo-rondelas-doble-cara\\\/\",\"url\":\"https:\\\/\\\/bioluminis.com\\\/de\\\/producto\\\/adhesivo-rondelas-doble-cara\\\/\",\"name\":\"Klebering 125 St\u00fcck - Bioluminis\u00ae\",\"isPartOf\":{\"@id\":\"https:\\\/\\\/bioluminis.com\\\/de\\\/#website\"},\"primaryImageOfPage\":{\"@id\":\"https:\\\/\\\/bioluminis.com\\\/de\\\/producto\\\/adhesivo-rondelas-doble-cara\\\/#primaryimage\"},\"image\":{\"@id\":\"https:\\\/\\\/bioluminis.com\\\/de\\\/producto\\\/adhesivo-rondelas-doble-cara\\\/#primaryimage\"},\"thumbnailUrl\":\"https:\\\/\\\/bioluminis.com\\\/wp-content\\\/uploads\\\/2022\\\/09\\\/Adhesivos125-un-rondell.png\",\"datePublished\":\"2020-09-01T14:01:01+00:00\",\"dateModified\":\"2022-10-06T06:50:52+00:00\",\"description\":\"Klebering 125 St\u00fcckKlebstoffe, rund, 125 Stk. Doppelseitige, hautfreundliche runde Aufkleber. Sie k\u00f6nnen die Bioluminis-Filter bequemer befestigen, sch\u00fctzen und verhindern, dass sie sich verschlechtern. F\u00fcr den medizinischen Gebrauch empfehlen wir diese Klebstoffe jedem anderen.\",\"breadcrumb\":{\"@id\":\"https:\\\/\\\/bioluminis.com\\\/de\\\/producto\\\/adhesivo-rondelas-doble-cara\\\/#breadcrumb\"},\"inLanguage\":\"de\",\"potentialAction\":[{\"@type\":\"ReadAction\",\"target\":[\"https:\\\/\\\/bioluminis.com\\\/de\\\/producto\\\/adhesivo-rondelas-doble-cara\\\/\"]}]},{\"@type\":\"ImageObject\",\"inLanguage\":\"de\",\"@id\":\"https:\\\/\\\/bioluminis.com\\\/de\\\/producto\\\/adhesivo-rondelas-doble-cara\\\/#primaryimage\",\"url\":\"https:\\\/\\\/bioluminis.com\\\/wp-content\\\/uploads\\\/2022\\\/09\\\/Adhesivos125-un-rondell.png\",\"contentUrl\":\"https:\\\/\\\/bioluminis.com\\\/wp-content\\\/uploads\\\/2022\\\/09\\\/Adhesivos125-un-rondell.png\",\"width\":899,\"height\":892},{\"@type\":\"BreadcrumbList\",\"@id\":\"https:\\\/\\\/bioluminis.com\\\/de\\\/producto\\\/adhesivo-rondelas-doble-cara\\\/#breadcrumb\",\"itemListElement\":[{\"@type\":\"ListItem\",\"position\":1,\"name\":\"Portada\",\"item\":\"https:\\\/\\\/bioluminis.com\\\/de\\\/home\\\/\"},{\"@type\":\"ListItem\",\"position\":2,\"name\":\"ONLINE KAUFEN\",\"item\":\"https:\\\/\\\/bioluminis.com\\\/de\\\/shop\\\/\"},{\"@type\":\"ListItem\",\"position\":3,\"name\":\"Klebering 125 St\u00fcck\"}]},{\"@type\":\"WebSite\",\"@id\":\"https:\\\/\\\/bioluminis.com\\\/de\\\/#website\",\"url\":\"https:\\\/\\\/bioluminis.com\\\/de\\\/\",\"name\":\"Bioluminis\u00ae\",\"description\":\"Biofotonterapia m\u00e9todo Bioluminis\",\"publisher\":{\"@id\":\"https:\\\/\\\/bioluminis.com\\\/de\\\/#organization\"},\"potentialAction\":[{\"@type\":\"SearchAction\",\"target\":{\"@type\":\"EntryPoint\",\"urlTemplate\":\"https:\\\/\\\/bioluminis.com\\\/de\\\/?s={search_term_string}\"},\"query-input\":{\"@type\":\"PropertyValueSpecification\",\"valueRequired\":true,\"valueName\":\"search_term_string\"}}],\"inLanguage\":\"de\"},{\"@type\":\"Organization\",\"@id\":\"https:\\\/\\\/bioluminis.com\\\/de\\\/#organization\",\"name\":\"Bioluminis\u00ae\",\"url\":\"https:\\\/\\\/bioluminis.com\\\/de\\\/\",\"logo\":{\"@type\":\"ImageObject\",\"inLanguage\":\"de\",\"@id\":\"https:\\\/\\\/bioluminis.com\\\/de\\\/#\\\/schema\\\/logo\\\/image\\\/\",\"url\":\"https:\\\/\\\/bioluminis.com\\\/wp-content\\\/uploads\\\/2022\\\/06\\\/logo-bioluminis-web.png\",\"contentUrl\":\"https:\\\/\\\/bioluminis.com\\\/wp-content\\\/uploads\\\/2022\\\/06\\\/logo-bioluminis-web.png\",\"width\":400,\"height\":84,\"caption\":\"Bioluminis\u00ae\"},\"image\":{\"@id\":\"https:\\\/\\\/bioluminis.com\\\/de\\\/#\\\/schema\\\/logo\\\/image\\\/\"},\"sameAs\":[\"https:\\\/\\\/www.facebook.com\\\/BioluminisBiophotontherapy\",\"https:\\\/\\\/www.instagram.com\\\/bioluminis_biofotonterapia\\\/\"]}]}<\/script>\n<!-- \/ Yoast SEO plugin. -->","yoast_head_json":{"title":"Klebering 125 St\u00fcck - Bioluminis\u00ae","description":"Klebering 125 St\u00fcckKlebstoffe, rund, 125 Stk. Doppelseitige, hautfreundliche runde Aufkleber. Sie k\u00f6nnen die Bioluminis-Filter bequemer befestigen, sch\u00fctzen und verhindern, dass sie sich verschlechtern. F\u00fcr den medizinischen Gebrauch empfehlen wir diese Klebstoffe jedem anderen.","robots":{"index":"index","follow":"follow","max-snippet":"max-snippet:-1","max-image-preview":"max-image-preview:large","max-video-preview":"max-video-preview:-1"},"canonical":"https:\/\/bioluminis.com\/de\/producto\/adhesivo-rondelas-doble-cara\/","og_locale":"de_DE","og_type":"article","og_title":"Klebering 125 St\u00fcck - Bioluminis\u00ae","og_description":"Klebering 125 St\u00fcckKlebstoffe, rund, 125 Stk. Doppelseitige, hautfreundliche runde Aufkleber. Sie k\u00f6nnen die Bioluminis-Filter bequemer befestigen, sch\u00fctzen und verhindern, dass sie sich verschlechtern. F\u00fcr den medizinischen Gebrauch empfehlen wir diese Klebstoffe jedem anderen.","og_url":"https:\/\/bioluminis.com\/de\/producto\/adhesivo-rondelas-doble-cara\/","og_site_name":"Bioluminis\u00ae","article_publisher":"https:\/\/www.facebook.com\/BioluminisBiophotontherapy","article_modified_time":"2022-10-06T06:50:52+00:00","og_image":[{"width":899,"height":892,"url":"https:\/\/bioluminis.com\/wp-content\/uploads\/2022\/09\/Adhesivos125-un-rondell.png","type":"image\/png"}],"twitter_card":"summary_large_image","schema":{"@context":"https:\/\/schema.org","@graph":[{"@type":"WebPage","@id":"https:\/\/bioluminis.com\/de\/producto\/adhesivo-rondelas-doble-cara\/","url":"https:\/\/bioluminis.com\/de\/producto\/adhesivo-rondelas-doble-cara\/","name":"Klebering 125 St\u00fcck - Bioluminis\u00ae","isPartOf":{"@id":"https:\/\/bioluminis.com\/de\/#website"},"primaryImageOfPage":{"@id":"https:\/\/bioluminis.com\/de\/producto\/adhesivo-rondelas-doble-cara\/#primaryimage"},"image":{"@id":"https:\/\/bioluminis.com\/de\/producto\/adhesivo-rondelas-doble-cara\/#primaryimage"},"thumbnailUrl":"https:\/\/bioluminis.com\/wp-content\/uploads\/2022\/09\/Adhesivos125-un-rondell.png","datePublished":"2020-09-01T14:01:01+00:00","dateModified":"2022-10-06T06:50:52+00:00","description":"Klebering 125 St\u00fcckKlebstoffe, rund, 125 Stk. Doppelseitige, hautfreundliche runde Aufkleber. Sie k\u00f6nnen die Bioluminis-Filter bequemer befestigen, sch\u00fctzen und verhindern, dass sie sich verschlechtern. F\u00fcr den medizinischen Gebrauch empfehlen wir diese Klebstoffe jedem anderen.","breadcrumb":{"@id":"https:\/\/bioluminis.com\/de\/producto\/adhesivo-rondelas-doble-cara\/#breadcrumb"},"inLanguage":"de","potentialAction":[{"@type":"ReadAction","target":["https:\/\/bioluminis.com\/de\/producto\/adhesivo-rondelas-doble-cara\/"]}]},{"@type":"ImageObject","inLanguage":"de","@id":"https:\/\/bioluminis.com\/de\/producto\/adhesivo-rondelas-doble-cara\/#primaryimage","url":"https:\/\/bioluminis.com\/wp-content\/uploads\/2022\/09\/Adhesivos125-un-rondell.png","contentUrl":"https:\/\/bioluminis.com\/wp-content\/uploads\/2022\/09\/Adhesivos125-un-rondell.png","width":899,"height":892},{"@type":"BreadcrumbList","@id":"https:\/\/bioluminis.com\/de\/producto\/adhesivo-rondelas-doble-cara\/#breadcrumb","itemListElement":[{"@type":"ListItem","position":1,"name":"Portada","item":"https:\/\/bioluminis.com\/de\/home\/"},{"@type":"ListItem","position":2,"name":"ONLINE KAUFEN","item":"https:\/\/bioluminis.com\/de\/shop\/"},{"@type":"ListItem","position":3,"name":"Klebering 125 St\u00fcck"}]},{"@type":"WebSite","@id":"https:\/\/bioluminis.com\/de\/#website","url":"https:\/\/bioluminis.com\/de\/","name":"Bioluminis\u00ae","description":"Biofotonterapia m\u00e9todo Bioluminis","publisher":{"@id":"https:\/\/bioluminis.com\/de\/#organization"},"potentialAction":[{"@type":"SearchAction","target":{"@type":"EntryPoint","urlTemplate":"https:\/\/bioluminis.com\/de\/?s={search_term_string}"},"query-input":{"@type":"PropertyValueSpecification","valueRequired":true,"valueName":"search_term_string"}}],"inLanguage":"de"},{"@type":"Organization","@id":"https:\/\/bioluminis.com\/de\/#organization","name":"Bioluminis\u00ae","url":"https:\/\/bioluminis.com\/de\/","logo":{"@type":"ImageObject","inLanguage":"de","@id":"https:\/\/bioluminis.com\/de\/#\/schema\/logo\/image\/","url":"https:\/\/bioluminis.com\/wp-content\/uploads\/2022\/06\/logo-bioluminis-web.png","contentUrl":"https:\/\/bioluminis.com\/wp-content\/uploads\/2022\/06\/logo-bioluminis-web.png","width":400,"height":84,"caption":"Bioluminis\u00ae"},"image":{"@id":"https:\/\/bioluminis.com\/de\/#\/schema\/logo\/image\/"},"sameAs":["https:\/\/www.facebook.com\/BioluminisBiophotontherapy","https:\/\/www.instagram.com\/bioluminis_biofotonterapia\/"]}]}},"_links":{"self":[{"href":"https:\/\/bioluminis.com\/de\/wp-json\/wp\/v2\/product\/2712","targetHints":{"allow":["GET"]}}],"collection":[{"href":"https:\/\/bioluminis.com\/de\/wp-json\/wp\/v2\/product"}],"about":[{"href":"https:\/\/bioluminis.com\/de\/wp-json\/wp\/v2\/types\/product"}],"replies":[{"embeddable":true,"href":"https:\/\/bioluminis.com\/de\/wp-json\/wp\/v2\/comments?post=2712"}],"wp:featuredmedia":[{"embeddable":true,"href":"https:\/\/bioluminis.com\/de\/wp-json\/wp\/v2\/media\/8562"}],"wp:attachment":[{"href":"https:\/\/bioluminis.com\/de\/wp-json\/wp\/v2\/media?parent=2712"}],"wp:term":[{"taxonomy":"product_brand","embeddable":true,"href":"https:\/\/bioluminis.com\/de\/wp-json\/wp\/v2\/product_brand?post=2712"},{"taxonomy":"product_cat","embeddable":true,"href":"https:\/\/bioluminis.com\/de\/wp-json\/wp\/v2\/product_cat?post=2712"},{"taxonomy":"product_tag","embeddable":true,"href":"https:\/\/bioluminis.com\/de\/wp-json\/wp\/v2\/product_tag?post=2712"}],"curies":[{"name":"wp","href":"https:\/\/api.w.org\/{rel}","templated":true}]}}