{"id":1688,"date":"2019-10-01T15:08:29","date_gmt":"2019-10-01T13:08:29","guid":{"rendered":"https:\/\/bioluminis.com\/?post_type=product&#038;p=1688"},"modified":"2022-11-04T20:09:08","modified_gmt":"2022-11-04T19:09:08","slug":"bioluminis-comfort-light-body-filter","status":"publish","type":"product","link":"https:\/\/bioluminis.com\/de\/producto\/bioluminis-comfort-light-body-filter\/","title":{"rendered":"Bioluminis\u00ae Comfort Light Body Filter x 5"},"content":{"rendered":"<p><strong>Light body Filter Komfort collection.<\/strong><\/p>\n<p><strong>Es enth\u00e4lt<\/strong>:<\/p>\n<p>5 x Bioluminis Light Body Komfort filter<br \/>\n1 x Merkblatt mit Anwendungshinweisen<br \/>\n1 x Stuche f\u00fcr Filter 10 St\u00fcck<br \/>\n1 x Klebering 125 St\u00fcck<\/p>\n<p><strong>Vorteile und Anwendung<\/strong><\/p>\n<p><span style=\"color: #ff0000;\"><a style=\"color: #ff0000;\" href=\"https:\/\/bioluminis.com\/wp-content\/uploads\/2022\/11\/DE-light-body.pdf\" target=\"_blank\" rel=\"noopener\">Siehe Brosch\u00fcre<\/a><\/span><\/p>\n<p>Um das angesammelte Fettvolumen in Bauch, Oberschenkeln, Ges\u00e4\u00df und Unterarmen zu reduzieren.<\/p>\n<p><span style=\"font-size: 12px;\">Erg\u00e4nzend bei Behandlungen zur Reduzierung von angesammeltem Fett in jedem Teil des K\u00f6rpers.<\/span><\/p>\n","protected":false},"excerpt":{"rendered":"<p>Light body Filter Komfort collection. Es enth\u00e4lt: 5 x Bioluminis Light Body Komfort filter 1 x Merkblatt mit Anwendungshinweisen 1 x Stuche f\u00fcr Filter 10 St\u00fcck 1 x Klebering 125 St\u00fcck Vorteile und Anwendung Siehe Brosch\u00fcre Um das angesammelte Fettvolumen in Bauch, Oberschenkeln, Ges\u00e4\u00df und Unterarmen zu reduzieren. Erg\u00e4nzend bei Behandlungen zur Reduzierung von angesammeltem [&hellip;]<\/p>\n","protected":false},"featured_media":8556,"comment_status":"open","ping_status":"closed","template":"","meta":[],"product_brand":[],"product_cat":[180,417],"product_tag":[579],"class_list":{"0":"post-1688","1":"product","2":"type-product","3":"status-publish","4":"has-post-thumbnail","6":"product_cat-bioluminis-comfort-filter","7":"product_cat-sammlungen","8":"product_tag-biophotontherapie","9":"post","11":"first","12":"instock","13":"taxable","14":"shipping-taxable","15":"purchasable","16":"product-type-simple"},"yoast_head":"<!-- This site is optimized with the Yoast SEO plugin v27.2 - https:\/\/yoast.com\/product\/yoast-seo-wordpress\/ -->\n<title>Bioluminis\u00ae Comfort Light Body Filter x 5 - Bioluminis\u00ae<\/title>\n<meta name=\"description\" content=\"Filtro Confort Light Body. Para reducir el volumen de la grasa acumulada en el abdomen, los muslos, gl\u00fateos, antebrazos...\" \/>\n<meta name=\"robots\" content=\"index, follow, max-snippet:-1, max-image-preview:large, max-video-preview:-1\" \/>\n<link rel=\"canonical\" href=\"https:\/\/bioluminis.com\/de\/producto\/bioluminis-comfort-light-body-filter\/\" \/>\n<meta property=\"og:locale\" content=\"de_DE\" \/>\n<meta property=\"og:type\" content=\"article\" \/>\n<meta property=\"og:title\" content=\"Bioluminis\u00ae Comfort Light Body Filter x 5 - Bioluminis\u00ae\" \/>\n<meta property=\"og:description\" content=\"Filtro Confort Light Body. Para reducir el volumen de la grasa acumulada en el abdomen, los muslos, gl\u00fateos, antebrazos...\" \/>\n<meta property=\"og:url\" content=\"https:\/\/bioluminis.com\/de\/producto\/bioluminis-comfort-light-body-filter\/\" \/>\n<meta property=\"og:site_name\" content=\"Bioluminis\u00ae\" \/>\n<meta property=\"article:publisher\" content=\"https:\/\/www.facebook.com\/BioluminisBiophotontherapy\" \/>\n<meta property=\"article:modified_time\" content=\"2022-11-04T19:09:08+00:00\" \/>\n<meta property=\"og:image\" content=\"https:\/\/bioluminis.com\/wp-content\/uploads\/2022\/09\/14-reduccion-grasas-corporal-Light-Body.png\" \/>\n\t<meta property=\"og:image:width\" content=\"600\" \/>\n\t<meta property=\"og:image:height\" content=\"601\" \/>\n\t<meta property=\"og:image:type\" content=\"image\/png\" \/>\n<meta name=\"twitter:card\" content=\"summary_large_image\" \/>\n<meta name=\"twitter:label1\" content=\"Gesch\u00e4tzte Lesezeit\" \/>\n\t<meta name=\"twitter:data1\" content=\"1\u00a0Minute\" \/>\n<script type=\"application\/ld+json\" class=\"yoast-schema-graph\">{\"@context\":\"https:\/\/schema.org\",\"@graph\":[{\"@type\":\"WebPage\",\"@id\":\"https:\/\/bioluminis.com\/de\/producto\/bioluminis-comfort-light-body-filter\/\",\"url\":\"https:\/\/bioluminis.com\/de\/producto\/bioluminis-comfort-light-body-filter\/\",\"name\":\"Bioluminis\u00ae Comfort Light Body Filter x 5 - Bioluminis\u00ae\",\"isPartOf\":{\"@id\":\"https:\/\/bioluminis.com\/de\/#website\"},\"primaryImageOfPage\":{\"@id\":\"https:\/\/bioluminis.com\/de\/producto\/bioluminis-comfort-light-body-filter\/#primaryimage\"},\"image\":{\"@id\":\"https:\/\/bioluminis.com\/de\/producto\/bioluminis-comfort-light-body-filter\/#primaryimage\"},\"thumbnailUrl\":\"https:\/\/bioluminis.com\/wp-content\/uploads\/2022\/09\/14-reduccion-grasas-corporal-Light-Body.png\",\"datePublished\":\"2019-10-01T13:08:29+00:00\",\"dateModified\":\"2022-11-04T19:09:08+00:00\",\"description\":\"Filtro Confort Light Body. Para reducir el volumen de la grasa acumulada en el abdomen, los muslos, gl\u00fateos, antebrazos...\",\"breadcrumb\":{\"@id\":\"https:\/\/bioluminis.com\/de\/producto\/bioluminis-comfort-light-body-filter\/#breadcrumb\"},\"inLanguage\":\"de\",\"potentialAction\":[{\"@type\":\"ReadAction\",\"target\":[\"https:\/\/bioluminis.com\/de\/producto\/bioluminis-comfort-light-body-filter\/\"]}]},{\"@type\":\"ImageObject\",\"inLanguage\":\"de\",\"@id\":\"https:\/\/bioluminis.com\/de\/producto\/bioluminis-comfort-light-body-filter\/#primaryimage\",\"url\":\"https:\/\/bioluminis.com\/wp-content\/uploads\/2022\/09\/14-reduccion-grasas-corporal-Light-Body.png\",\"contentUrl\":\"https:\/\/bioluminis.com\/wp-content\/uploads\/2022\/09\/14-reduccion-grasas-corporal-Light-Body.png\",\"width\":600,\"height\":601},{\"@type\":\"BreadcrumbList\",\"@id\":\"https:\/\/bioluminis.com\/de\/producto\/bioluminis-comfort-light-body-filter\/#breadcrumb\",\"itemListElement\":[{\"@type\":\"ListItem\",\"position\":1,\"name\":\"Portada\",\"item\":\"https:\/\/bioluminis.com\/de\/home\/\"},{\"@type\":\"ListItem\",\"position\":2,\"name\":\"ONLINE KAUFEN\",\"item\":\"https:\/\/bioluminis.com\/de\/shop\/\"},{\"@type\":\"ListItem\",\"position\":3,\"name\":\"Bioluminis\u00ae Comfort Light Body Filter x 5\"}]},{\"@type\":\"WebSite\",\"@id\":\"https:\/\/bioluminis.com\/de\/#website\",\"url\":\"https:\/\/bioluminis.com\/de\/\",\"name\":\"Bioluminis\u00ae\",\"description\":\"Biofotonterapia m\u00e9todo Bioluminis\",\"publisher\":{\"@id\":\"https:\/\/bioluminis.com\/de\/#organization\"},\"potentialAction\":[{\"@type\":\"SearchAction\",\"target\":{\"@type\":\"EntryPoint\",\"urlTemplate\":\"https:\/\/bioluminis.com\/de\/?s={search_term_string}\"},\"query-input\":{\"@type\":\"PropertyValueSpecification\",\"valueRequired\":true,\"valueName\":\"search_term_string\"}}],\"inLanguage\":\"de\"},{\"@type\":\"Organization\",\"@id\":\"https:\/\/bioluminis.com\/de\/#organization\",\"name\":\"Bioluminis\u00ae\",\"url\":\"https:\/\/bioluminis.com\/de\/\",\"logo\":{\"@type\":\"ImageObject\",\"inLanguage\":\"de\",\"@id\":\"https:\/\/bioluminis.com\/de\/#\/schema\/logo\/image\/\",\"url\":\"https:\/\/bioluminis.com\/wp-content\/uploads\/2022\/06\/logo-bioluminis-web.png\",\"contentUrl\":\"https:\/\/bioluminis.com\/wp-content\/uploads\/2022\/06\/logo-bioluminis-web.png\",\"width\":400,\"height\":84,\"caption\":\"Bioluminis\u00ae\"},\"image\":{\"@id\":\"https:\/\/bioluminis.com\/de\/#\/schema\/logo\/image\/\"},\"sameAs\":[\"https:\/\/www.facebook.com\/BioluminisBiophotontherapy\",\"https:\/\/www.instagram.com\/bioluminis_biofotonterapia\/\"]}]}<\/script>\n<!-- \/ Yoast SEO plugin. -->","yoast_head_json":{"title":"Bioluminis\u00ae Comfort Light Body Filter x 5 - Bioluminis\u00ae","description":"Filtro Confort Light Body. Para reducir el volumen de la grasa acumulada en el abdomen, los muslos, gl\u00fateos, antebrazos...","robots":{"index":"index","follow":"follow","max-snippet":"max-snippet:-1","max-image-preview":"max-image-preview:large","max-video-preview":"max-video-preview:-1"},"canonical":"https:\/\/bioluminis.com\/de\/producto\/bioluminis-comfort-light-body-filter\/","og_locale":"de_DE","og_type":"article","og_title":"Bioluminis\u00ae Comfort Light Body Filter x 5 - Bioluminis\u00ae","og_description":"Filtro Confort Light Body. Para reducir el volumen de la grasa acumulada en el abdomen, los muslos, gl\u00fateos, antebrazos...","og_url":"https:\/\/bioluminis.com\/de\/producto\/bioluminis-comfort-light-body-filter\/","og_site_name":"Bioluminis\u00ae","article_publisher":"https:\/\/www.facebook.com\/BioluminisBiophotontherapy","article_modified_time":"2022-11-04T19:09:08+00:00","og_image":[{"width":600,"height":601,"url":"https:\/\/bioluminis.com\/wp-content\/uploads\/2022\/09\/14-reduccion-grasas-corporal-Light-Body.png","type":"image\/png"}],"twitter_card":"summary_large_image","twitter_misc":{"Gesch\u00e4tzte Lesezeit":"1\u00a0Minute"},"schema":{"@context":"https:\/\/schema.org","@graph":[{"@type":"WebPage","@id":"https:\/\/bioluminis.com\/de\/producto\/bioluminis-comfort-light-body-filter\/","url":"https:\/\/bioluminis.com\/de\/producto\/bioluminis-comfort-light-body-filter\/","name":"Bioluminis\u00ae Comfort Light Body Filter x 5 - Bioluminis\u00ae","isPartOf":{"@id":"https:\/\/bioluminis.com\/de\/#website"},"primaryImageOfPage":{"@id":"https:\/\/bioluminis.com\/de\/producto\/bioluminis-comfort-light-body-filter\/#primaryimage"},"image":{"@id":"https:\/\/bioluminis.com\/de\/producto\/bioluminis-comfort-light-body-filter\/#primaryimage"},"thumbnailUrl":"https:\/\/bioluminis.com\/wp-content\/uploads\/2022\/09\/14-reduccion-grasas-corporal-Light-Body.png","datePublished":"2019-10-01T13:08:29+00:00","dateModified":"2022-11-04T19:09:08+00:00","description":"Filtro Confort Light Body. Para reducir el volumen de la grasa acumulada en el abdomen, los muslos, gl\u00fateos, antebrazos...","breadcrumb":{"@id":"https:\/\/bioluminis.com\/de\/producto\/bioluminis-comfort-light-body-filter\/#breadcrumb"},"inLanguage":"de","potentialAction":[{"@type":"ReadAction","target":["https:\/\/bioluminis.com\/de\/producto\/bioluminis-comfort-light-body-filter\/"]}]},{"@type":"ImageObject","inLanguage":"de","@id":"https:\/\/bioluminis.com\/de\/producto\/bioluminis-comfort-light-body-filter\/#primaryimage","url":"https:\/\/bioluminis.com\/wp-content\/uploads\/2022\/09\/14-reduccion-grasas-corporal-Light-Body.png","contentUrl":"https:\/\/bioluminis.com\/wp-content\/uploads\/2022\/09\/14-reduccion-grasas-corporal-Light-Body.png","width":600,"height":601},{"@type":"BreadcrumbList","@id":"https:\/\/bioluminis.com\/de\/producto\/bioluminis-comfort-light-body-filter\/#breadcrumb","itemListElement":[{"@type":"ListItem","position":1,"name":"Portada","item":"https:\/\/bioluminis.com\/de\/home\/"},{"@type":"ListItem","position":2,"name":"ONLINE KAUFEN","item":"https:\/\/bioluminis.com\/de\/shop\/"},{"@type":"ListItem","position":3,"name":"Bioluminis\u00ae Comfort Light Body Filter x 5"}]},{"@type":"WebSite","@id":"https:\/\/bioluminis.com\/de\/#website","url":"https:\/\/bioluminis.com\/de\/","name":"Bioluminis\u00ae","description":"Biofotonterapia m\u00e9todo Bioluminis","publisher":{"@id":"https:\/\/bioluminis.com\/de\/#organization"},"potentialAction":[{"@type":"SearchAction","target":{"@type":"EntryPoint","urlTemplate":"https:\/\/bioluminis.com\/de\/?s={search_term_string}"},"query-input":{"@type":"PropertyValueSpecification","valueRequired":true,"valueName":"search_term_string"}}],"inLanguage":"de"},{"@type":"Organization","@id":"https:\/\/bioluminis.com\/de\/#organization","name":"Bioluminis\u00ae","url":"https:\/\/bioluminis.com\/de\/","logo":{"@type":"ImageObject","inLanguage":"de","@id":"https:\/\/bioluminis.com\/de\/#\/schema\/logo\/image\/","url":"https:\/\/bioluminis.com\/wp-content\/uploads\/2022\/06\/logo-bioluminis-web.png","contentUrl":"https:\/\/bioluminis.com\/wp-content\/uploads\/2022\/06\/logo-bioluminis-web.png","width":400,"height":84,"caption":"Bioluminis\u00ae"},"image":{"@id":"https:\/\/bioluminis.com\/de\/#\/schema\/logo\/image\/"},"sameAs":["https:\/\/www.facebook.com\/BioluminisBiophotontherapy","https:\/\/www.instagram.com\/bioluminis_biofotonterapia\/"]}]}},"_links":{"self":[{"href":"https:\/\/bioluminis.com\/de\/wp-json\/wp\/v2\/product\/1688","targetHints":{"allow":["GET"]}}],"collection":[{"href":"https:\/\/bioluminis.com\/de\/wp-json\/wp\/v2\/product"}],"about":[{"href":"https:\/\/bioluminis.com\/de\/wp-json\/wp\/v2\/types\/product"}],"replies":[{"embeddable":true,"href":"https:\/\/bioluminis.com\/de\/wp-json\/wp\/v2\/comments?post=1688"}],"wp:featuredmedia":[{"embeddable":true,"href":"https:\/\/bioluminis.com\/de\/wp-json\/wp\/v2\/media\/8556"}],"wp:attachment":[{"href":"https:\/\/bioluminis.com\/de\/wp-json\/wp\/v2\/media?parent=1688"}],"wp:term":[{"taxonomy":"product_brand","embeddable":true,"href":"https:\/\/bioluminis.com\/de\/wp-json\/wp\/v2\/product_brand?post=1688"},{"taxonomy":"product_cat","embeddable":true,"href":"https:\/\/bioluminis.com\/de\/wp-json\/wp\/v2\/product_cat?post=1688"},{"taxonomy":"product_tag","embeddable":true,"href":"https:\/\/bioluminis.com\/de\/wp-json\/wp\/v2\/product_tag?post=1688"}],"curies":[{"name":"wp","href":"https:\/\/api.w.org\/{rel}","templated":true}]}}