{"id":1340,"date":"2019-05-22T11:04:05","date_gmt":"2019-05-22T09:04:05","guid":{"rendered":"https:\/\/bioluminis.com\/de\/?post_type=product&#038;p=1340"},"modified":"2026-01-23T16:48:36","modified_gmt":"2026-01-23T15:48:36","slug":"bioluminis-filter-med-904b","status":"publish","type":"product","link":"https:\/\/bioluminis.com\/de\/producto\/bioluminis-filter-med-904b\/","title":{"rendered":"Bioluminis-Filter Med 904B"},"content":{"rendered":"<p>Wenn weibliches Wohlbefinden aus einem progressiven und nicht-direktionalen Ansatz begleitet werden soll, erm\u00f6glicht eine sanfte Regulation die respektvolle Wahrung der nat\u00fcrlichen Rhythmen des K\u00f6rpers.<\/p>\n<p>Der Bioluminis MED 904B Filter wurde entwickelt, um die bioenergetische Regulation des weiblichen Genitalsystems \u00fcber eine intermittierende \u00dcbertragung von Information auf Basis von Biophotonen zu begleiten. Die Anwendung \u00fcber den Puls mit dem Biorezeptor unterst\u00fctzt eine rhythmische und stabile Interaktion.<\/p>\n<p>Innerhalb des Bioluminis Systems zeichnet sich dieser Filter durch seinen progressiven Charakter und seine Eignung f\u00fcr sensible oder l\u00e4nger andauernde Prozesse bewusster intimer Selbstf\u00fcrsorge aus.<\/p>\n<p><strong>BESONDERS GEEIGNET WENN:<\/strong><\/p>\n<ul>\n<li>Progressive weibliche Selbstf\u00fcrsorge im Vordergrund steht<\/li>\n<li>Eine sanfte, nicht-direktionale Regulation bevorzugt wird<\/li>\n<li>L\u00e4nger andauernde Prozesse begleitet werden sollen<\/li>\n<li>Direktionale Filter erg\u00e4nzt werden sollen<\/li>\n<li>K\u00f6rperliches und emotionales Wohlbefinden integriert wird<\/li>\n<\/ul>\n<p><strong>VORTEILE<\/strong><\/p>\n<ul>\n<li>Begleitet die bioenergetische weibliche Regulation<\/li>\n<li>F\u00f6rdert eine progressive Harmonisierung<\/li>\n<li>Respektiert die nat\u00fcrlichen Rhythmen des Organismus<\/li>\n<li>Unterst\u00fctzt ein Gef\u00fchl von Stabilit\u00e4t und Wohlbefinden<\/li>\n<li>Erm\u00f6glicht eine respektvolle intime Verbindung<\/li>\n<\/ul>\n<p><strong>ANWENDUNG FUER NICHT-PROFIS<\/strong><\/p>\n<p>Der Bioluminis MED 904B Filter kann von nicht-professionellen Anwendern als Unterst\u00fctzung f\u00fcr Wohlbefinden und bewusste Selbstf\u00fcrsorge genutzt werden. Die Anwendung erfolgt \u00fcber den Puls mit dem Biorezeptor. Die Konsultation des Bioluminis Atlas wird empfohlen.<\/p>\n<p><strong>RECHTLICHER HINWEIS<\/strong><\/p>\n<p>Dieses Produkt ist kein Medizinprodukt und ersetzt keine professionelle medizinische Betreuung. Es diagnostiziert, behandelt oder heilt keine Krankheiten. Seine Anwendung begleitet nat\u00fcrliche Prozesse von Gleichgewicht, Regulation und Wohlbefinden durch lichtbasierte Information auf Basis von Biophotonen.<\/p>\n","protected":false},"excerpt":{"rendered":"<p><span style=\"font-size: 14pt;\"><strong>Weibliches Genitalsystem<\/strong><\/span><\/p>\n","protected":false},"featured_media":8247,"comment_status":"open","ping_status":"closed","template":"","meta":[],"product_brand":[],"product_cat":[489,184],"product_tag":[],"class_list":{"0":"post-1340","1":"product","2":"type-product","3":"status-publish","4":"has-post-thumbnail","6":"product_cat-angebote","7":"product_cat-bioluminis-med-filter","8":"post","10":"first","11":"instock","12":"taxable","13":"shipping-taxable","14":"purchasable","15":"product-type-simple"},"yoast_head":"<!-- This site is optimized with the Yoast SEO plugin v27.4 - https:\/\/yoast.com\/product\/yoast-seo-wordpress\/ -->\n<title>Bioluminis-Filter Med 904B - Bioluminis\u00ae<\/title>\n<meta name=\"robots\" content=\"index, follow, max-snippet:-1, max-image-preview:large, max-video-preview:-1\" \/>\n<link rel=\"canonical\" href=\"https:\/\/bioluminis.com\/de\/producto\/bioluminis-filter-med-904b\/\" \/>\n<meta property=\"og:locale\" content=\"de_DE\" \/>\n<meta property=\"og:type\" content=\"article\" \/>\n<meta property=\"og:title\" content=\"Bioluminis-Filter Med 904B - Bioluminis\u00ae\" \/>\n<meta property=\"og:description\" content=\"Weibliches Genitalsystem\" \/>\n<meta property=\"og:url\" content=\"https:\/\/bioluminis.com\/de\/producto\/bioluminis-filter-med-904b\/\" \/>\n<meta property=\"og:site_name\" content=\"Bioluminis\u00ae\" \/>\n<meta property=\"article:publisher\" content=\"https:\/\/www.facebook.com\/BioluminisBiophotontherapy\" \/>\n<meta property=\"article:modified_time\" content=\"2026-01-23T15:48:36+00:00\" \/>\n<meta property=\"og:image\" content=\"https:\/\/bioluminis.com\/wp-content\/uploads\/2022\/09\/med-904B.png\" \/>\n\t<meta property=\"og:image:width\" content=\"1181\" \/>\n\t<meta property=\"og:image:height\" content=\"1181\" \/>\n\t<meta property=\"og:image:type\" content=\"image\/png\" \/>\n<meta name=\"twitter:card\" content=\"summary_large_image\" \/>\n<meta name=\"twitter:label1\" content=\"Gesch\u00e4tzte Lesezeit\" \/>\n\t<meta name=\"twitter:data1\" content=\"1\u00a0Minute\" \/>\n<script type=\"application\/ld+json\" class=\"yoast-schema-graph\">{\"@context\":\"https:\\\/\\\/schema.org\",\"@graph\":[{\"@type\":\"WebPage\",\"@id\":\"https:\\\/\\\/bioluminis.com\\\/de\\\/producto\\\/bioluminis-filter-med-904b\\\/\",\"url\":\"https:\\\/\\\/bioluminis.com\\\/de\\\/producto\\\/bioluminis-filter-med-904b\\\/\",\"name\":\"Bioluminis-Filter Med 904B - Bioluminis\u00ae\",\"isPartOf\":{\"@id\":\"https:\\\/\\\/bioluminis.com\\\/de\\\/#website\"},\"primaryImageOfPage\":{\"@id\":\"https:\\\/\\\/bioluminis.com\\\/de\\\/producto\\\/bioluminis-filter-med-904b\\\/#primaryimage\"},\"image\":{\"@id\":\"https:\\\/\\\/bioluminis.com\\\/de\\\/producto\\\/bioluminis-filter-med-904b\\\/#primaryimage\"},\"thumbnailUrl\":\"https:\\\/\\\/bioluminis.com\\\/wp-content\\\/uploads\\\/2022\\\/09\\\/med-904B.png\",\"datePublished\":\"2019-05-22T09:04:05+00:00\",\"dateModified\":\"2026-01-23T15:48:36+00:00\",\"breadcrumb\":{\"@id\":\"https:\\\/\\\/bioluminis.com\\\/de\\\/producto\\\/bioluminis-filter-med-904b\\\/#breadcrumb\"},\"inLanguage\":\"de\",\"potentialAction\":[{\"@type\":\"ReadAction\",\"target\":[\"https:\\\/\\\/bioluminis.com\\\/de\\\/producto\\\/bioluminis-filter-med-904b\\\/\"]}]},{\"@type\":\"ImageObject\",\"inLanguage\":\"de\",\"@id\":\"https:\\\/\\\/bioluminis.com\\\/de\\\/producto\\\/bioluminis-filter-med-904b\\\/#primaryimage\",\"url\":\"https:\\\/\\\/bioluminis.com\\\/wp-content\\\/uploads\\\/2022\\\/09\\\/med-904B.png\",\"contentUrl\":\"https:\\\/\\\/bioluminis.com\\\/wp-content\\\/uploads\\\/2022\\\/09\\\/med-904B.png\",\"width\":1181,\"height\":1181},{\"@type\":\"BreadcrumbList\",\"@id\":\"https:\\\/\\\/bioluminis.com\\\/de\\\/producto\\\/bioluminis-filter-med-904b\\\/#breadcrumb\",\"itemListElement\":[{\"@type\":\"ListItem\",\"position\":1,\"name\":\"Portada\",\"item\":\"https:\\\/\\\/bioluminis.com\\\/de\\\/home\\\/\"},{\"@type\":\"ListItem\",\"position\":2,\"name\":\"ONLINE KAUFEN\",\"item\":\"https:\\\/\\\/bioluminis.com\\\/de\\\/shop\\\/\"},{\"@type\":\"ListItem\",\"position\":3,\"name\":\"Bioluminis-Filter Med 904B\"}]},{\"@type\":\"WebSite\",\"@id\":\"https:\\\/\\\/bioluminis.com\\\/de\\\/#website\",\"url\":\"https:\\\/\\\/bioluminis.com\\\/de\\\/\",\"name\":\"Bioluminis\u00ae\",\"description\":\"Biofotonterapia m\u00e9todo Bioluminis\",\"publisher\":{\"@id\":\"https:\\\/\\\/bioluminis.com\\\/de\\\/#organization\"},\"potentialAction\":[{\"@type\":\"SearchAction\",\"target\":{\"@type\":\"EntryPoint\",\"urlTemplate\":\"https:\\\/\\\/bioluminis.com\\\/de\\\/?s={search_term_string}\"},\"query-input\":{\"@type\":\"PropertyValueSpecification\",\"valueRequired\":true,\"valueName\":\"search_term_string\"}}],\"inLanguage\":\"de\"},{\"@type\":\"Organization\",\"@id\":\"https:\\\/\\\/bioluminis.com\\\/de\\\/#organization\",\"name\":\"Bioluminis\u00ae\",\"url\":\"https:\\\/\\\/bioluminis.com\\\/de\\\/\",\"logo\":{\"@type\":\"ImageObject\",\"inLanguage\":\"de\",\"@id\":\"https:\\\/\\\/bioluminis.com\\\/de\\\/#\\\/schema\\\/logo\\\/image\\\/\",\"url\":\"https:\\\/\\\/bioluminis.com\\\/wp-content\\\/uploads\\\/2022\\\/06\\\/logo-bioluminis-web.png\",\"contentUrl\":\"https:\\\/\\\/bioluminis.com\\\/wp-content\\\/uploads\\\/2022\\\/06\\\/logo-bioluminis-web.png\",\"width\":400,\"height\":84,\"caption\":\"Bioluminis\u00ae\"},\"image\":{\"@id\":\"https:\\\/\\\/bioluminis.com\\\/de\\\/#\\\/schema\\\/logo\\\/image\\\/\"},\"sameAs\":[\"https:\\\/\\\/www.facebook.com\\\/BioluminisBiophotontherapy\",\"https:\\\/\\\/www.instagram.com\\\/bioluminis_biofotonterapia\\\/\"]}]}<\/script>\n<!-- \/ Yoast SEO plugin. -->","yoast_head_json":{"title":"Bioluminis-Filter Med 904B - Bioluminis\u00ae","robots":{"index":"index","follow":"follow","max-snippet":"max-snippet:-1","max-image-preview":"max-image-preview:large","max-video-preview":"max-video-preview:-1"},"canonical":"https:\/\/bioluminis.com\/de\/producto\/bioluminis-filter-med-904b\/","og_locale":"de_DE","og_type":"article","og_title":"Bioluminis-Filter Med 904B - Bioluminis\u00ae","og_description":"Weibliches Genitalsystem","og_url":"https:\/\/bioluminis.com\/de\/producto\/bioluminis-filter-med-904b\/","og_site_name":"Bioluminis\u00ae","article_publisher":"https:\/\/www.facebook.com\/BioluminisBiophotontherapy","article_modified_time":"2026-01-23T15:48:36+00:00","og_image":[{"width":1181,"height":1181,"url":"https:\/\/bioluminis.com\/wp-content\/uploads\/2022\/09\/med-904B.png","type":"image\/png"}],"twitter_card":"summary_large_image","twitter_misc":{"Gesch\u00e4tzte Lesezeit":"1\u00a0Minute"},"schema":{"@context":"https:\/\/schema.org","@graph":[{"@type":"WebPage","@id":"https:\/\/bioluminis.com\/de\/producto\/bioluminis-filter-med-904b\/","url":"https:\/\/bioluminis.com\/de\/producto\/bioluminis-filter-med-904b\/","name":"Bioluminis-Filter Med 904B - Bioluminis\u00ae","isPartOf":{"@id":"https:\/\/bioluminis.com\/de\/#website"},"primaryImageOfPage":{"@id":"https:\/\/bioluminis.com\/de\/producto\/bioluminis-filter-med-904b\/#primaryimage"},"image":{"@id":"https:\/\/bioluminis.com\/de\/producto\/bioluminis-filter-med-904b\/#primaryimage"},"thumbnailUrl":"https:\/\/bioluminis.com\/wp-content\/uploads\/2022\/09\/med-904B.png","datePublished":"2019-05-22T09:04:05+00:00","dateModified":"2026-01-23T15:48:36+00:00","breadcrumb":{"@id":"https:\/\/bioluminis.com\/de\/producto\/bioluminis-filter-med-904b\/#breadcrumb"},"inLanguage":"de","potentialAction":[{"@type":"ReadAction","target":["https:\/\/bioluminis.com\/de\/producto\/bioluminis-filter-med-904b\/"]}]},{"@type":"ImageObject","inLanguage":"de","@id":"https:\/\/bioluminis.com\/de\/producto\/bioluminis-filter-med-904b\/#primaryimage","url":"https:\/\/bioluminis.com\/wp-content\/uploads\/2022\/09\/med-904B.png","contentUrl":"https:\/\/bioluminis.com\/wp-content\/uploads\/2022\/09\/med-904B.png","width":1181,"height":1181},{"@type":"BreadcrumbList","@id":"https:\/\/bioluminis.com\/de\/producto\/bioluminis-filter-med-904b\/#breadcrumb","itemListElement":[{"@type":"ListItem","position":1,"name":"Portada","item":"https:\/\/bioluminis.com\/de\/home\/"},{"@type":"ListItem","position":2,"name":"ONLINE KAUFEN","item":"https:\/\/bioluminis.com\/de\/shop\/"},{"@type":"ListItem","position":3,"name":"Bioluminis-Filter Med 904B"}]},{"@type":"WebSite","@id":"https:\/\/bioluminis.com\/de\/#website","url":"https:\/\/bioluminis.com\/de\/","name":"Bioluminis\u00ae","description":"Biofotonterapia m\u00e9todo Bioluminis","publisher":{"@id":"https:\/\/bioluminis.com\/de\/#organization"},"potentialAction":[{"@type":"SearchAction","target":{"@type":"EntryPoint","urlTemplate":"https:\/\/bioluminis.com\/de\/?s={search_term_string}"},"query-input":{"@type":"PropertyValueSpecification","valueRequired":true,"valueName":"search_term_string"}}],"inLanguage":"de"},{"@type":"Organization","@id":"https:\/\/bioluminis.com\/de\/#organization","name":"Bioluminis\u00ae","url":"https:\/\/bioluminis.com\/de\/","logo":{"@type":"ImageObject","inLanguage":"de","@id":"https:\/\/bioluminis.com\/de\/#\/schema\/logo\/image\/","url":"https:\/\/bioluminis.com\/wp-content\/uploads\/2022\/06\/logo-bioluminis-web.png","contentUrl":"https:\/\/bioluminis.com\/wp-content\/uploads\/2022\/06\/logo-bioluminis-web.png","width":400,"height":84,"caption":"Bioluminis\u00ae"},"image":{"@id":"https:\/\/bioluminis.com\/de\/#\/schema\/logo\/image\/"},"sameAs":["https:\/\/www.facebook.com\/BioluminisBiophotontherapy","https:\/\/www.instagram.com\/bioluminis_biofotonterapia\/"]}]}},"_links":{"self":[{"href":"https:\/\/bioluminis.com\/de\/wp-json\/wp\/v2\/product\/1340","targetHints":{"allow":["GET"]}}],"collection":[{"href":"https:\/\/bioluminis.com\/de\/wp-json\/wp\/v2\/product"}],"about":[{"href":"https:\/\/bioluminis.com\/de\/wp-json\/wp\/v2\/types\/product"}],"replies":[{"embeddable":true,"href":"https:\/\/bioluminis.com\/de\/wp-json\/wp\/v2\/comments?post=1340"}],"wp:featuredmedia":[{"embeddable":true,"href":"https:\/\/bioluminis.com\/de\/wp-json\/wp\/v2\/media\/8247"}],"wp:attachment":[{"href":"https:\/\/bioluminis.com\/de\/wp-json\/wp\/v2\/media?parent=1340"}],"wp:term":[{"taxonomy":"product_brand","embeddable":true,"href":"https:\/\/bioluminis.com\/de\/wp-json\/wp\/v2\/product_brand?post=1340"},{"taxonomy":"product_cat","embeddable":true,"href":"https:\/\/bioluminis.com\/de\/wp-json\/wp\/v2\/product_cat?post=1340"},{"taxonomy":"product_tag","embeddable":true,"href":"https:\/\/bioluminis.com\/de\/wp-json\/wp\/v2\/product_tag?post=1340"}],"curies":[{"name":"wp","href":"https:\/\/api.w.org\/{rel}","templated":true}]}}