{"id":1326,"date":"2019-05-22T10:41:05","date_gmt":"2019-05-22T10:41:05","guid":{"rendered":"https:\/\/bioluminis.com\/de\/?post_type=product&#038;p=1326"},"modified":"2026-01-22T21:54:00","modified_gmt":"2026-01-22T20:54:00","slug":"bioluminis-filter-med-400b","status":"publish","type":"product","link":"https:\/\/bioluminis.com\/de\/producto\/bioluminis-filter-med-400b\/","title":{"rendered":"Bioluminis-Filter Med 400B"},"content":{"rendered":"<p>Wenn Tiefe mit Sanftheit kombiniert werden soll, erm\u00f6glicht eine progressive und nicht-direktionale Regulation eine respektvolle und stabile Begleitung innerer Prozesse.<\/p>\n<p>Der Bioluminis MED 400B Filter wurde entwickelt, um die tiefe bioenergetische Regulation des zellul\u00e4ren Umfelds \u00fcber eine intermittierende \u00dcbertragung von Information auf Basis von Biophotonen zu begleiten und eine schrittweise Reorganisation ohne direktionale Intervention zu unterst\u00fctzen.<\/p>\n<p>Innerhalb des Bioluminis Systems wird dieser Filter als Erg\u00e4nzung zu direktionalen Filtern oder als Unterst\u00fctzung in tiefen, l\u00e4nger andauernden Prozessen eingesetzt.<\/p>\n<p><strong>BESONDERS GEEIGNET WENN:<\/strong><\/p>\n<ul>\n<li>Eine progressive tiefe Regulation gesucht wird<\/li>\n<li>Eine nicht-direktionale Wirkung bevorzugt wird<\/li>\n<li>L\u00e4nger andauernde Prozesse begleitet werden sollen<\/li>\n<li>Fortgeschrittene Filter erg\u00e4nzt werden sollen<\/li>\n<\/ul>\n<p><strong>VORTEILE<\/strong><\/p>\n<ul>\n<li>Begleitet die tiefe bioenergetische Regulation<\/li>\n<li>F\u00f6rdert eine progressive Reorganisation<\/li>\n<li>Respektiert die nat\u00fcrlichen Rhythmen des Organismus<\/li>\n<li>Unterst\u00fctzt ein Gef\u00fchl von Stabilit\u00e4t und Wohlbefinden<\/li>\n<li>Erleichtert die energetische Integration<\/li>\n<\/ul>\n<p><strong>ANWENDUNG FUER NICHT-PROFIS<\/strong><\/p>\n<p>Der Bioluminis MED 400B Filter kann von nicht-professionellen Anwendern als Unterst\u00fctzung f\u00fcr Wohlbefinden und bewusste Selbstf\u00fcrsorge genutzt werden. Die Anwendung erfolgt \u00fcber den Puls mit dem Biorezeptor. Die Konsultation des Bioluminis Atlas wird empfohlen.<\/p>\n<p><strong>RECHTLICHER HINWEIS<\/strong><\/p>\n<p>Dieses Produkt ist kein Medizinprodukt und ersetzt keine professionelle medizinische Betreuung. Es diagnostiziert, behandelt oder heilt keine Krankheiten. Seine Anwendung begleitet nat\u00fcrliche Prozesse von Gleichgewicht, Regulation und Wohlbefinden durch lichtbasierte Information auf Basis von Biophotonen.<\/p>\n","protected":false},"excerpt":{"rendered":"<p><span style=\"font-size: 14pt;\"><strong>Schmerzfreie intermittierende\u00a0<\/strong><\/span><\/p>\n","protected":false},"featured_media":8229,"comment_status":"open","ping_status":"closed","template":"","meta":[],"product_brand":[],"product_cat":[184],"product_tag":[],"class_list":{"0":"post-1326","1":"product","2":"type-product","3":"status-publish","4":"has-post-thumbnail","6":"product_cat-bioluminis-med-filter","7":"post","9":"first","10":"instock","11":"taxable","12":"shipping-taxable","13":"purchasable","14":"product-type-simple"},"yoast_head":"<!-- This site is optimized with the Yoast SEO plugin v27.4 - https:\/\/yoast.com\/product\/yoast-seo-wordpress\/ -->\n<title>Bioluminis-Filter Med 400B - Bioluminis\u00ae<\/title>\n<meta name=\"robots\" content=\"index, follow, max-snippet:-1, max-image-preview:large, max-video-preview:-1\" \/>\n<link rel=\"canonical\" href=\"https:\/\/bioluminis.com\/de\/producto\/bioluminis-filter-med-400b\/\" \/>\n<meta property=\"og:locale\" content=\"de_DE\" \/>\n<meta property=\"og:type\" content=\"article\" \/>\n<meta property=\"og:title\" content=\"Bioluminis-Filter Med 400B - Bioluminis\u00ae\" \/>\n<meta property=\"og:description\" content=\"Schmerzfreie intermittierende\u00a0\" \/>\n<meta property=\"og:url\" content=\"https:\/\/bioluminis.com\/de\/producto\/bioluminis-filter-med-400b\/\" \/>\n<meta property=\"og:site_name\" content=\"Bioluminis\u00ae\" \/>\n<meta property=\"article:publisher\" content=\"https:\/\/www.facebook.com\/BioluminisBiophotontherapy\" \/>\n<meta property=\"article:modified_time\" content=\"2026-01-22T20:54:00+00:00\" \/>\n<meta property=\"og:image\" content=\"https:\/\/bioluminis.com\/wp-content\/uploads\/2022\/09\/med-400B.jpg\" \/>\n\t<meta property=\"og:image:width\" content=\"1181\" \/>\n\t<meta property=\"og:image:height\" content=\"1181\" \/>\n\t<meta property=\"og:image:type\" content=\"image\/jpeg\" \/>\n<meta name=\"twitter:card\" content=\"summary_large_image\" \/>\n<meta name=\"twitter:label1\" content=\"Gesch\u00e4tzte Lesezeit\" \/>\n\t<meta name=\"twitter:data1\" content=\"1\u00a0Minute\" \/>\n<script type=\"application\/ld+json\" class=\"yoast-schema-graph\">{\"@context\":\"https:\\\/\\\/schema.org\",\"@graph\":[{\"@type\":\"WebPage\",\"@id\":\"https:\\\/\\\/bioluminis.com\\\/de\\\/producto\\\/bioluminis-filter-med-400b\\\/\",\"url\":\"https:\\\/\\\/bioluminis.com\\\/de\\\/producto\\\/bioluminis-filter-med-400b\\\/\",\"name\":\"Bioluminis-Filter Med 400B - Bioluminis\u00ae\",\"isPartOf\":{\"@id\":\"https:\\\/\\\/bioluminis.com\\\/de\\\/#website\"},\"primaryImageOfPage\":{\"@id\":\"https:\\\/\\\/bioluminis.com\\\/de\\\/producto\\\/bioluminis-filter-med-400b\\\/#primaryimage\"},\"image\":{\"@id\":\"https:\\\/\\\/bioluminis.com\\\/de\\\/producto\\\/bioluminis-filter-med-400b\\\/#primaryimage\"},\"thumbnailUrl\":\"https:\\\/\\\/bioluminis.com\\\/wp-content\\\/uploads\\\/2022\\\/09\\\/med-400B.jpg\",\"datePublished\":\"2019-05-22T10:41:05+00:00\",\"dateModified\":\"2026-01-22T20:54:00+00:00\",\"breadcrumb\":{\"@id\":\"https:\\\/\\\/bioluminis.com\\\/de\\\/producto\\\/bioluminis-filter-med-400b\\\/#breadcrumb\"},\"inLanguage\":\"de\",\"potentialAction\":[{\"@type\":\"ReadAction\",\"target\":[\"https:\\\/\\\/bioluminis.com\\\/de\\\/producto\\\/bioluminis-filter-med-400b\\\/\"]}]},{\"@type\":\"ImageObject\",\"inLanguage\":\"de\",\"@id\":\"https:\\\/\\\/bioluminis.com\\\/de\\\/producto\\\/bioluminis-filter-med-400b\\\/#primaryimage\",\"url\":\"https:\\\/\\\/bioluminis.com\\\/wp-content\\\/uploads\\\/2022\\\/09\\\/med-400B.jpg\",\"contentUrl\":\"https:\\\/\\\/bioluminis.com\\\/wp-content\\\/uploads\\\/2022\\\/09\\\/med-400B.jpg\",\"width\":1181,\"height\":1181},{\"@type\":\"BreadcrumbList\",\"@id\":\"https:\\\/\\\/bioluminis.com\\\/de\\\/producto\\\/bioluminis-filter-med-400b\\\/#breadcrumb\",\"itemListElement\":[{\"@type\":\"ListItem\",\"position\":1,\"name\":\"Portada\",\"item\":\"https:\\\/\\\/bioluminis.com\\\/de\\\/home\\\/\"},{\"@type\":\"ListItem\",\"position\":2,\"name\":\"ONLINE KAUFEN\",\"item\":\"https:\\\/\\\/bioluminis.com\\\/de\\\/shop\\\/\"},{\"@type\":\"ListItem\",\"position\":3,\"name\":\"Bioluminis-Filter Med 400B\"}]},{\"@type\":\"WebSite\",\"@id\":\"https:\\\/\\\/bioluminis.com\\\/de\\\/#website\",\"url\":\"https:\\\/\\\/bioluminis.com\\\/de\\\/\",\"name\":\"Bioluminis\u00ae\",\"description\":\"Biofotonterapia m\u00e9todo Bioluminis\",\"publisher\":{\"@id\":\"https:\\\/\\\/bioluminis.com\\\/de\\\/#organization\"},\"potentialAction\":[{\"@type\":\"SearchAction\",\"target\":{\"@type\":\"EntryPoint\",\"urlTemplate\":\"https:\\\/\\\/bioluminis.com\\\/de\\\/?s={search_term_string}\"},\"query-input\":{\"@type\":\"PropertyValueSpecification\",\"valueRequired\":true,\"valueName\":\"search_term_string\"}}],\"inLanguage\":\"de\"},{\"@type\":\"Organization\",\"@id\":\"https:\\\/\\\/bioluminis.com\\\/de\\\/#organization\",\"name\":\"Bioluminis\u00ae\",\"url\":\"https:\\\/\\\/bioluminis.com\\\/de\\\/\",\"logo\":{\"@type\":\"ImageObject\",\"inLanguage\":\"de\",\"@id\":\"https:\\\/\\\/bioluminis.com\\\/de\\\/#\\\/schema\\\/logo\\\/image\\\/\",\"url\":\"https:\\\/\\\/bioluminis.com\\\/wp-content\\\/uploads\\\/2022\\\/06\\\/logo-bioluminis-web.png\",\"contentUrl\":\"https:\\\/\\\/bioluminis.com\\\/wp-content\\\/uploads\\\/2022\\\/06\\\/logo-bioluminis-web.png\",\"width\":400,\"height\":84,\"caption\":\"Bioluminis\u00ae\"},\"image\":{\"@id\":\"https:\\\/\\\/bioluminis.com\\\/de\\\/#\\\/schema\\\/logo\\\/image\\\/\"},\"sameAs\":[\"https:\\\/\\\/www.facebook.com\\\/BioluminisBiophotontherapy\",\"https:\\\/\\\/www.instagram.com\\\/bioluminis_biofotonterapia\\\/\"]}]}<\/script>\n<!-- \/ Yoast SEO plugin. -->","yoast_head_json":{"title":"Bioluminis-Filter Med 400B - Bioluminis\u00ae","robots":{"index":"index","follow":"follow","max-snippet":"max-snippet:-1","max-image-preview":"max-image-preview:large","max-video-preview":"max-video-preview:-1"},"canonical":"https:\/\/bioluminis.com\/de\/producto\/bioluminis-filter-med-400b\/","og_locale":"de_DE","og_type":"article","og_title":"Bioluminis-Filter Med 400B - Bioluminis\u00ae","og_description":"Schmerzfreie intermittierende\u00a0","og_url":"https:\/\/bioluminis.com\/de\/producto\/bioluminis-filter-med-400b\/","og_site_name":"Bioluminis\u00ae","article_publisher":"https:\/\/www.facebook.com\/BioluminisBiophotontherapy","article_modified_time":"2026-01-22T20:54:00+00:00","og_image":[{"width":1181,"height":1181,"url":"https:\/\/bioluminis.com\/wp-content\/uploads\/2022\/09\/med-400B.jpg","type":"image\/jpeg"}],"twitter_card":"summary_large_image","twitter_misc":{"Gesch\u00e4tzte Lesezeit":"1\u00a0Minute"},"schema":{"@context":"https:\/\/schema.org","@graph":[{"@type":"WebPage","@id":"https:\/\/bioluminis.com\/de\/producto\/bioluminis-filter-med-400b\/","url":"https:\/\/bioluminis.com\/de\/producto\/bioluminis-filter-med-400b\/","name":"Bioluminis-Filter Med 400B - Bioluminis\u00ae","isPartOf":{"@id":"https:\/\/bioluminis.com\/de\/#website"},"primaryImageOfPage":{"@id":"https:\/\/bioluminis.com\/de\/producto\/bioluminis-filter-med-400b\/#primaryimage"},"image":{"@id":"https:\/\/bioluminis.com\/de\/producto\/bioluminis-filter-med-400b\/#primaryimage"},"thumbnailUrl":"https:\/\/bioluminis.com\/wp-content\/uploads\/2022\/09\/med-400B.jpg","datePublished":"2019-05-22T10:41:05+00:00","dateModified":"2026-01-22T20:54:00+00:00","breadcrumb":{"@id":"https:\/\/bioluminis.com\/de\/producto\/bioluminis-filter-med-400b\/#breadcrumb"},"inLanguage":"de","potentialAction":[{"@type":"ReadAction","target":["https:\/\/bioluminis.com\/de\/producto\/bioluminis-filter-med-400b\/"]}]},{"@type":"ImageObject","inLanguage":"de","@id":"https:\/\/bioluminis.com\/de\/producto\/bioluminis-filter-med-400b\/#primaryimage","url":"https:\/\/bioluminis.com\/wp-content\/uploads\/2022\/09\/med-400B.jpg","contentUrl":"https:\/\/bioluminis.com\/wp-content\/uploads\/2022\/09\/med-400B.jpg","width":1181,"height":1181},{"@type":"BreadcrumbList","@id":"https:\/\/bioluminis.com\/de\/producto\/bioluminis-filter-med-400b\/#breadcrumb","itemListElement":[{"@type":"ListItem","position":1,"name":"Portada","item":"https:\/\/bioluminis.com\/de\/home\/"},{"@type":"ListItem","position":2,"name":"ONLINE KAUFEN","item":"https:\/\/bioluminis.com\/de\/shop\/"},{"@type":"ListItem","position":3,"name":"Bioluminis-Filter Med 400B"}]},{"@type":"WebSite","@id":"https:\/\/bioluminis.com\/de\/#website","url":"https:\/\/bioluminis.com\/de\/","name":"Bioluminis\u00ae","description":"Biofotonterapia m\u00e9todo Bioluminis","publisher":{"@id":"https:\/\/bioluminis.com\/de\/#organization"},"potentialAction":[{"@type":"SearchAction","target":{"@type":"EntryPoint","urlTemplate":"https:\/\/bioluminis.com\/de\/?s={search_term_string}"},"query-input":{"@type":"PropertyValueSpecification","valueRequired":true,"valueName":"search_term_string"}}],"inLanguage":"de"},{"@type":"Organization","@id":"https:\/\/bioluminis.com\/de\/#organization","name":"Bioluminis\u00ae","url":"https:\/\/bioluminis.com\/de\/","logo":{"@type":"ImageObject","inLanguage":"de","@id":"https:\/\/bioluminis.com\/de\/#\/schema\/logo\/image\/","url":"https:\/\/bioluminis.com\/wp-content\/uploads\/2022\/06\/logo-bioluminis-web.png","contentUrl":"https:\/\/bioluminis.com\/wp-content\/uploads\/2022\/06\/logo-bioluminis-web.png","width":400,"height":84,"caption":"Bioluminis\u00ae"},"image":{"@id":"https:\/\/bioluminis.com\/de\/#\/schema\/logo\/image\/"},"sameAs":["https:\/\/www.facebook.com\/BioluminisBiophotontherapy","https:\/\/www.instagram.com\/bioluminis_biofotonterapia\/"]}]}},"_links":{"self":[{"href":"https:\/\/bioluminis.com\/de\/wp-json\/wp\/v2\/product\/1326","targetHints":{"allow":["GET"]}}],"collection":[{"href":"https:\/\/bioluminis.com\/de\/wp-json\/wp\/v2\/product"}],"about":[{"href":"https:\/\/bioluminis.com\/de\/wp-json\/wp\/v2\/types\/product"}],"replies":[{"embeddable":true,"href":"https:\/\/bioluminis.com\/de\/wp-json\/wp\/v2\/comments?post=1326"}],"wp:featuredmedia":[{"embeddable":true,"href":"https:\/\/bioluminis.com\/de\/wp-json\/wp\/v2\/media\/8229"}],"wp:attachment":[{"href":"https:\/\/bioluminis.com\/de\/wp-json\/wp\/v2\/media?parent=1326"}],"wp:term":[{"taxonomy":"product_brand","embeddable":true,"href":"https:\/\/bioluminis.com\/de\/wp-json\/wp\/v2\/product_brand?post=1326"},{"taxonomy":"product_cat","embeddable":true,"href":"https:\/\/bioluminis.com\/de\/wp-json\/wp\/v2\/product_cat?post=1326"},{"taxonomy":"product_tag","embeddable":true,"href":"https:\/\/bioluminis.com\/de\/wp-json\/wp\/v2\/product_tag?post=1326"}],"curies":[{"name":"wp","href":"https:\/\/api.w.org\/{rel}","templated":true}]}}