{"id":1308,"date":"2019-05-21T12:34:38","date_gmt":"2019-05-21T10:34:38","guid":{"rendered":"https:\/\/bioluminis.com\/de\/?post_type=product&#038;p=1308"},"modified":"2026-01-22T17:46:34","modified_gmt":"2026-01-22T16:46:34","slug":"filter-bioluminis-med-100","status":"publish","type":"product","link":"https:\/\/bioluminis.com\/de\/producto\/filter-bioluminis-med-100\/","title":{"rendered":"Filter Bioluminis Med 100+\/-"},"content":{"rendered":"<p>In bestimmten Regulationsprozessen erzeugen Basisfilter m\u00f6glicherweise keine ausreichend klare Reaktion. In solchen F\u00e4llen ben\u00f6tigt der Organismus eine Zwischenunterst\u00fctzung, die den energetischen Fluss tiefer und pr\u00e4ziser reorganisiert, ohne zu \u00fcberstimulieren.<\/p>\n<p>Der Bioluminis MED 100+\/- Filter wurde als Filter f\u00fcr die intermedi\u00e4re bioenergetische Polarisation entwickelt und arbeitet mit einer kontinuierlichen \u00dcbertragung von Information auf Basis von Biophotonen. Er verf\u00fcgt \u00fcber einen Richtungspfeil, der eine pr\u00e4zise Ausrichtung des energetischen Flusses im zellul\u00e4ren Raum erm\u00f6glicht und eine lokalisierte Photoreaktivierung sowie eine effizientere Reorganisation unterst\u00fctzt.<\/p>\n<p>Innerhalb des Bioluminis Systems positioniert sich dieser Filter zwischen Basis- und fortgeschrittenen Filtern und fungiert als Br\u00fcckenfilter, wenn mehr Direktionalit\u00e4t, Stabilit\u00e4t und Kontinuit\u00e4t im Regulationsprozess erforderlich sind.<\/p>\n<p><strong>BESONDERS GEEIGNET WENN:<\/strong><\/p>\n<ul>\n<li>Basisfilter keine klare Reaktion erzeugen<\/li>\n<li>Eine intermedi\u00e4re bioenergetische Polarisation gesucht wird<\/li>\n<li>Eine pr\u00e4zise Ausrichtung des energetischen Flusses notwendig ist<\/li>\n<li>Lokalisierte Photoreaktivierung begleitet wird<\/li>\n<li>Die globale energetische Regulation unterst\u00fctzt werden soll<\/li>\n<\/ul>\n<p><strong>VORTEILE<\/strong><\/p>\n<ul>\n<li>F\u00f6rdert die intermedi\u00e4re bioenergetische Polarisation<\/li>\n<li>Erm\u00f6glicht eine pr\u00e4zise Ausrichtung des energetischen Flusses<\/li>\n<li>Unterst\u00fctzt die lokalisierte Photoreaktivierung<\/li>\n<li>Sorgt f\u00fcr Stabilit\u00e4t und Kontinuit\u00e4t im Prozess<\/li>\n<li>Wirkt als Br\u00fcckenfilter innerhalb des MED Systems<\/li>\n<\/ul>\n<p><strong>ANWENDUNG FUER NICHT-PROFIS<\/strong><\/p>\n<p>Der Bioluminis MED 100+\/- Filter kann von nicht-professionellen Anwendern als Unterst\u00fctzung f\u00fcr Wohlbefinden und bewusste Selbstf\u00fcrsorge genutzt werden. F\u00fcr die korrekte Ausrichtung des Pfeils wird die Konsultation des Bioluminis Atlas empfohlen.<\/p>\n<p><strong>RECHTLICHER HINWEIS<\/strong><\/p>\n<p>Dieses Produkt ist kein Medizinprodukt und ersetzt keine professionelle medizinische Betreuung. Es diagnostiziert, behandelt oder heilt keine Krankheiten. Seine Anwendung begleitet nat\u00fcrliche Prozesse von Gleichgewicht, Regulation und Wohlbefinden durch lichtbasierte Information auf Basis von Biophotonen.<\/p>\n","protected":false},"excerpt":{"rendered":"<p><span style=\"font-size: 14pt;\"><strong>Energetische Polarisation, Schmerzlinderung<\/strong><\/span><\/p>\n","protected":false},"featured_media":8187,"comment_status":"open","ping_status":"closed","template":"","meta":[],"product_brand":[],"product_cat":[184],"product_tag":[217],"class_list":{"0":"post-1308","1":"product","2":"type-product","3":"status-publish","4":"has-post-thumbnail","6":"product_cat-bioluminis-med-filter","7":"product_tag-photoreaktivierung","8":"post","10":"first","11":"instock","12":"taxable","13":"shipping-taxable","14":"purchasable","15":"product-type-simple"},"yoast_head":"<!-- This site is optimized with the Yoast SEO plugin v27.4 - https:\/\/yoast.com\/product\/yoast-seo-wordpress\/ -->\n<title>Filter Bioluminis Med 100+\/- Bioluminis\u00ae<\/title>\n<meta name=\"robots\" content=\"index, follow, max-snippet:-1, max-image-preview:large, max-video-preview:-1\" \/>\n<link rel=\"canonical\" href=\"https:\/\/bioluminis.com\/de\/producto\/filter-bioluminis-med-100\/\" \/>\n<meta property=\"og:locale\" content=\"de_DE\" \/>\n<meta property=\"og:type\" content=\"article\" \/>\n<meta property=\"og:title\" content=\"Filter Bioluminis Med 100+\/- Bioluminis\u00ae\" \/>\n<meta property=\"og:description\" content=\"Energetische Polarisation, Schmerzlinderung\" \/>\n<meta property=\"og:url\" content=\"https:\/\/bioluminis.com\/de\/producto\/filter-bioluminis-med-100\/\" \/>\n<meta property=\"og:site_name\" content=\"Bioluminis\u00ae\" \/>\n<meta property=\"article:publisher\" content=\"https:\/\/www.facebook.com\/BioluminisBiophotontherapy\" \/>\n<meta property=\"article:modified_time\" content=\"2026-01-22T16:46:34+00:00\" \/>\n<meta property=\"og:image\" content=\"https:\/\/bioluminis.com\/wp-content\/uploads\/2022\/09\/med-100-.jpg\" \/>\n\t<meta property=\"og:image:width\" content=\"1181\" \/>\n\t<meta property=\"og:image:height\" content=\"1181\" \/>\n\t<meta property=\"og:image:type\" content=\"image\/jpeg\" \/>\n<meta name=\"twitter:card\" content=\"summary_large_image\" \/>\n<meta name=\"twitter:label1\" content=\"Gesch\u00e4tzte Lesezeit\" \/>\n\t<meta name=\"twitter:data1\" content=\"1\u00a0Minute\" \/>\n<script type=\"application\/ld+json\" class=\"yoast-schema-graph\">{\"@context\":\"https:\\\/\\\/schema.org\",\"@graph\":[{\"@type\":\"WebPage\",\"@id\":\"https:\\\/\\\/bioluminis.com\\\/de\\\/producto\\\/filter-bioluminis-med-100\\\/\",\"url\":\"https:\\\/\\\/bioluminis.com\\\/de\\\/producto\\\/filter-bioluminis-med-100\\\/\",\"name\":\"Filter Bioluminis Med 100+\\\/- Bioluminis\u00ae\",\"isPartOf\":{\"@id\":\"https:\\\/\\\/bioluminis.com\\\/de\\\/#website\"},\"primaryImageOfPage\":{\"@id\":\"https:\\\/\\\/bioluminis.com\\\/de\\\/producto\\\/filter-bioluminis-med-100\\\/#primaryimage\"},\"image\":{\"@id\":\"https:\\\/\\\/bioluminis.com\\\/de\\\/producto\\\/filter-bioluminis-med-100\\\/#primaryimage\"},\"thumbnailUrl\":\"https:\\\/\\\/bioluminis.com\\\/wp-content\\\/uploads\\\/2022\\\/09\\\/med-100-.jpg\",\"datePublished\":\"2019-05-21T10:34:38+00:00\",\"dateModified\":\"2026-01-22T16:46:34+00:00\",\"breadcrumb\":{\"@id\":\"https:\\\/\\\/bioluminis.com\\\/de\\\/producto\\\/filter-bioluminis-med-100\\\/#breadcrumb\"},\"inLanguage\":\"de\",\"potentialAction\":[{\"@type\":\"ReadAction\",\"target\":[\"https:\\\/\\\/bioluminis.com\\\/de\\\/producto\\\/filter-bioluminis-med-100\\\/\"]}]},{\"@type\":\"ImageObject\",\"inLanguage\":\"de\",\"@id\":\"https:\\\/\\\/bioluminis.com\\\/de\\\/producto\\\/filter-bioluminis-med-100\\\/#primaryimage\",\"url\":\"https:\\\/\\\/bioluminis.com\\\/wp-content\\\/uploads\\\/2022\\\/09\\\/med-100-.jpg\",\"contentUrl\":\"https:\\\/\\\/bioluminis.com\\\/wp-content\\\/uploads\\\/2022\\\/09\\\/med-100-.jpg\",\"width\":1181,\"height\":1181},{\"@type\":\"BreadcrumbList\",\"@id\":\"https:\\\/\\\/bioluminis.com\\\/de\\\/producto\\\/filter-bioluminis-med-100\\\/#breadcrumb\",\"itemListElement\":[{\"@type\":\"ListItem\",\"position\":1,\"name\":\"Portada\",\"item\":\"https:\\\/\\\/bioluminis.com\\\/de\\\/home\\\/\"},{\"@type\":\"ListItem\",\"position\":2,\"name\":\"ONLINE KAUFEN\",\"item\":\"https:\\\/\\\/bioluminis.com\\\/de\\\/shop\\\/\"},{\"@type\":\"ListItem\",\"position\":3,\"name\":\"Filter Bioluminis Med 100+\\\/-\"}]},{\"@type\":\"WebSite\",\"@id\":\"https:\\\/\\\/bioluminis.com\\\/de\\\/#website\",\"url\":\"https:\\\/\\\/bioluminis.com\\\/de\\\/\",\"name\":\"Bioluminis\u00ae\",\"description\":\"Biofotonterapia m\u00e9todo Bioluminis\",\"publisher\":{\"@id\":\"https:\\\/\\\/bioluminis.com\\\/de\\\/#organization\"},\"potentialAction\":[{\"@type\":\"SearchAction\",\"target\":{\"@type\":\"EntryPoint\",\"urlTemplate\":\"https:\\\/\\\/bioluminis.com\\\/de\\\/?s={search_term_string}\"},\"query-input\":{\"@type\":\"PropertyValueSpecification\",\"valueRequired\":true,\"valueName\":\"search_term_string\"}}],\"inLanguage\":\"de\"},{\"@type\":\"Organization\",\"@id\":\"https:\\\/\\\/bioluminis.com\\\/de\\\/#organization\",\"name\":\"Bioluminis\u00ae\",\"url\":\"https:\\\/\\\/bioluminis.com\\\/de\\\/\",\"logo\":{\"@type\":\"ImageObject\",\"inLanguage\":\"de\",\"@id\":\"https:\\\/\\\/bioluminis.com\\\/de\\\/#\\\/schema\\\/logo\\\/image\\\/\",\"url\":\"https:\\\/\\\/bioluminis.com\\\/wp-content\\\/uploads\\\/2022\\\/06\\\/logo-bioluminis-web.png\",\"contentUrl\":\"https:\\\/\\\/bioluminis.com\\\/wp-content\\\/uploads\\\/2022\\\/06\\\/logo-bioluminis-web.png\",\"width\":400,\"height\":84,\"caption\":\"Bioluminis\u00ae\"},\"image\":{\"@id\":\"https:\\\/\\\/bioluminis.com\\\/de\\\/#\\\/schema\\\/logo\\\/image\\\/\"},\"sameAs\":[\"https:\\\/\\\/www.facebook.com\\\/BioluminisBiophotontherapy\",\"https:\\\/\\\/www.instagram.com\\\/bioluminis_biofotonterapia\\\/\"]}]}<\/script>\n<!-- \/ Yoast SEO plugin. -->","yoast_head_json":{"title":"Filter Bioluminis Med 100+\/- Bioluminis\u00ae","robots":{"index":"index","follow":"follow","max-snippet":"max-snippet:-1","max-image-preview":"max-image-preview:large","max-video-preview":"max-video-preview:-1"},"canonical":"https:\/\/bioluminis.com\/de\/producto\/filter-bioluminis-med-100\/","og_locale":"de_DE","og_type":"article","og_title":"Filter Bioluminis Med 100+\/- Bioluminis\u00ae","og_description":"Energetische Polarisation, Schmerzlinderung","og_url":"https:\/\/bioluminis.com\/de\/producto\/filter-bioluminis-med-100\/","og_site_name":"Bioluminis\u00ae","article_publisher":"https:\/\/www.facebook.com\/BioluminisBiophotontherapy","article_modified_time":"2026-01-22T16:46:34+00:00","og_image":[{"width":1181,"height":1181,"url":"https:\/\/bioluminis.com\/wp-content\/uploads\/2022\/09\/med-100-.jpg","type":"image\/jpeg"}],"twitter_card":"summary_large_image","twitter_misc":{"Gesch\u00e4tzte Lesezeit":"1\u00a0Minute"},"schema":{"@context":"https:\/\/schema.org","@graph":[{"@type":"WebPage","@id":"https:\/\/bioluminis.com\/de\/producto\/filter-bioluminis-med-100\/","url":"https:\/\/bioluminis.com\/de\/producto\/filter-bioluminis-med-100\/","name":"Filter Bioluminis Med 100+\/- Bioluminis\u00ae","isPartOf":{"@id":"https:\/\/bioluminis.com\/de\/#website"},"primaryImageOfPage":{"@id":"https:\/\/bioluminis.com\/de\/producto\/filter-bioluminis-med-100\/#primaryimage"},"image":{"@id":"https:\/\/bioluminis.com\/de\/producto\/filter-bioluminis-med-100\/#primaryimage"},"thumbnailUrl":"https:\/\/bioluminis.com\/wp-content\/uploads\/2022\/09\/med-100-.jpg","datePublished":"2019-05-21T10:34:38+00:00","dateModified":"2026-01-22T16:46:34+00:00","breadcrumb":{"@id":"https:\/\/bioluminis.com\/de\/producto\/filter-bioluminis-med-100\/#breadcrumb"},"inLanguage":"de","potentialAction":[{"@type":"ReadAction","target":["https:\/\/bioluminis.com\/de\/producto\/filter-bioluminis-med-100\/"]}]},{"@type":"ImageObject","inLanguage":"de","@id":"https:\/\/bioluminis.com\/de\/producto\/filter-bioluminis-med-100\/#primaryimage","url":"https:\/\/bioluminis.com\/wp-content\/uploads\/2022\/09\/med-100-.jpg","contentUrl":"https:\/\/bioluminis.com\/wp-content\/uploads\/2022\/09\/med-100-.jpg","width":1181,"height":1181},{"@type":"BreadcrumbList","@id":"https:\/\/bioluminis.com\/de\/producto\/filter-bioluminis-med-100\/#breadcrumb","itemListElement":[{"@type":"ListItem","position":1,"name":"Portada","item":"https:\/\/bioluminis.com\/de\/home\/"},{"@type":"ListItem","position":2,"name":"ONLINE KAUFEN","item":"https:\/\/bioluminis.com\/de\/shop\/"},{"@type":"ListItem","position":3,"name":"Filter Bioluminis Med 100+\/-"}]},{"@type":"WebSite","@id":"https:\/\/bioluminis.com\/de\/#website","url":"https:\/\/bioluminis.com\/de\/","name":"Bioluminis\u00ae","description":"Biofotonterapia m\u00e9todo Bioluminis","publisher":{"@id":"https:\/\/bioluminis.com\/de\/#organization"},"potentialAction":[{"@type":"SearchAction","target":{"@type":"EntryPoint","urlTemplate":"https:\/\/bioluminis.com\/de\/?s={search_term_string}"},"query-input":{"@type":"PropertyValueSpecification","valueRequired":true,"valueName":"search_term_string"}}],"inLanguage":"de"},{"@type":"Organization","@id":"https:\/\/bioluminis.com\/de\/#organization","name":"Bioluminis\u00ae","url":"https:\/\/bioluminis.com\/de\/","logo":{"@type":"ImageObject","inLanguage":"de","@id":"https:\/\/bioluminis.com\/de\/#\/schema\/logo\/image\/","url":"https:\/\/bioluminis.com\/wp-content\/uploads\/2022\/06\/logo-bioluminis-web.png","contentUrl":"https:\/\/bioluminis.com\/wp-content\/uploads\/2022\/06\/logo-bioluminis-web.png","width":400,"height":84,"caption":"Bioluminis\u00ae"},"image":{"@id":"https:\/\/bioluminis.com\/de\/#\/schema\/logo\/image\/"},"sameAs":["https:\/\/www.facebook.com\/BioluminisBiophotontherapy","https:\/\/www.instagram.com\/bioluminis_biofotonterapia\/"]}]}},"_links":{"self":[{"href":"https:\/\/bioluminis.com\/de\/wp-json\/wp\/v2\/product\/1308","targetHints":{"allow":["GET"]}}],"collection":[{"href":"https:\/\/bioluminis.com\/de\/wp-json\/wp\/v2\/product"}],"about":[{"href":"https:\/\/bioluminis.com\/de\/wp-json\/wp\/v2\/types\/product"}],"replies":[{"embeddable":true,"href":"https:\/\/bioluminis.com\/de\/wp-json\/wp\/v2\/comments?post=1308"}],"wp:featuredmedia":[{"embeddable":true,"href":"https:\/\/bioluminis.com\/de\/wp-json\/wp\/v2\/media\/8187"}],"wp:attachment":[{"href":"https:\/\/bioluminis.com\/de\/wp-json\/wp\/v2\/media?parent=1308"}],"wp:term":[{"taxonomy":"product_brand","embeddable":true,"href":"https:\/\/bioluminis.com\/de\/wp-json\/wp\/v2\/product_brand?post=1308"},{"taxonomy":"product_cat","embeddable":true,"href":"https:\/\/bioluminis.com\/de\/wp-json\/wp\/v2\/product_cat?post=1308"},{"taxonomy":"product_tag","embeddable":true,"href":"https:\/\/bioluminis.com\/de\/wp-json\/wp\/v2\/product_tag?post=1308"}],"curies":[{"name":"wp","href":"https:\/\/api.w.org\/{rel}","templated":true}]}}