{"id":1298,"date":"2019-05-20T16:14:02","date_gmt":"2019-05-20T16:14:02","guid":{"rendered":"https:\/\/bioluminis.com\/de\/?post_type=product&#038;p=1298"},"modified":"2026-01-21T23:18:50","modified_gmt":"2026-01-21T22:18:50","slug":"bioluminis-filter-med-9b","status":"publish","type":"product","link":"https:\/\/bioluminis.com\/de\/producto\/bioluminis-filter-med-9b\/","title":{"rendered":"Bioluminis-Filter Med 9B"},"content":{"rendered":"<p>Eine ausgewogene energetische Verteilung ist entscheidend f\u00fcr das Empfinden von Vitalit\u00e4t und k\u00f6rperlichem Gleichgewicht. Wird der energetische arterielle Fluss beeintr\u00e4chtigt, kann der Organismus an Dynamik verlieren.<\/p>\n<p>Der Bioluminis MED 9B Filter wurde entwickelt, um die bioenergetische Regulation des arteriellen Flusses zu begleiten, \u00fcber eine intermittierende \u00dcbertragung von Information auf Basis von Biophotonen, die eine tiefe und respektvolle Interaktion unterst\u00fctzt.<\/p>\n<p>Innerhalb des Bioluminis Systems wird dieser Filter als Unterst\u00fctzung in Prozessen des globalen energetischen Gleichgewichts und bewusster Vitalit\u00e4t eingesetzt.<\/p>\n<p><strong>BESONDERS GEEIGNET WENN:<\/strong><\/p>\n<ul>\n<li>Eine tiefe energetische Aktivierung gesucht wird<\/li>\n<li>Das Gef\u00fchl von Vitalit\u00e4t gest\u00e4rkt werden soll<\/li>\n<li>Allgemeines k\u00f6rperliches Wohlbefinden begleitet wird<\/li>\n<li>Prozesse der Photoreaktivierung integriert werden<\/li>\n<li>Eine Kombination mit anderen zirkulatorischen Filtern erfolgt<\/li>\n<\/ul>\n<p><strong>VORTEILE<\/strong><\/p>\n<ul>\n<li>Begleitet die energetische arterielle Regulation<\/li>\n<li>F\u00f6rdert energetische Flie\u00dff\u00e4higkeit und Dynamik<\/li>\n<li>Tr\u00e4gt zu einem Gef\u00fchl von Vitalit\u00e4t bei<\/li>\n<li>Respektiert die nat\u00fcrlichen Rhythmen des Organismus<\/li>\n<li>Unterst\u00fctzt globale energetische Prozesse<\/li>\n<\/ul>\n<p><strong>ANWENDUNG FUER NICHT-PROFIS<\/strong><\/p>\n<p>Der Bioluminis MED 9B Filter kann von nicht-professionellen Anwendern als Unterst\u00fctzung f\u00fcr Wohlbefinden und bewusste Selbstf\u00fcrsorge genutzt werden. F\u00fcr die korrekte Anwendung wird die Konsultation des Bioluminis Atlas empfohlen.<\/p>\n<p><strong>RECHTLICHER HINWEIS<\/strong><\/p>\n<p>Dieses Produkt ist kein Medizinprodukt und ersetzt keine professionelle medizinische Betreuung. Es diagnostiziert, behandelt oder heilt keine Krankheiten. Seine Anwendung begleitet nat\u00fcrliche Prozesse von Gleichgewicht, Regulation und Wohlbefinden durch lichtbasierte Information auf Basis von Biophotonen.<\/p>\n","protected":false},"excerpt":{"rendered":"<h2>Bioluminis Med 9B-Filter<\/h2>\n<p><span style=\"font-size: 12pt;\">F\u00f6rdert die arterielle Durchblutung<\/span><\/p>\n","protected":false},"featured_media":8169,"comment_status":"open","ping_status":"closed","template":"","meta":[],"product_brand":[],"product_cat":[184],"product_tag":[579],"class_list":{"0":"post-1298","1":"product","2":"type-product","3":"status-publish","4":"has-post-thumbnail","6":"product_cat-bioluminis-med-filter","7":"product_tag-biophotontherapie","8":"post","10":"first","11":"instock","12":"taxable","13":"shipping-taxable","14":"purchasable","15":"product-type-simple"},"yoast_head":"<!-- This site is optimized with the Yoast SEO plugin v27.3 - https:\/\/yoast.com\/product\/yoast-seo-wordpress\/ -->\n<title>Bioluminis-Filter Med 9B - Bioluminis\u00ae<\/title>\n<meta name=\"description\" content=\"Filtro Bioluminis Med 9B. Energ\u00eda discontinua, seg\u00fan el sistema de la Biofonterapia Bioluminis. Indicado en circulaci\u00f3n arterial.\u00a0\" \/>\n<meta name=\"robots\" content=\"index, follow, max-snippet:-1, max-image-preview:large, max-video-preview:-1\" \/>\n<link rel=\"canonical\" href=\"https:\/\/bioluminis.com\/de\/producto\/bioluminis-filter-med-9b\/\" \/>\n<meta property=\"og:locale\" content=\"de_DE\" \/>\n<meta property=\"og:type\" content=\"article\" \/>\n<meta property=\"og:title\" content=\"Bioluminis-Filter Med 9B - Bioluminis\u00ae\" \/>\n<meta property=\"og:description\" content=\"Filtro Bioluminis Med 9B. Energ\u00eda discontinua, seg\u00fan el sistema de la Biofonterapia Bioluminis. Indicado en circulaci\u00f3n arterial.\u00a0\" \/>\n<meta property=\"og:url\" content=\"https:\/\/bioluminis.com\/de\/producto\/bioluminis-filter-med-9b\/\" \/>\n<meta property=\"og:site_name\" content=\"Bioluminis\u00ae\" \/>\n<meta property=\"article:publisher\" content=\"https:\/\/www.facebook.com\/BioluminisBiophotontherapy\" \/>\n<meta property=\"article:modified_time\" content=\"2026-01-21T22:18:50+00:00\" \/>\n<meta property=\"og:image\" content=\"https:\/\/bioluminis.com\/wp-content\/uploads\/2022\/09\/med-9B.jpg\" \/>\n\t<meta property=\"og:image:width\" content=\"1181\" \/>\n\t<meta property=\"og:image:height\" content=\"1181\" \/>\n\t<meta property=\"og:image:type\" content=\"image\/jpeg\" \/>\n<meta name=\"twitter:card\" content=\"summary_large_image\" \/>\n<meta name=\"twitter:label1\" content=\"Gesch\u00e4tzte Lesezeit\" \/>\n\t<meta name=\"twitter:data1\" content=\"1\u00a0Minute\" \/>\n<script type=\"application\/ld+json\" class=\"yoast-schema-graph\">{\"@context\":\"https:\\\/\\\/schema.org\",\"@graph\":[{\"@type\":\"WebPage\",\"@id\":\"https:\\\/\\\/bioluminis.com\\\/de\\\/producto\\\/bioluminis-filter-med-9b\\\/\",\"url\":\"https:\\\/\\\/bioluminis.com\\\/de\\\/producto\\\/bioluminis-filter-med-9b\\\/\",\"name\":\"Bioluminis-Filter Med 9B - Bioluminis\u00ae\",\"isPartOf\":{\"@id\":\"https:\\\/\\\/bioluminis.com\\\/de\\\/#website\"},\"primaryImageOfPage\":{\"@id\":\"https:\\\/\\\/bioluminis.com\\\/de\\\/producto\\\/bioluminis-filter-med-9b\\\/#primaryimage\"},\"image\":{\"@id\":\"https:\\\/\\\/bioluminis.com\\\/de\\\/producto\\\/bioluminis-filter-med-9b\\\/#primaryimage\"},\"thumbnailUrl\":\"https:\\\/\\\/bioluminis.com\\\/wp-content\\\/uploads\\\/2022\\\/09\\\/med-9B.jpg\",\"datePublished\":\"2019-05-20T16:14:02+00:00\",\"dateModified\":\"2026-01-21T22:18:50+00:00\",\"description\":\"Filtro Bioluminis Med 9B. Energ\u00eda discontinua, seg\u00fan el sistema de la Biofonterapia Bioluminis. Indicado en circulaci\u00f3n arterial.\u00a0\",\"breadcrumb\":{\"@id\":\"https:\\\/\\\/bioluminis.com\\\/de\\\/producto\\\/bioluminis-filter-med-9b\\\/#breadcrumb\"},\"inLanguage\":\"de\",\"potentialAction\":[{\"@type\":\"ReadAction\",\"target\":[\"https:\\\/\\\/bioluminis.com\\\/de\\\/producto\\\/bioluminis-filter-med-9b\\\/\"]}]},{\"@type\":\"ImageObject\",\"inLanguage\":\"de\",\"@id\":\"https:\\\/\\\/bioluminis.com\\\/de\\\/producto\\\/bioluminis-filter-med-9b\\\/#primaryimage\",\"url\":\"https:\\\/\\\/bioluminis.com\\\/wp-content\\\/uploads\\\/2022\\\/09\\\/med-9B.jpg\",\"contentUrl\":\"https:\\\/\\\/bioluminis.com\\\/wp-content\\\/uploads\\\/2022\\\/09\\\/med-9B.jpg\",\"width\":1181,\"height\":1181},{\"@type\":\"BreadcrumbList\",\"@id\":\"https:\\\/\\\/bioluminis.com\\\/de\\\/producto\\\/bioluminis-filter-med-9b\\\/#breadcrumb\",\"itemListElement\":[{\"@type\":\"ListItem\",\"position\":1,\"name\":\"Portada\",\"item\":\"https:\\\/\\\/bioluminis.com\\\/de\\\/home\\\/\"},{\"@type\":\"ListItem\",\"position\":2,\"name\":\"ONLINE KAUFEN\",\"item\":\"https:\\\/\\\/bioluminis.com\\\/de\\\/shop\\\/\"},{\"@type\":\"ListItem\",\"position\":3,\"name\":\"Bioluminis-Filter Med 9B\"}]},{\"@type\":\"WebSite\",\"@id\":\"https:\\\/\\\/bioluminis.com\\\/de\\\/#website\",\"url\":\"https:\\\/\\\/bioluminis.com\\\/de\\\/\",\"name\":\"Bioluminis\u00ae\",\"description\":\"Biofotonterapia m\u00e9todo Bioluminis\",\"publisher\":{\"@id\":\"https:\\\/\\\/bioluminis.com\\\/de\\\/#organization\"},\"potentialAction\":[{\"@type\":\"SearchAction\",\"target\":{\"@type\":\"EntryPoint\",\"urlTemplate\":\"https:\\\/\\\/bioluminis.com\\\/de\\\/?s={search_term_string}\"},\"query-input\":{\"@type\":\"PropertyValueSpecification\",\"valueRequired\":true,\"valueName\":\"search_term_string\"}}],\"inLanguage\":\"de\"},{\"@type\":\"Organization\",\"@id\":\"https:\\\/\\\/bioluminis.com\\\/de\\\/#organization\",\"name\":\"Bioluminis\u00ae\",\"url\":\"https:\\\/\\\/bioluminis.com\\\/de\\\/\",\"logo\":{\"@type\":\"ImageObject\",\"inLanguage\":\"de\",\"@id\":\"https:\\\/\\\/bioluminis.com\\\/de\\\/#\\\/schema\\\/logo\\\/image\\\/\",\"url\":\"https:\\\/\\\/bioluminis.com\\\/wp-content\\\/uploads\\\/2022\\\/06\\\/logo-bioluminis-web.png\",\"contentUrl\":\"https:\\\/\\\/bioluminis.com\\\/wp-content\\\/uploads\\\/2022\\\/06\\\/logo-bioluminis-web.png\",\"width\":400,\"height\":84,\"caption\":\"Bioluminis\u00ae\"},\"image\":{\"@id\":\"https:\\\/\\\/bioluminis.com\\\/de\\\/#\\\/schema\\\/logo\\\/image\\\/\"},\"sameAs\":[\"https:\\\/\\\/www.facebook.com\\\/BioluminisBiophotontherapy\",\"https:\\\/\\\/www.instagram.com\\\/bioluminis_biofotonterapia\\\/\"]}]}<\/script>\n<!-- \/ Yoast SEO plugin. -->","yoast_head_json":{"title":"Bioluminis-Filter Med 9B - Bioluminis\u00ae","description":"Filtro Bioluminis Med 9B. Energ\u00eda discontinua, seg\u00fan el sistema de la Biofonterapia Bioluminis. Indicado en circulaci\u00f3n arterial.\u00a0","robots":{"index":"index","follow":"follow","max-snippet":"max-snippet:-1","max-image-preview":"max-image-preview:large","max-video-preview":"max-video-preview:-1"},"canonical":"https:\/\/bioluminis.com\/de\/producto\/bioluminis-filter-med-9b\/","og_locale":"de_DE","og_type":"article","og_title":"Bioluminis-Filter Med 9B - Bioluminis\u00ae","og_description":"Filtro Bioluminis Med 9B. Energ\u00eda discontinua, seg\u00fan el sistema de la Biofonterapia Bioluminis. Indicado en circulaci\u00f3n arterial.\u00a0","og_url":"https:\/\/bioluminis.com\/de\/producto\/bioluminis-filter-med-9b\/","og_site_name":"Bioluminis\u00ae","article_publisher":"https:\/\/www.facebook.com\/BioluminisBiophotontherapy","article_modified_time":"2026-01-21T22:18:50+00:00","og_image":[{"width":1181,"height":1181,"url":"https:\/\/bioluminis.com\/wp-content\/uploads\/2022\/09\/med-9B.jpg","type":"image\/jpeg"}],"twitter_card":"summary_large_image","twitter_misc":{"Gesch\u00e4tzte Lesezeit":"1\u00a0Minute"},"schema":{"@context":"https:\/\/schema.org","@graph":[{"@type":"WebPage","@id":"https:\/\/bioluminis.com\/de\/producto\/bioluminis-filter-med-9b\/","url":"https:\/\/bioluminis.com\/de\/producto\/bioluminis-filter-med-9b\/","name":"Bioluminis-Filter Med 9B - Bioluminis\u00ae","isPartOf":{"@id":"https:\/\/bioluminis.com\/de\/#website"},"primaryImageOfPage":{"@id":"https:\/\/bioluminis.com\/de\/producto\/bioluminis-filter-med-9b\/#primaryimage"},"image":{"@id":"https:\/\/bioluminis.com\/de\/producto\/bioluminis-filter-med-9b\/#primaryimage"},"thumbnailUrl":"https:\/\/bioluminis.com\/wp-content\/uploads\/2022\/09\/med-9B.jpg","datePublished":"2019-05-20T16:14:02+00:00","dateModified":"2026-01-21T22:18:50+00:00","description":"Filtro Bioluminis Med 9B. Energ\u00eda discontinua, seg\u00fan el sistema de la Biofonterapia Bioluminis. Indicado en circulaci\u00f3n arterial.\u00a0","breadcrumb":{"@id":"https:\/\/bioluminis.com\/de\/producto\/bioluminis-filter-med-9b\/#breadcrumb"},"inLanguage":"de","potentialAction":[{"@type":"ReadAction","target":["https:\/\/bioluminis.com\/de\/producto\/bioluminis-filter-med-9b\/"]}]},{"@type":"ImageObject","inLanguage":"de","@id":"https:\/\/bioluminis.com\/de\/producto\/bioluminis-filter-med-9b\/#primaryimage","url":"https:\/\/bioluminis.com\/wp-content\/uploads\/2022\/09\/med-9B.jpg","contentUrl":"https:\/\/bioluminis.com\/wp-content\/uploads\/2022\/09\/med-9B.jpg","width":1181,"height":1181},{"@type":"BreadcrumbList","@id":"https:\/\/bioluminis.com\/de\/producto\/bioluminis-filter-med-9b\/#breadcrumb","itemListElement":[{"@type":"ListItem","position":1,"name":"Portada","item":"https:\/\/bioluminis.com\/de\/home\/"},{"@type":"ListItem","position":2,"name":"ONLINE KAUFEN","item":"https:\/\/bioluminis.com\/de\/shop\/"},{"@type":"ListItem","position":3,"name":"Bioluminis-Filter Med 9B"}]},{"@type":"WebSite","@id":"https:\/\/bioluminis.com\/de\/#website","url":"https:\/\/bioluminis.com\/de\/","name":"Bioluminis\u00ae","description":"Biofotonterapia m\u00e9todo Bioluminis","publisher":{"@id":"https:\/\/bioluminis.com\/de\/#organization"},"potentialAction":[{"@type":"SearchAction","target":{"@type":"EntryPoint","urlTemplate":"https:\/\/bioluminis.com\/de\/?s={search_term_string}"},"query-input":{"@type":"PropertyValueSpecification","valueRequired":true,"valueName":"search_term_string"}}],"inLanguage":"de"},{"@type":"Organization","@id":"https:\/\/bioluminis.com\/de\/#organization","name":"Bioluminis\u00ae","url":"https:\/\/bioluminis.com\/de\/","logo":{"@type":"ImageObject","inLanguage":"de","@id":"https:\/\/bioluminis.com\/de\/#\/schema\/logo\/image\/","url":"https:\/\/bioluminis.com\/wp-content\/uploads\/2022\/06\/logo-bioluminis-web.png","contentUrl":"https:\/\/bioluminis.com\/wp-content\/uploads\/2022\/06\/logo-bioluminis-web.png","width":400,"height":84,"caption":"Bioluminis\u00ae"},"image":{"@id":"https:\/\/bioluminis.com\/de\/#\/schema\/logo\/image\/"},"sameAs":["https:\/\/www.facebook.com\/BioluminisBiophotontherapy","https:\/\/www.instagram.com\/bioluminis_biofotonterapia\/"]}]}},"_links":{"self":[{"href":"https:\/\/bioluminis.com\/de\/wp-json\/wp\/v2\/product\/1298","targetHints":{"allow":["GET"]}}],"collection":[{"href":"https:\/\/bioluminis.com\/de\/wp-json\/wp\/v2\/product"}],"about":[{"href":"https:\/\/bioluminis.com\/de\/wp-json\/wp\/v2\/types\/product"}],"replies":[{"embeddable":true,"href":"https:\/\/bioluminis.com\/de\/wp-json\/wp\/v2\/comments?post=1298"}],"wp:featuredmedia":[{"embeddable":true,"href":"https:\/\/bioluminis.com\/de\/wp-json\/wp\/v2\/media\/8169"}],"wp:attachment":[{"href":"https:\/\/bioluminis.com\/de\/wp-json\/wp\/v2\/media?parent=1298"}],"wp:term":[{"taxonomy":"product_brand","embeddable":true,"href":"https:\/\/bioluminis.com\/de\/wp-json\/wp\/v2\/product_brand?post=1298"},{"taxonomy":"product_cat","embeddable":true,"href":"https:\/\/bioluminis.com\/de\/wp-json\/wp\/v2\/product_cat?post=1298"},{"taxonomy":"product_tag","embeddable":true,"href":"https:\/\/bioluminis.com\/de\/wp-json\/wp\/v2\/product_tag?post=1298"}],"curies":[{"name":"wp","href":"https:\/\/api.w.org\/{rel}","templated":true}]}}