{"id":1204,"date":"2019-05-28T09:56:46","date_gmt":"2019-05-28T09:56:46","guid":{"rendered":"https:\/\/bioluminis.com\/de\/?post_type=product&#038;p=1204"},"modified":"2026-02-06T18:01:24","modified_gmt":"2026-02-06T17:01:24","slug":"bioluminis-comfort-energy-gl-filter-x-1","status":"publish","type":"product","link":"https:\/\/bioluminis.com\/de\/producto\/bioluminis-comfort-energy-gl-filter-x-1\/","title":{"rendered":"Bioluminis\u00ae Comfort Energy GL Filter x 1"},"content":{"rendered":"<p>In bestimmten Phasen k\u00f6nnen k\u00f6rperliche M\u00fcdigkeit oder ein Gef\u00fchl anhaltender Ersch\u00f6pfung die t\u00e4gliche Vitalit\u00e4t und den Umgang mit allt\u00e4glichen Aktivit\u00e4ten beeintr\u00e4chtigen. Es handelt sich nicht um Energiemangel an sich, sondern um eine allgemeine Wahrnehmung verringerter Verf\u00fcgbarkeit.<\/p>\n<p>Wenn sich der K\u00f6rper unterst\u00fctzt f\u00fchlt, f\u00e4llt es leichter, ein nat\u00fcrliches Gef\u00fchl von Antrieb zur\u00fcckzugewinnen, ohne Prozesse zu erzwingen oder intensive Stimulation zu nutzen. Eine sanfte Begleitung f\u00f6rdert Vitalit\u00e4t auf schrittweise Weise.<\/p>\n<p>Der Bioluminis Confort Energy GL Filter wurde entwickelt, um Phasen k\u00f6rperlicher M\u00fcdigkeit oder anhaltender Ersch\u00f6pfung zu begleiten und Vitalit\u00e4t zu f\u00f6rdern. Seine einfache und vielseitige Anwendung erm\u00f6glicht eine leichte Integration in t\u00e4gliche Selbstf\u00fcrsorgeroutinen.<\/p>\n<p>Innerhalb des Bioluminis-Systems zeichnet sich dieser Filter durch seinen sanften Aktivierungsansatz, seine Nutzung als allt\u00e4gliche Unterst\u00fctzung und seine F\u00e4higkeit aus, Energieprozesse ohne \u00dcberstimulation zu begleiten.<\/p>\n<p><strong>BESONDERS GEEIGNET, WENN:<\/strong><\/p>\n<ul>\n<li>Du deine t\u00e4gliche Vitalit\u00e4t wiederherstellen m\u00f6chtest.<\/li>\n<li>Du angesammelte k\u00f6rperliche M\u00fcdigkeit versp\u00fcrst.<\/li>\n<li>Du eine sanfte und schrittweise energetische Unterst\u00fctzung bevorzugst.<\/li>\n<li>Du andere Bioluminis-Filter begleiten m\u00f6chtest.<\/li>\n<li>Du bewusst am k\u00f6rperlichen Wohlbefinden arbeitest.<\/li>\n<\/ul>\n<p><strong>VORTEILE<\/strong><\/p>\n<ul>\n<li>Unterst\u00fctzt die nat\u00fcrliche bioenergetische Regulation im Zusammenhang mit k\u00f6rperlicher Energie.<\/li>\n<li>F\u00f6rdert ein ausgewogenes Gef\u00fchl von Vitalit\u00e4t.<\/li>\n<li>Respektiert die nat\u00fcrlichen Rhythmen des K\u00f6rpers.<\/li>\n<li>Tr\u00e4gt zu einer gr\u00f6\u00dferen k\u00f6rperlichen Verf\u00fcgbarkeit bei.<\/li>\n<li>L\u00e4sst sich leicht in Bioluminis-Protokolle integrieren.<\/li>\n<li>Geeignet f\u00fcr bewusste Selbstf\u00fcrsorge und professionelle Anwendung.<\/li>\n<\/ul>\n<p><strong>ANWENDUNG IM ALLTAG<\/strong><\/p>\n<p>Der Bioluminis Confort Energy GL Filter kann von Personen als Unterst\u00fctzung f\u00fcr Wohlbefinden und Selbstf\u00fcrsorge in Phasen k\u00f6rperlicher M\u00fcdigkeit verwendet werden.<\/p>\n<p><strong>RECHTLICHER HINWEIS<\/strong><\/p>\n<p>Dieses Produkt ist kein Medizinprodukt und ersetzt keine professionelle medizinische Betreuung. Es diagnostiziert, behandelt oder heilt keine Krankheiten. Seine Anwendung dient der Begleitung nat\u00fcrlicher Prozesse von Gleichgewicht, Regulation und Wohlbefinden.<\/p>\n","protected":false},"excerpt":{"rendered":"<p>Bioluminis\u00ae Comfort Energy GL Filter.<\/p>\n","protected":false},"featured_media":8319,"comment_status":"open","ping_status":"closed","template":"","meta":[],"product_brand":[],"product_cat":[180],"product_tag":[572],"class_list":{"0":"post-1204","1":"product","2":"type-product","3":"status-publish","4":"has-post-thumbnail","6":"product_cat-bioluminis-comfort-filter","7":"product_tag-korperliche-erschopfung","8":"post","10":"first","11":"instock","12":"taxable","13":"shipping-taxable","14":"purchasable","15":"product-type-simple"},"yoast_head":"<!-- This site is optimized with the Yoast SEO plugin v27.4 - https:\/\/yoast.com\/product\/yoast-seo-wordpress\/ -->\n<title>Bioluminis\u00ae Comfort Energy GL Filter x 1 - Bioluminis\u00ae<\/title>\n<meta name=\"robots\" content=\"index, follow, max-snippet:-1, max-image-preview:large, max-video-preview:-1\" \/>\n<link rel=\"canonical\" href=\"https:\/\/bioluminis.com\/de\/producto\/bioluminis-comfort-energy-gl-filter-x-1\/\" \/>\n<meta property=\"og:locale\" content=\"de_DE\" \/>\n<meta property=\"og:type\" content=\"article\" \/>\n<meta property=\"og:title\" content=\"Bioluminis\u00ae Comfort Energy GL Filter x 1 - Bioluminis\u00ae\" \/>\n<meta property=\"og:description\" content=\"Bioluminis\u00ae Comfort Energy GL Filter.\" \/>\n<meta property=\"og:url\" content=\"https:\/\/bioluminis.com\/de\/producto\/bioluminis-comfort-energy-gl-filter-x-1\/\" \/>\n<meta property=\"og:site_name\" content=\"Bioluminis\u00ae\" \/>\n<meta property=\"article:publisher\" content=\"https:\/\/www.facebook.com\/BioluminisBiophotontherapy\" \/>\n<meta property=\"article:modified_time\" content=\"2026-02-06T17:01:24+00:00\" \/>\n<meta property=\"og:image\" content=\"https:\/\/bioluminis.com\/wp-content\/uploads\/2022\/09\/4-Recuperar-la-falta-de-energia-Filtro-Bioluminis-0000.jpg\" \/>\n\t<meta property=\"og:image:width\" content=\"1181\" \/>\n\t<meta property=\"og:image:height\" content=\"1181\" \/>\n\t<meta property=\"og:image:type\" content=\"image\/jpeg\" \/>\n<meta name=\"twitter:card\" content=\"summary_large_image\" \/>\n<meta name=\"twitter:label1\" content=\"Gesch\u00e4tzte Lesezeit\" \/>\n\t<meta name=\"twitter:data1\" content=\"2\u00a0Minuten\" \/>\n<script type=\"application\/ld+json\" class=\"yoast-schema-graph\">{\"@context\":\"https:\\\/\\\/schema.org\",\"@graph\":[{\"@type\":\"WebPage\",\"@id\":\"https:\\\/\\\/bioluminis.com\\\/de\\\/producto\\\/bioluminis-comfort-energy-gl-filter-x-1\\\/\",\"url\":\"https:\\\/\\\/bioluminis.com\\\/de\\\/producto\\\/bioluminis-comfort-energy-gl-filter-x-1\\\/\",\"name\":\"Bioluminis\u00ae Comfort Energy GL Filter x 1 - Bioluminis\u00ae\",\"isPartOf\":{\"@id\":\"https:\\\/\\\/bioluminis.com\\\/de\\\/#website\"},\"primaryImageOfPage\":{\"@id\":\"https:\\\/\\\/bioluminis.com\\\/de\\\/producto\\\/bioluminis-comfort-energy-gl-filter-x-1\\\/#primaryimage\"},\"image\":{\"@id\":\"https:\\\/\\\/bioluminis.com\\\/de\\\/producto\\\/bioluminis-comfort-energy-gl-filter-x-1\\\/#primaryimage\"},\"thumbnailUrl\":\"https:\\\/\\\/bioluminis.com\\\/wp-content\\\/uploads\\\/2022\\\/09\\\/4-Recuperar-la-falta-de-energia-Filtro-Bioluminis-0000.jpg\",\"datePublished\":\"2019-05-28T09:56:46+00:00\",\"dateModified\":\"2026-02-06T17:01:24+00:00\",\"breadcrumb\":{\"@id\":\"https:\\\/\\\/bioluminis.com\\\/de\\\/producto\\\/bioluminis-comfort-energy-gl-filter-x-1\\\/#breadcrumb\"},\"inLanguage\":\"de\",\"potentialAction\":[{\"@type\":\"ReadAction\",\"target\":[\"https:\\\/\\\/bioluminis.com\\\/de\\\/producto\\\/bioluminis-comfort-energy-gl-filter-x-1\\\/\"]}]},{\"@type\":\"ImageObject\",\"inLanguage\":\"de\",\"@id\":\"https:\\\/\\\/bioluminis.com\\\/de\\\/producto\\\/bioluminis-comfort-energy-gl-filter-x-1\\\/#primaryimage\",\"url\":\"https:\\\/\\\/bioluminis.com\\\/wp-content\\\/uploads\\\/2022\\\/09\\\/4-Recuperar-la-falta-de-energia-Filtro-Bioluminis-0000.jpg\",\"contentUrl\":\"https:\\\/\\\/bioluminis.com\\\/wp-content\\\/uploads\\\/2022\\\/09\\\/4-Recuperar-la-falta-de-energia-Filtro-Bioluminis-0000.jpg\",\"width\":1181,\"height\":1181},{\"@type\":\"BreadcrumbList\",\"@id\":\"https:\\\/\\\/bioluminis.com\\\/de\\\/producto\\\/bioluminis-comfort-energy-gl-filter-x-1\\\/#breadcrumb\",\"itemListElement\":[{\"@type\":\"ListItem\",\"position\":1,\"name\":\"Portada\",\"item\":\"https:\\\/\\\/bioluminis.com\\\/de\\\/home\\\/\"},{\"@type\":\"ListItem\",\"position\":2,\"name\":\"ONLINE KAUFEN\",\"item\":\"https:\\\/\\\/bioluminis.com\\\/de\\\/shop\\\/\"},{\"@type\":\"ListItem\",\"position\":3,\"name\":\"Bioluminis\u00ae Comfort Energy GL Filter x 1\"}]},{\"@type\":\"WebSite\",\"@id\":\"https:\\\/\\\/bioluminis.com\\\/de\\\/#website\",\"url\":\"https:\\\/\\\/bioluminis.com\\\/de\\\/\",\"name\":\"Bioluminis\u00ae\",\"description\":\"Biofotonterapia m\u00e9todo Bioluminis\",\"publisher\":{\"@id\":\"https:\\\/\\\/bioluminis.com\\\/de\\\/#organization\"},\"potentialAction\":[{\"@type\":\"SearchAction\",\"target\":{\"@type\":\"EntryPoint\",\"urlTemplate\":\"https:\\\/\\\/bioluminis.com\\\/de\\\/?s={search_term_string}\"},\"query-input\":{\"@type\":\"PropertyValueSpecification\",\"valueRequired\":true,\"valueName\":\"search_term_string\"}}],\"inLanguage\":\"de\"},{\"@type\":\"Organization\",\"@id\":\"https:\\\/\\\/bioluminis.com\\\/de\\\/#organization\",\"name\":\"Bioluminis\u00ae\",\"url\":\"https:\\\/\\\/bioluminis.com\\\/de\\\/\",\"logo\":{\"@type\":\"ImageObject\",\"inLanguage\":\"de\",\"@id\":\"https:\\\/\\\/bioluminis.com\\\/de\\\/#\\\/schema\\\/logo\\\/image\\\/\",\"url\":\"https:\\\/\\\/bioluminis.com\\\/wp-content\\\/uploads\\\/2022\\\/06\\\/logo-bioluminis-web.png\",\"contentUrl\":\"https:\\\/\\\/bioluminis.com\\\/wp-content\\\/uploads\\\/2022\\\/06\\\/logo-bioluminis-web.png\",\"width\":400,\"height\":84,\"caption\":\"Bioluminis\u00ae\"},\"image\":{\"@id\":\"https:\\\/\\\/bioluminis.com\\\/de\\\/#\\\/schema\\\/logo\\\/image\\\/\"},\"sameAs\":[\"https:\\\/\\\/www.facebook.com\\\/BioluminisBiophotontherapy\",\"https:\\\/\\\/www.instagram.com\\\/bioluminis_biofotonterapia\\\/\"]}]}<\/script>\n<!-- \/ Yoast SEO plugin. -->","yoast_head_json":{"title":"Bioluminis\u00ae Comfort Energy GL Filter x 1 - Bioluminis\u00ae","robots":{"index":"index","follow":"follow","max-snippet":"max-snippet:-1","max-image-preview":"max-image-preview:large","max-video-preview":"max-video-preview:-1"},"canonical":"https:\/\/bioluminis.com\/de\/producto\/bioluminis-comfort-energy-gl-filter-x-1\/","og_locale":"de_DE","og_type":"article","og_title":"Bioluminis\u00ae Comfort Energy GL Filter x 1 - Bioluminis\u00ae","og_description":"Bioluminis\u00ae Comfort Energy GL Filter.","og_url":"https:\/\/bioluminis.com\/de\/producto\/bioluminis-comfort-energy-gl-filter-x-1\/","og_site_name":"Bioluminis\u00ae","article_publisher":"https:\/\/www.facebook.com\/BioluminisBiophotontherapy","article_modified_time":"2026-02-06T17:01:24+00:00","og_image":[{"width":1181,"height":1181,"url":"https:\/\/bioluminis.com\/wp-content\/uploads\/2022\/09\/4-Recuperar-la-falta-de-energia-Filtro-Bioluminis-0000.jpg","type":"image\/jpeg"}],"twitter_card":"summary_large_image","twitter_misc":{"Gesch\u00e4tzte Lesezeit":"2\u00a0Minuten"},"schema":{"@context":"https:\/\/schema.org","@graph":[{"@type":"WebPage","@id":"https:\/\/bioluminis.com\/de\/producto\/bioluminis-comfort-energy-gl-filter-x-1\/","url":"https:\/\/bioluminis.com\/de\/producto\/bioluminis-comfort-energy-gl-filter-x-1\/","name":"Bioluminis\u00ae Comfort Energy GL Filter x 1 - Bioluminis\u00ae","isPartOf":{"@id":"https:\/\/bioluminis.com\/de\/#website"},"primaryImageOfPage":{"@id":"https:\/\/bioluminis.com\/de\/producto\/bioluminis-comfort-energy-gl-filter-x-1\/#primaryimage"},"image":{"@id":"https:\/\/bioluminis.com\/de\/producto\/bioluminis-comfort-energy-gl-filter-x-1\/#primaryimage"},"thumbnailUrl":"https:\/\/bioluminis.com\/wp-content\/uploads\/2022\/09\/4-Recuperar-la-falta-de-energia-Filtro-Bioluminis-0000.jpg","datePublished":"2019-05-28T09:56:46+00:00","dateModified":"2026-02-06T17:01:24+00:00","breadcrumb":{"@id":"https:\/\/bioluminis.com\/de\/producto\/bioluminis-comfort-energy-gl-filter-x-1\/#breadcrumb"},"inLanguage":"de","potentialAction":[{"@type":"ReadAction","target":["https:\/\/bioluminis.com\/de\/producto\/bioluminis-comfort-energy-gl-filter-x-1\/"]}]},{"@type":"ImageObject","inLanguage":"de","@id":"https:\/\/bioluminis.com\/de\/producto\/bioluminis-comfort-energy-gl-filter-x-1\/#primaryimage","url":"https:\/\/bioluminis.com\/wp-content\/uploads\/2022\/09\/4-Recuperar-la-falta-de-energia-Filtro-Bioluminis-0000.jpg","contentUrl":"https:\/\/bioluminis.com\/wp-content\/uploads\/2022\/09\/4-Recuperar-la-falta-de-energia-Filtro-Bioluminis-0000.jpg","width":1181,"height":1181},{"@type":"BreadcrumbList","@id":"https:\/\/bioluminis.com\/de\/producto\/bioluminis-comfort-energy-gl-filter-x-1\/#breadcrumb","itemListElement":[{"@type":"ListItem","position":1,"name":"Portada","item":"https:\/\/bioluminis.com\/de\/home\/"},{"@type":"ListItem","position":2,"name":"ONLINE KAUFEN","item":"https:\/\/bioluminis.com\/de\/shop\/"},{"@type":"ListItem","position":3,"name":"Bioluminis\u00ae Comfort Energy GL Filter x 1"}]},{"@type":"WebSite","@id":"https:\/\/bioluminis.com\/de\/#website","url":"https:\/\/bioluminis.com\/de\/","name":"Bioluminis\u00ae","description":"Biofotonterapia m\u00e9todo Bioluminis","publisher":{"@id":"https:\/\/bioluminis.com\/de\/#organization"},"potentialAction":[{"@type":"SearchAction","target":{"@type":"EntryPoint","urlTemplate":"https:\/\/bioluminis.com\/de\/?s={search_term_string}"},"query-input":{"@type":"PropertyValueSpecification","valueRequired":true,"valueName":"search_term_string"}}],"inLanguage":"de"},{"@type":"Organization","@id":"https:\/\/bioluminis.com\/de\/#organization","name":"Bioluminis\u00ae","url":"https:\/\/bioluminis.com\/de\/","logo":{"@type":"ImageObject","inLanguage":"de","@id":"https:\/\/bioluminis.com\/de\/#\/schema\/logo\/image\/","url":"https:\/\/bioluminis.com\/wp-content\/uploads\/2022\/06\/logo-bioluminis-web.png","contentUrl":"https:\/\/bioluminis.com\/wp-content\/uploads\/2022\/06\/logo-bioluminis-web.png","width":400,"height":84,"caption":"Bioluminis\u00ae"},"image":{"@id":"https:\/\/bioluminis.com\/de\/#\/schema\/logo\/image\/"},"sameAs":["https:\/\/www.facebook.com\/BioluminisBiophotontherapy","https:\/\/www.instagram.com\/bioluminis_biofotonterapia\/"]}]}},"_links":{"self":[{"href":"https:\/\/bioluminis.com\/de\/wp-json\/wp\/v2\/product\/1204","targetHints":{"allow":["GET"]}}],"collection":[{"href":"https:\/\/bioluminis.com\/de\/wp-json\/wp\/v2\/product"}],"about":[{"href":"https:\/\/bioluminis.com\/de\/wp-json\/wp\/v2\/types\/product"}],"replies":[{"embeddable":true,"href":"https:\/\/bioluminis.com\/de\/wp-json\/wp\/v2\/comments?post=1204"}],"wp:featuredmedia":[{"embeddable":true,"href":"https:\/\/bioluminis.com\/de\/wp-json\/wp\/v2\/media\/8319"}],"wp:attachment":[{"href":"https:\/\/bioluminis.com\/de\/wp-json\/wp\/v2\/media?parent=1204"}],"wp:term":[{"taxonomy":"product_brand","embeddable":true,"href":"https:\/\/bioluminis.com\/de\/wp-json\/wp\/v2\/product_brand?post=1204"},{"taxonomy":"product_cat","embeddable":true,"href":"https:\/\/bioluminis.com\/de\/wp-json\/wp\/v2\/product_cat?post=1204"},{"taxonomy":"product_tag","embeddable":true,"href":"https:\/\/bioluminis.com\/de\/wp-json\/wp\/v2\/product_tag?post=1204"}],"curies":[{"name":"wp","href":"https:\/\/api.w.org\/{rel}","templated":true}]}}