{"id":1963,"date":"2019-10-10T09:57:16","date_gmt":"2019-10-10T07:57:16","guid":{"rendered":"https:\/\/bioluminis.com\/?page_id=1963"},"modified":"2025-09-08T23:52:22","modified_gmt":"2025-09-08T21:52:22","slug":"cookie-richtlinie","status":"publish","type":"page","link":"https:\/\/bioluminis.com\/de\/cookie-richtlinie\/","title":{"rendered":"Cookie-Richtlinie"},"content":{"rendered":"\t\t<div data-elementor-type=\"wp-page\" data-elementor-id=\"1963\" class=\"elementor elementor-1963 elementor-1954\" data-elementor-post-type=\"page\">\n\t\t\t\t\t\t<section class=\"elementor-section elementor-top-section elementor-element elementor-element-5583c4cb elementor-section-boxed elementor-section-height-default elementor-section-height-default\" data-id=\"5583c4cb\" data-element_type=\"section\" data-e-type=\"section\">\r\n\t\t\r\n\t\t\t\t\t\t\t<div class=\"elementor-container elementor-column-gap-default\">\r\n\t\t\t\t\t\t\t\t\t\t\t<div class=\"elementor-column elementor-col-100 elementor-top-column elementor-element elementor-element-ae0cad5\" data-id=\"ae0cad5\" data-element_type=\"column\" data-e-type=\"column\">\r\n\t\t\t\t\t<div class=\"elementor-widget-wrap elementor-element-populated\">\r\n\t\t\t\t\t\t\t\t<div class=\"elementor-element elementor-element-39e13380 elementor-widget elementor-widget-text-editor\" data-id=\"39e13380\" data-element_type=\"widget\" data-e-type=\"widget\" data-widget_type=\"text-editor.default\">\n\t\t\t\t\t\t\t\t\t<p><br \/>Diese Cookie-Richtlinie erkl\u00e4rt, was Cookies sind, welche Arten wir auf www.bioluminis.com verwenden, zu welchen Zwecken und wie Sie sie verwalten k\u00f6nnen.<\/p><h3>1. Was sind Cookies?<\/h3><p>Cookies sind kleine Dateien, die auf das Ger\u00e4t des Nutzers heruntergeladen werden, wenn er bestimmte Websites besucht. Sie erm\u00f6glichen das Speichern und Abrufen von Informationen \u00fcber das Surfverhalten.<\/p><h3>2. Arten von verwendeten Cookies<\/h3><ul><li>Technische Cookies: erforderlich f\u00fcr den grundlegenden Betrieb der Website und die Bereitstellung der vom Nutzer angeforderten Dienste.<\/li><li>Personalisierungs-Cookies: speichern Benutzereinstellungen wie Sprache oder Konfiguration.<\/li><li>Analyse-Cookies: erm\u00f6glichen es, die Nutzung der Website zu messen und zu analysieren, um deren Leistung zu verbessern.<\/li><li>Cookies f\u00fcr verhaltensbezogene Werbung (falls zutreffend): erm\u00f6glichen die Anzeige von Werbung, die an das Surfverhalten des Nutzers angepasst ist.<\/li><\/ul><h3>3. Rechtsgrundlage und Einwilligung<\/h3><p>Technische Cookies werden gesetzt, da sie f\u00fcr den Betrieb der Website notwendig sind. F\u00fcr Analyse- und\/oder Werbe-Cookies holen wir stets Ihre ausdr\u00fcckliche Zustimmung \u00fcber das Cookie-Banner ein.<\/p><h3>4. Verwaltung von Cookies<\/h3><p>Der Nutzer kann die Verwendung von Cookies \u00fcber das Banner bei seinem ersten Besuch akzeptieren, ablehnen oder konfigurieren und jederzeit \u00fcber das Konfigurationspanel \u00e4ndern. Au\u00dferdem k\u00f6nnen Cookies \u00fcber die Browsereinstellungen gel\u00f6scht werden.<\/p><h3>5. Speicherdauer<\/h3><p>Die Dauer der Cookies h\u00e4ngt von ihrer Art ab. Einige werden beim Schlie\u00dfen des Browsers gel\u00f6scht (Sitzungs-Cookies), andere bleiben f\u00fcr einen bestimmten Zeitraum auf dem Ger\u00e4t gespeichert (persistente Cookies).<\/p><h3>6. Daten\u00fcbermittlung<\/h3><p>Falls Dritte Zugriff auf durch Cookies erhobene Informationen erhalten, werden diese in diesem Dokument genannt und ihre Zwecke erl\u00e4utert (z. B. Google Analytics).<\/p><h3>7. Weitere Informationen<\/h3><p>Weitere Informationen zur Verarbeitung Ihrer personenbezogenen Daten finden Sie in unserer Datenschutzerkl\u00e4rung.<\/p>\t\t\t\t\t\t\t\t<\/div>\n\t\t\t\t\t<\/div>\r\n\t\t\t\t<\/div>\r\n\t\t\t\t\t<\/div>\r\n\t\t\t\t<\/section>\r\n\t\t\t\t<\/div>\n\t\t","protected":false},"excerpt":{"rendered":"<p>Diese Cookie-Richtlinie erkl\u00e4rt, was Cookies sind, welche Arten wir auf www.bioluminis.com verwenden, zu welchen Zwecken und wie Sie sie verwalten k\u00f6nnen. 1. Was sind Cookies? Cookies sind kleine Dateien, die auf das Ger\u00e4t des Nutzers heruntergeladen werden, wenn er bestimmte Websites besucht. Sie erm\u00f6glichen das Speichern und Abrufen von Informationen \u00fcber das Surfverhalten. 2. Arten [&hellip;]<\/p>\n","protected":false},"author":2,"featured_media":0,"parent":0,"menu_order":0,"comment_status":"closed","ping_status":"closed","template":"","meta":{"footnotes":""},"class_list":["post-1963","page","type-page","status-publish","hentry"],"yoast_head":"<!-- This site is optimized with the Yoast SEO plugin v27.4 - https:\/\/yoast.com\/product\/yoast-seo-wordpress\/ -->\n<title>Cookie-Richtlinie - Bioluminis\u00ae<\/title>\n<meta name=\"robots\" content=\"index, follow, max-snippet:-1, max-image-preview:large, max-video-preview:-1\" \/>\n<link rel=\"canonical\" href=\"https:\/\/bioluminis.com\/de\/cookie-richtlinie\/\" \/>\n<meta property=\"og:locale\" content=\"de_DE\" \/>\n<meta property=\"og:type\" content=\"article\" \/>\n<meta property=\"og:title\" content=\"Cookie-Richtlinie - Bioluminis\u00ae\" \/>\n<meta property=\"og:description\" content=\"Diese Cookie-Richtlinie erkl\u00e4rt, was Cookies sind, welche Arten wir auf www.bioluminis.com verwenden, zu welchen Zwecken und wie Sie sie verwalten k\u00f6nnen. 1. Was sind Cookies? Cookies sind kleine Dateien, die auf das Ger\u00e4t des Nutzers heruntergeladen werden, wenn er bestimmte Websites besucht. Sie erm\u00f6glichen das Speichern und Abrufen von Informationen \u00fcber das Surfverhalten. 2. Arten [&hellip;]\" \/>\n<meta property=\"og:url\" content=\"https:\/\/bioluminis.com\/de\/cookie-richtlinie\/\" \/>\n<meta property=\"og:site_name\" content=\"Bioluminis\u00ae\" \/>\n<meta property=\"article:publisher\" content=\"https:\/\/www.facebook.com\/BioluminisBiophotontherapy\" \/>\n<meta property=\"article:modified_time\" content=\"2025-09-08T21:52:22+00:00\" \/>\n<meta name=\"twitter:card\" content=\"summary_large_image\" \/>\n<meta name=\"twitter:label1\" content=\"Gesch\u00e4tzte Lesezeit\" \/>\n\t<meta name=\"twitter:data1\" content=\"2\u00a0Minuten\" \/>\n<script type=\"application\/ld+json\" class=\"yoast-schema-graph\">{\"@context\":\"https:\\\/\\\/schema.org\",\"@graph\":[{\"@type\":\"WebPage\",\"@id\":\"https:\\\/\\\/bioluminis.com\\\/de\\\/cookie-richtlinie\\\/\",\"url\":\"https:\\\/\\\/bioluminis.com\\\/de\\\/cookie-richtlinie\\\/\",\"name\":\"Cookie-Richtlinie - Bioluminis\u00ae\",\"isPartOf\":{\"@id\":\"https:\\\/\\\/bioluminis.com\\\/de\\\/#website\"},\"datePublished\":\"2019-10-10T07:57:16+00:00\",\"dateModified\":\"2025-09-08T21:52:22+00:00\",\"breadcrumb\":{\"@id\":\"https:\\\/\\\/bioluminis.com\\\/de\\\/cookie-richtlinie\\\/#breadcrumb\"},\"inLanguage\":\"de\",\"potentialAction\":[{\"@type\":\"ReadAction\",\"target\":[\"https:\\\/\\\/bioluminis.com\\\/de\\\/cookie-richtlinie\\\/\"]}]},{\"@type\":\"BreadcrumbList\",\"@id\":\"https:\\\/\\\/bioluminis.com\\\/de\\\/cookie-richtlinie\\\/#breadcrumb\",\"itemListElement\":[{\"@type\":\"ListItem\",\"position\":1,\"name\":\"Portada\",\"item\":\"https:\\\/\\\/bioluminis.com\\\/de\\\/home\\\/\"},{\"@type\":\"ListItem\",\"position\":2,\"name\":\"Cookie-Richtlinie\"}]},{\"@type\":\"WebSite\",\"@id\":\"https:\\\/\\\/bioluminis.com\\\/de\\\/#website\",\"url\":\"https:\\\/\\\/bioluminis.com\\\/de\\\/\",\"name\":\"Bioluminis\u00ae\",\"description\":\"Biofotonterapia m\u00e9todo Bioluminis\",\"publisher\":{\"@id\":\"https:\\\/\\\/bioluminis.com\\\/de\\\/#organization\"},\"potentialAction\":[{\"@type\":\"SearchAction\",\"target\":{\"@type\":\"EntryPoint\",\"urlTemplate\":\"https:\\\/\\\/bioluminis.com\\\/de\\\/?s={search_term_string}\"},\"query-input\":{\"@type\":\"PropertyValueSpecification\",\"valueRequired\":true,\"valueName\":\"search_term_string\"}}],\"inLanguage\":\"de\"},{\"@type\":\"Organization\",\"@id\":\"https:\\\/\\\/bioluminis.com\\\/de\\\/#organization\",\"name\":\"Bioluminis\u00ae\",\"url\":\"https:\\\/\\\/bioluminis.com\\\/de\\\/\",\"logo\":{\"@type\":\"ImageObject\",\"inLanguage\":\"de\",\"@id\":\"https:\\\/\\\/bioluminis.com\\\/de\\\/#\\\/schema\\\/logo\\\/image\\\/\",\"url\":\"https:\\\/\\\/bioluminis.com\\\/wp-content\\\/uploads\\\/2022\\\/06\\\/logo-bioluminis-web.png\",\"contentUrl\":\"https:\\\/\\\/bioluminis.com\\\/wp-content\\\/uploads\\\/2022\\\/06\\\/logo-bioluminis-web.png\",\"width\":400,\"height\":84,\"caption\":\"Bioluminis\u00ae\"},\"image\":{\"@id\":\"https:\\\/\\\/bioluminis.com\\\/de\\\/#\\\/schema\\\/logo\\\/image\\\/\"},\"sameAs\":[\"https:\\\/\\\/www.facebook.com\\\/BioluminisBiophotontherapy\",\"https:\\\/\\\/www.instagram.com\\\/bioluminis_biofotonterapia\\\/\"]}]}<\/script>\n<!-- \/ Yoast SEO plugin. -->","yoast_head_json":{"title":"Cookie-Richtlinie - Bioluminis\u00ae","robots":{"index":"index","follow":"follow","max-snippet":"max-snippet:-1","max-image-preview":"max-image-preview:large","max-video-preview":"max-video-preview:-1"},"canonical":"https:\/\/bioluminis.com\/de\/cookie-richtlinie\/","og_locale":"de_DE","og_type":"article","og_title":"Cookie-Richtlinie - Bioluminis\u00ae","og_description":"Diese Cookie-Richtlinie erkl\u00e4rt, was Cookies sind, welche Arten wir auf www.bioluminis.com verwenden, zu welchen Zwecken und wie Sie sie verwalten k\u00f6nnen. 1. Was sind Cookies? Cookies sind kleine Dateien, die auf das Ger\u00e4t des Nutzers heruntergeladen werden, wenn er bestimmte Websites besucht. Sie erm\u00f6glichen das Speichern und Abrufen von Informationen \u00fcber das Surfverhalten. 2. Arten [&hellip;]","og_url":"https:\/\/bioluminis.com\/de\/cookie-richtlinie\/","og_site_name":"Bioluminis\u00ae","article_publisher":"https:\/\/www.facebook.com\/BioluminisBiophotontherapy","article_modified_time":"2025-09-08T21:52:22+00:00","twitter_card":"summary_large_image","twitter_misc":{"Gesch\u00e4tzte Lesezeit":"2\u00a0Minuten"},"schema":{"@context":"https:\/\/schema.org","@graph":[{"@type":"WebPage","@id":"https:\/\/bioluminis.com\/de\/cookie-richtlinie\/","url":"https:\/\/bioluminis.com\/de\/cookie-richtlinie\/","name":"Cookie-Richtlinie - Bioluminis\u00ae","isPartOf":{"@id":"https:\/\/bioluminis.com\/de\/#website"},"datePublished":"2019-10-10T07:57:16+00:00","dateModified":"2025-09-08T21:52:22+00:00","breadcrumb":{"@id":"https:\/\/bioluminis.com\/de\/cookie-richtlinie\/#breadcrumb"},"inLanguage":"de","potentialAction":[{"@type":"ReadAction","target":["https:\/\/bioluminis.com\/de\/cookie-richtlinie\/"]}]},{"@type":"BreadcrumbList","@id":"https:\/\/bioluminis.com\/de\/cookie-richtlinie\/#breadcrumb","itemListElement":[{"@type":"ListItem","position":1,"name":"Portada","item":"https:\/\/bioluminis.com\/de\/home\/"},{"@type":"ListItem","position":2,"name":"Cookie-Richtlinie"}]},{"@type":"WebSite","@id":"https:\/\/bioluminis.com\/de\/#website","url":"https:\/\/bioluminis.com\/de\/","name":"Bioluminis\u00ae","description":"Biofotonterapia m\u00e9todo Bioluminis","publisher":{"@id":"https:\/\/bioluminis.com\/de\/#organization"},"potentialAction":[{"@type":"SearchAction","target":{"@type":"EntryPoint","urlTemplate":"https:\/\/bioluminis.com\/de\/?s={search_term_string}"},"query-input":{"@type":"PropertyValueSpecification","valueRequired":true,"valueName":"search_term_string"}}],"inLanguage":"de"},{"@type":"Organization","@id":"https:\/\/bioluminis.com\/de\/#organization","name":"Bioluminis\u00ae","url":"https:\/\/bioluminis.com\/de\/","logo":{"@type":"ImageObject","inLanguage":"de","@id":"https:\/\/bioluminis.com\/de\/#\/schema\/logo\/image\/","url":"https:\/\/bioluminis.com\/wp-content\/uploads\/2022\/06\/logo-bioluminis-web.png","contentUrl":"https:\/\/bioluminis.com\/wp-content\/uploads\/2022\/06\/logo-bioluminis-web.png","width":400,"height":84,"caption":"Bioluminis\u00ae"},"image":{"@id":"https:\/\/bioluminis.com\/de\/#\/schema\/logo\/image\/"},"sameAs":["https:\/\/www.facebook.com\/BioluminisBiophotontherapy","https:\/\/www.instagram.com\/bioluminis_biofotonterapia\/"]}]}},"_links":{"self":[{"href":"https:\/\/bioluminis.com\/de\/wp-json\/wp\/v2\/pages\/1963","targetHints":{"allow":["GET"]}}],"collection":[{"href":"https:\/\/bioluminis.com\/de\/wp-json\/wp\/v2\/pages"}],"about":[{"href":"https:\/\/bioluminis.com\/de\/wp-json\/wp\/v2\/types\/page"}],"author":[{"embeddable":true,"href":"https:\/\/bioluminis.com\/de\/wp-json\/wp\/v2\/users\/2"}],"replies":[{"embeddable":true,"href":"https:\/\/bioluminis.com\/de\/wp-json\/wp\/v2\/comments?post=1963"}],"version-history":[{"count":0,"href":"https:\/\/bioluminis.com\/de\/wp-json\/wp\/v2\/pages\/1963\/revisions"}],"wp:attachment":[{"href":"https:\/\/bioluminis.com\/de\/wp-json\/wp\/v2\/media?parent=1963"}],"curies":[{"name":"wp","href":"https:\/\/api.w.org\/{rel}","templated":true}]}}