{"id":1902,"date":"2019-10-04T16:17:14","date_gmt":"2019-10-04T14:17:14","guid":{"rendered":"https:\/\/bioluminis.com\/?page_id=1902"},"modified":"2022-03-01T20:45:53","modified_gmt":"2022-03-01T20:45:53","slug":"versandkosten","status":"publish","type":"page","link":"https:\/\/bioluminis.com\/de\/versandkosten\/","title":{"rendered":"Versandkosten und Lieferzeit"},"content":{"rendered":"<p>[vc_row css_animation=&#8220;&#8220; row_type=&#8220;row&#8220; use_row_as_full_screen_section=&#8220;no&#8220; type=&#8220;full_width&#8220; in_content_menu=&#8220;in_content_menu&#8220; content_menu_icon=&#8220;&#8220; angled_section=&#8220;no&#8220; text_align=&#8220;left&#8220; background_image_as_pattern=&#8220;without_pattern&#8220; background_color=&#8220;#5ca3d4&#8243;][vc_column][vc_row_inner row_type=&#8220;row&#8220; type=&#8220;grid&#8220; text_align=&#8220;left&#8220; css_animation=&#8220;&#8220;][vc_column_inner][vc_empty_space height=&#8220;40px&#8220;][vc_column_text]<\/p>\n<h1><span style=\"color: #ffffff;\">Versandkosten und Lieferzeit<\/span><\/h1>\n<p>[\/vc_column_text][vc_empty_space height=&#8220;30px&#8220;][\/vc_column_inner][\/vc_row_inner][\/vc_column][\/vc_row][vc_row css_animation=&#8220;&#8220; row_type=&#8220;row&#8220; use_row_as_full_screen_section=&#8220;no&#8220; type=&#8220;grid&#8220; angled_section=&#8220;no&#8220; text_align=&#8220;left&#8220; background_image_as_pattern=&#8220;without_pattern&#8220;][vc_column][vc_empty_space height=&#8220;20px&#8220;][vc_column_text]<\/p>\n<h2><span style=\"font-size: 14pt;\">ARTEN VON KURIERDIENSTLEISTUNGEN:<\/span><\/h2>\n<p>&nbsp;<\/p>\n<p>&nbsp;<\/p>\n<div><span style=\"font-size: 14pt;\"><strong>Correos:<\/strong> Verteilt von der <span class=\"error misspelling\" title=\"M\u00f6glicher Tippfehler gefunden.\" data-type=\"misspelling\" data-suggestions=\"[{&quot;value&quot;:&quot;Soziet\u00e4t&quot;},{&quot;value&quot;:&quot;Society&quot;},{&quot;value&quot;:&quot;Soci\u00e9t\u00e9&quot;}]\" data-rule=\"GERMAN_SPELLER_RULE\" data-word=\"Sociedad\">Sociedad<\/span> <span class=\"error misspelling\" title=\"M\u00f6glicher Tippfehler gefunden.\" data-type=\"misspelling\" data-suggestions=\"[{&quot;value&quot;:&quot;Aostatal&quot;},{&quot;value&quot;:&quot;Osttal&quot;},{&quot;value&quot;:&quot;Esthal&quot;},{&quot;value&quot;:&quot;Asthmatal&quot;},{&quot;value&quot;:&quot;Ettal&quot;},{&quot;value&quot;:&quot;Etattal&quot;},{&quot;value&quot;:&quot;Asttal&quot;}]\" data-rule=\"GERMAN_SPELLER_RULE\" data-word=\"Estatal\">Estatal<\/span> de <span class=\"error misspelling\" title=\"M\u00f6glicher Tippfehler gefunden.\" data-type=\"misspelling\" data-suggestions=\"[{&quot;value&quot;:&quot;Cortes&quot;},{&quot;value&quot;:&quot;Korrekt&quot;},{&quot;value&quot;:&quot;Borneos&quot;},{&quot;value&quot;:&quot;G\u00f6rres&quot;},{&quot;value&quot;:&quot;Toreros&quot;},{&quot;value&quot;:&quot;Corsos&quot;},{&quot;value&quot;:&quot;D\u00f6rrens&quot;}]\" data-rule=\"GERMAN_SPELLER_RULE\" data-word=\"Correos\">Correos<\/span> y <span class=\"error misspelling\" title=\"M\u00f6glicher Tippfehler gefunden.\" data-type=\"misspelling\" data-suggestions=\"[]\" data-rule=\"GERMAN_SPELLER_RULE\" data-word=\"Tel\u00e9grafos\">Tel\u00e9grafos<\/span>, S.A. (Staatliches Post- und <span class=\"misspelling correction\" title=\"M\u00f6glicher Tippfehler gefunden.\" data-type=\"misspelling\" data-suggestions=\"[{&quot;value&quot;:&quot;Telegrafen unternehmen&quot;},{&quot;value&quot;:&quot;Telehafenunternehmen&quot;}]\" data-rule=\"GERMAN_SPELLER_RULE\" data-word=\"Telegrafenunternehmen\">Telegrafen unternehmen<\/span>).<\/span><\/div>\n<div><span style=\"font-size: 14pt;\"><strong>Kurier:<\/strong> <span class=\"grammar correction\" title=\"Folgt dem Doppelpunkt weder ein Substantiv noch eine w\u00f6rtliche Rede oder ein vollst\u00e4ndiger Hauptsatz, schreibt man klein weiter.\" data-type=\"grammar\" data-suggestions=\"[{&quot;value&quot;:&quot;\u00fcber&quot;}]\" data-rule=\"DE_CASE\" data-word=\"\u00dcber\">\u00fcber<\/span> verschiedene Paketzustellunternehmen, abh\u00e4ngig von der Lieferadresse und unter Ausnutzung der Kapazit\u00e4t und Reichweite jedes einzelnen von ihnen.<\/span><\/div>\n<div><span style=\"font-size: 14pt;\"><strong>Spezifische Agentur:<\/strong> Wenn der Kunde seine Bestellung \u00fcber eine bestimmte Agentur erhalten m\u00f6chte, sollte er uns kontaktieren und uns vor der Bestellung informieren und den Preis erfragen. <\/span><\/div>\n<h2><span style=\"font-size: 14pt;\">VERSANDKOSTEN:<\/span><\/h2>\n<p>&nbsp;<\/p>\n<div><span style=\"font-size: 14pt;\">Bevor Sie Ihren Kauf best\u00e4tigen, vergewissern Sie sich, dass Sie die Lieferadresse korrekt eingegeben haben.Bei einem Fehler m\u00fcssen Sie die Versandkosten an die richtige Adresse \u00fcbernehmen.Au\u00dferdem muss unbedingt die Telefonnummer des Empf\u00e4ngers angegeben werden.<\/span><\/div>\n<div><\/div>\n<div><\/div>\n<div><strong><span style=\"font-size: 14pt;\">Spanien:<\/span><\/strong><\/div>\n<div><span style=\"font-size: 14pt;\">KOSTENLOS: Ab <span class=\"grammar correction\" title=\"Vor Einheitenzeichen sollte ein Leerzeichen gesetzt werden.\" data-type=\"grammar\" data-suggestions=\"[{&quot;value&quot;:&quot;100\u00a0\u20ac&quot;}]\" data-rule=\"EINHEIT_LEERZEICHEN\" data-word=\"100\u20ac\">100\u00a0\u20ac<\/span> Mehrwertsteuer nicht inbegriffen.<\/span><\/div>\n<div><\/div>\n<div><\/div>\n<div><strong><span style=\"font-size: 14pt;\"> Andere L\u00e4nder innerhalb und au\u00dferhalb der Europ\u00e4ischen Union Festpreis von 15 \u20ac + MwSt.<\/span><\/strong><\/div>\n<div><\/div>\n<h2><\/h2>\n<h2><span style=\"font-size: 14pt;\">EXPORT<span class=\"grammar correction\" title=\"Meinten Sie den Gedankenstrich?\" data-type=\"grammar\" data-suggestions=\"[{&quot;value&quot;:&quot; \u2013 &quot;}]\" data-rule=\"FALSCHE_VERWENDUNG_DES_BINDESTRICHS\" data-word=\" - \"> \u2013 <\/span>L\u00c4NDER AUSSERHALB DER EUROP\u00c4ISCHEN UNION. ZOLL<\/span><\/h2>\n<p>&nbsp;<\/p>\n<div><span style=\"font-size: 14pt;\">Wenn Sie Produkte von Bioluminis.com zur Lieferung in ein Land au\u00dferhalb der Europ\u00e4ischen Union bestellen, m\u00fcssen Sie m\u00f6glicherweise Einfuhrz\u00f6lle und Steuern zahlen, die erhoben werden, wenn das Paket am Bestimmungsort ankommt. <span class=\"error misspelling\" title=\"M\u00f6glicher Tippfehler gefunden.\" data-type=\"misspelling\" data-suggestions=\"[{&quot;value&quot;:&quot;Biominis&quot;}]\" data-rule=\"GERMAN_SPELLER_RULE\" data-word=\"Bioluminis\">Bioluminis<\/span> hat keine Kontrolle \u00fcber solche Mengen.Denken Sie auch daran, dass Sie, wenn Sie eine Bestellung bei Bioluminis.com aufgeben, offiziell als Importeur gelten und daher alle Gesetze und Vorschriften einhalten m\u00fcssen, die in dem Land gelten, in dem Sie das Produkt erhalten.Denken Sie daran, dass jede Zollstelle eine Frist f\u00fcr die Abholung der Waren hat, nach deren Ablauf sie aufgegeben wird, wobei der Kunde alle zuk\u00fcnftigen Folgen zu tragen hat.<\/span><\/div>\n<div><\/div>\n<div><\/div>\n<div><\/div>\n<h2><span style=\"font-size: 14pt;\">LIEFERZEITEN:<\/span><\/h2>\n<div><span style=\"font-size: 14pt;\">Spanien und L\u00e4nder der Europ\u00e4ischen Union Bestellungen werden innerhalb von 3 bis 15 Werktagen geliefert. Rest der Welt<span class=\"grammar correction\" title=\"Fehlendes Komma: Teils\u00e4tze, Einsch\u00fcbe, Aufz\u00e4hlungen und direkte Rede m\u00fcssen durch ein Komma vom Rest des Satzes getrennt werden.\" data-type=\"grammar\" data-suggestions=\"[{&quot;value&quot;:&quot;, Die&quot;}]\" data-rule=\"AI_DE_HYDRA_LEO_CPT_DIE_CDIE\" data-word=\" Die\">, Die<\/span> Lieferzeit h\u00e4ngt von der Art des gew\u00e4hlten Kuriers sowie vom geografischen Gebiet ab. Alle Lieferzeiten k\u00f6nnen aufgrund von Zwischenf\u00e4llen auf dem Kurier- oder Postweg variieren.<\/span><\/div>\n<div><\/div>\n<div><\/div>\n<div><a href=\"https:\/\/bioluminis.com\/de\/verkaufsbedingungen\/\"><span style=\"font-size: 14pt;\">Allgemeine <span class=\"grammar correction\" title=\"Bitte ein Satzzeichen am Ende des Absatzes einf\u00fcgen.\" data-type=\"grammar\" data-suggestions=\"[{&quot;value&quot;:&quot;Verkaufsbedingungen.&quot;},{&quot;value&quot;:&quot;Verkaufsbedingungen!&quot;},{&quot;value&quot;:&quot;Verkaufsbedingungen?&quot;},{&quot;value&quot;:&quot;Verkaufsbedingungen:&quot;},{&quot;value&quot;:&quot;Verkaufsbedingungen,&quot;},{&quot;value&quot;:&quot;Verkaufsbedingungen;&quot;}]\" data-rule=\"PUNCTUATION_PARAGRAPH_END\" data-word=\"Verkaufsbedingungen\">Verkaufsbedingungen.<\/span><\/span><\/a><\/div>\n<div><\/div>\n<div><\/div>\n<p>[\/vc_column_text][\/vc_column][\/vc_row][vc_row css_animation=&#8220;&#8220; row_type=&#8220;row&#8220; use_row_as_full_screen_section=&#8220;no&#8220; type=&#8220;full_width&#8220; angled_section=&#8220;no&#8220; text_align=&#8220;left&#8220; background_image_as_pattern=&#8220;without_pattern&#8220;][vc_column][vc_empty_space height=&#8220;50px&#8220;][\/vc_column][\/vc_row][vc_row css_animation=&#8220;&#8220; row_type=&#8220;row&#8220; use_row_as_full_screen_section=&#8220;no&#8220; type=&#8220;grid&#8220; angled_section=&#8220;no&#8220; text_align=&#8220;left&#8220; background_image_as_pattern=&#8220;without_pattern&#8220; background_color=&#8220;#f2f2f2&#8243;][vc_column width=&#8220;1\/2&#8243; css=&#8220;.vc_custom_1558111417043{background-color: #f2f2f2 !important;}&#8220;][vc_column_text]Haben Sie noch weitere Fragen?<\/p>\n<p>Senden Sie uns eine Nachricht in unserem Kontaktbereich\u00a0oder senden Sie eine E-Mail an info@bioluminis.com[\/vc_column_text][vc_empty_space height=&#8220;50px&#8220;][\/vc_column][vc_column width=&#8220;1\/2&#8243; css=&#8220;.vc_custom_1558111427473{background-color: #f2f2f2 !important;}&#8220;][vc_empty_space height=&#8220;15px&#8220;][vc_row_inner row_type=&#8220;row&#8220; type=&#8220;full_width&#8220; text_align=&#8220;left&#8220; css_animation=&#8220;&#8220;][vc_column_inner width=&#8220;1\/3&#8243;][vc_column_text]<\/p>\n<h3 style=\"text-align: right;\">Fragen Sie uns!<\/h3>\n<p>[\/vc_column_text][\/vc_column_inner][vc_column_inner width=&#8220;1\/3&#8243;][button size=&#8220;small&#8220; target=&#8220;_self&#8220; hover_type=&#8220;default&#8220; text=&#8220;Kontakt&#8220; link=&#8220;\/kontakt&#8220;][\/vc_column_inner][vc_column_inner width=&#8220;1\/3&#8243;][\/vc_column_inner][\/vc_row_inner][\/vc_column][\/vc_row]<\/p>\n","protected":false},"excerpt":{"rendered":"<p>[vc_row css_animation=&#8220;&#8220; row_type=&#8220;row&#8220; use_row_as_full_screen_section=&#8220;no&#8220; type=&#8220;full_width&#8220; in_content_menu=&#8220;in_content_menu&#8220; content_menu_icon=&#8220;&#8220; angled_section=&#8220;no&#8220; text_align=&#8220;left&#8220; background_image_as_pattern=&#8220;without_pattern&#8220; background_color=&#8220;#5ca3d4&#8243;][vc_column][vc_row_inner row_type=&#8220;row&#8220; type=&#8220;grid&#8220; text_align=&#8220;left&#8220; css_animation=&#8220;&#8220;][vc_column_inner][vc_empty_space height=&#8220;40px&#8220;][vc_column_text] Versandkosten und Lieferzeit [\/vc_column_text][vc_empty_space height=&#8220;30px&#8220;][\/vc_column_inner][\/vc_row_inner][\/vc_column][\/vc_row][vc_row css_animation=&#8220;&#8220; row_type=&#8220;row&#8220; use_row_as_full_screen_section=&#8220;no&#8220; type=&#8220;grid&#8220; angled_section=&#8220;no&#8220; text_align=&#8220;left&#8220; background_image_as_pattern=&#8220;without_pattern&#8220;][vc_column][vc_empty_space height=&#8220;20px&#8220;][vc_column_text] ARTEN VON KURIERDIENSTLEISTUNGEN: &nbsp; &nbsp; Correos: Verteilt von der Sociedad Estatal de Correos y Tel\u00e9grafos, S.A. (Staatliches Post- und Telegrafen unternehmen). Kurier: \u00fcber verschiedene Paketzustellunternehmen, abh\u00e4ngig [&hellip;]<\/p>\n","protected":false},"author":2,"featured_media":0,"parent":0,"menu_order":0,"comment_status":"closed","ping_status":"closed","template":"","meta":{"footnotes":""},"class_list":["post-1902","page","type-page","status-publish","hentry"],"yoast_head":"<!-- This site is optimized with the Yoast SEO plugin v27.4 - https:\/\/yoast.com\/product\/yoast-seo-wordpress\/ -->\n<title>Versandkosten und Lieferzeit - Bioluminis\u00ae<\/title>\n<meta name=\"robots\" content=\"index, follow, max-snippet:-1, max-image-preview:large, max-video-preview:-1\" \/>\n<link rel=\"canonical\" href=\"https:\/\/bioluminis.com\/de\/versandkosten\/\" \/>\n<meta property=\"og:locale\" content=\"de_DE\" \/>\n<meta property=\"og:type\" content=\"article\" \/>\n<meta property=\"og:title\" content=\"Versandkosten und Lieferzeit - Bioluminis\u00ae\" \/>\n<meta property=\"og:description\" content=\"[vc_row css_animation=&#8220;&#8220; row_type=&#8220;row&#8220; use_row_as_full_screen_section=&#8220;no&#8220; type=&#8220;full_width&#8220; in_content_menu=&#8220;in_content_menu&#8220; content_menu_icon=&#8220;&#8220; angled_section=&#8220;no&#8220; text_align=&#8220;left&#8220; background_image_as_pattern=&#8220;without_pattern&#8220; background_color=&#8220;#5ca3d4&#8243;][vc_column][vc_row_inner row_type=&#8220;row&#8220; type=&#8220;grid&#8220; text_align=&#8220;left&#8220; css_animation=&#8220;&#8220;][vc_column_inner][vc_empty_space height=&#8220;40px&#8220;][vc_column_text] Versandkosten und Lieferzeit [\/vc_column_text][vc_empty_space height=&#8220;30px&#8220;][\/vc_column_inner][\/vc_row_inner][\/vc_column][\/vc_row][vc_row css_animation=&#8220;&#8220; row_type=&#8220;row&#8220; use_row_as_full_screen_section=&#8220;no&#8220; type=&#8220;grid&#8220; angled_section=&#8220;no&#8220; text_align=&#8220;left&#8220; background_image_as_pattern=&#8220;without_pattern&#8220;][vc_column][vc_empty_space height=&#8220;20px&#8220;][vc_column_text] ARTEN VON KURIERDIENSTLEISTUNGEN: &nbsp; &nbsp; Correos: Verteilt von der Sociedad Estatal de Correos y Tel\u00e9grafos, S.A. (Staatliches Post- und Telegrafen unternehmen). Kurier: \u00fcber verschiedene Paketzustellunternehmen, abh\u00e4ngig [&hellip;]\" \/>\n<meta property=\"og:url\" content=\"https:\/\/bioluminis.com\/de\/versandkosten\/\" \/>\n<meta property=\"og:site_name\" content=\"Bioluminis\u00ae\" \/>\n<meta property=\"article:publisher\" content=\"https:\/\/www.facebook.com\/BioluminisBiophotontherapy\" \/>\n<meta property=\"article:modified_time\" content=\"2022-03-01T20:45:53+00:00\" \/>\n<meta name=\"twitter:card\" content=\"summary_large_image\" \/>\n<meta name=\"twitter:label1\" content=\"Gesch\u00e4tzte Lesezeit\" \/>\n\t<meta name=\"twitter:data1\" content=\"2\u00a0Minuten\" \/>\n<script type=\"application\/ld+json\" class=\"yoast-schema-graph\">{\"@context\":\"https:\\\/\\\/schema.org\",\"@graph\":[{\"@type\":\"WebPage\",\"@id\":\"https:\\\/\\\/bioluminis.com\\\/de\\\/versandkosten\\\/\",\"url\":\"https:\\\/\\\/bioluminis.com\\\/de\\\/versandkosten\\\/\",\"name\":\"Versandkosten und Lieferzeit - Bioluminis\u00ae\",\"isPartOf\":{\"@id\":\"https:\\\/\\\/bioluminis.com\\\/de\\\/#website\"},\"datePublished\":\"2019-10-04T14:17:14+00:00\",\"dateModified\":\"2022-03-01T20:45:53+00:00\",\"breadcrumb\":{\"@id\":\"https:\\\/\\\/bioluminis.com\\\/de\\\/versandkosten\\\/#breadcrumb\"},\"inLanguage\":\"de\",\"potentialAction\":[{\"@type\":\"ReadAction\",\"target\":[\"https:\\\/\\\/bioluminis.com\\\/de\\\/versandkosten\\\/\"]}]},{\"@type\":\"BreadcrumbList\",\"@id\":\"https:\\\/\\\/bioluminis.com\\\/de\\\/versandkosten\\\/#breadcrumb\",\"itemListElement\":[{\"@type\":\"ListItem\",\"position\":1,\"name\":\"Portada\",\"item\":\"https:\\\/\\\/bioluminis.com\\\/de\\\/home\\\/\"},{\"@type\":\"ListItem\",\"position\":2,\"name\":\"Versandkosten und Lieferzeit\"}]},{\"@type\":\"WebSite\",\"@id\":\"https:\\\/\\\/bioluminis.com\\\/de\\\/#website\",\"url\":\"https:\\\/\\\/bioluminis.com\\\/de\\\/\",\"name\":\"Bioluminis\u00ae\",\"description\":\"Biofotonterapia m\u00e9todo Bioluminis\",\"publisher\":{\"@id\":\"https:\\\/\\\/bioluminis.com\\\/de\\\/#organization\"},\"potentialAction\":[{\"@type\":\"SearchAction\",\"target\":{\"@type\":\"EntryPoint\",\"urlTemplate\":\"https:\\\/\\\/bioluminis.com\\\/de\\\/?s={search_term_string}\"},\"query-input\":{\"@type\":\"PropertyValueSpecification\",\"valueRequired\":true,\"valueName\":\"search_term_string\"}}],\"inLanguage\":\"de\"},{\"@type\":\"Organization\",\"@id\":\"https:\\\/\\\/bioluminis.com\\\/de\\\/#organization\",\"name\":\"Bioluminis\u00ae\",\"url\":\"https:\\\/\\\/bioluminis.com\\\/de\\\/\",\"logo\":{\"@type\":\"ImageObject\",\"inLanguage\":\"de\",\"@id\":\"https:\\\/\\\/bioluminis.com\\\/de\\\/#\\\/schema\\\/logo\\\/image\\\/\",\"url\":\"https:\\\/\\\/bioluminis.com\\\/wp-content\\\/uploads\\\/2022\\\/06\\\/logo-bioluminis-web.png\",\"contentUrl\":\"https:\\\/\\\/bioluminis.com\\\/wp-content\\\/uploads\\\/2022\\\/06\\\/logo-bioluminis-web.png\",\"width\":400,\"height\":84,\"caption\":\"Bioluminis\u00ae\"},\"image\":{\"@id\":\"https:\\\/\\\/bioluminis.com\\\/de\\\/#\\\/schema\\\/logo\\\/image\\\/\"},\"sameAs\":[\"https:\\\/\\\/www.facebook.com\\\/BioluminisBiophotontherapy\",\"https:\\\/\\\/www.instagram.com\\\/bioluminis_biofotonterapia\\\/\"]}]}<\/script>\n<!-- \/ Yoast SEO plugin. -->","yoast_head_json":{"title":"Versandkosten und Lieferzeit - Bioluminis\u00ae","robots":{"index":"index","follow":"follow","max-snippet":"max-snippet:-1","max-image-preview":"max-image-preview:large","max-video-preview":"max-video-preview:-1"},"canonical":"https:\/\/bioluminis.com\/de\/versandkosten\/","og_locale":"de_DE","og_type":"article","og_title":"Versandkosten und Lieferzeit - Bioluminis\u00ae","og_description":"[vc_row css_animation=&#8220;&#8220; row_type=&#8220;row&#8220; use_row_as_full_screen_section=&#8220;no&#8220; type=&#8220;full_width&#8220; in_content_menu=&#8220;in_content_menu&#8220; content_menu_icon=&#8220;&#8220; angled_section=&#8220;no&#8220; text_align=&#8220;left&#8220; background_image_as_pattern=&#8220;without_pattern&#8220; background_color=&#8220;#5ca3d4&#8243;][vc_column][vc_row_inner row_type=&#8220;row&#8220; type=&#8220;grid&#8220; text_align=&#8220;left&#8220; css_animation=&#8220;&#8220;][vc_column_inner][vc_empty_space height=&#8220;40px&#8220;][vc_column_text] Versandkosten und Lieferzeit [\/vc_column_text][vc_empty_space height=&#8220;30px&#8220;][\/vc_column_inner][\/vc_row_inner][\/vc_column][\/vc_row][vc_row css_animation=&#8220;&#8220; row_type=&#8220;row&#8220; use_row_as_full_screen_section=&#8220;no&#8220; type=&#8220;grid&#8220; angled_section=&#8220;no&#8220; text_align=&#8220;left&#8220; background_image_as_pattern=&#8220;without_pattern&#8220;][vc_column][vc_empty_space height=&#8220;20px&#8220;][vc_column_text] ARTEN VON KURIERDIENSTLEISTUNGEN: &nbsp; &nbsp; Correos: Verteilt von der Sociedad Estatal de Correos y Tel\u00e9grafos, S.A. (Staatliches Post- und Telegrafen unternehmen). Kurier: \u00fcber verschiedene Paketzustellunternehmen, abh\u00e4ngig [&hellip;]","og_url":"https:\/\/bioluminis.com\/de\/versandkosten\/","og_site_name":"Bioluminis\u00ae","article_publisher":"https:\/\/www.facebook.com\/BioluminisBiophotontherapy","article_modified_time":"2022-03-01T20:45:53+00:00","twitter_card":"summary_large_image","twitter_misc":{"Gesch\u00e4tzte Lesezeit":"2\u00a0Minuten"},"schema":{"@context":"https:\/\/schema.org","@graph":[{"@type":"WebPage","@id":"https:\/\/bioluminis.com\/de\/versandkosten\/","url":"https:\/\/bioluminis.com\/de\/versandkosten\/","name":"Versandkosten und Lieferzeit - Bioluminis\u00ae","isPartOf":{"@id":"https:\/\/bioluminis.com\/de\/#website"},"datePublished":"2019-10-04T14:17:14+00:00","dateModified":"2022-03-01T20:45:53+00:00","breadcrumb":{"@id":"https:\/\/bioluminis.com\/de\/versandkosten\/#breadcrumb"},"inLanguage":"de","potentialAction":[{"@type":"ReadAction","target":["https:\/\/bioluminis.com\/de\/versandkosten\/"]}]},{"@type":"BreadcrumbList","@id":"https:\/\/bioluminis.com\/de\/versandkosten\/#breadcrumb","itemListElement":[{"@type":"ListItem","position":1,"name":"Portada","item":"https:\/\/bioluminis.com\/de\/home\/"},{"@type":"ListItem","position":2,"name":"Versandkosten und Lieferzeit"}]},{"@type":"WebSite","@id":"https:\/\/bioluminis.com\/de\/#website","url":"https:\/\/bioluminis.com\/de\/","name":"Bioluminis\u00ae","description":"Biofotonterapia m\u00e9todo Bioluminis","publisher":{"@id":"https:\/\/bioluminis.com\/de\/#organization"},"potentialAction":[{"@type":"SearchAction","target":{"@type":"EntryPoint","urlTemplate":"https:\/\/bioluminis.com\/de\/?s={search_term_string}"},"query-input":{"@type":"PropertyValueSpecification","valueRequired":true,"valueName":"search_term_string"}}],"inLanguage":"de"},{"@type":"Organization","@id":"https:\/\/bioluminis.com\/de\/#organization","name":"Bioluminis\u00ae","url":"https:\/\/bioluminis.com\/de\/","logo":{"@type":"ImageObject","inLanguage":"de","@id":"https:\/\/bioluminis.com\/de\/#\/schema\/logo\/image\/","url":"https:\/\/bioluminis.com\/wp-content\/uploads\/2022\/06\/logo-bioluminis-web.png","contentUrl":"https:\/\/bioluminis.com\/wp-content\/uploads\/2022\/06\/logo-bioluminis-web.png","width":400,"height":84,"caption":"Bioluminis\u00ae"},"image":{"@id":"https:\/\/bioluminis.com\/de\/#\/schema\/logo\/image\/"},"sameAs":["https:\/\/www.facebook.com\/BioluminisBiophotontherapy","https:\/\/www.instagram.com\/bioluminis_biofotonterapia\/"]}]}},"_links":{"self":[{"href":"https:\/\/bioluminis.com\/de\/wp-json\/wp\/v2\/pages\/1902","targetHints":{"allow":["GET"]}}],"collection":[{"href":"https:\/\/bioluminis.com\/de\/wp-json\/wp\/v2\/pages"}],"about":[{"href":"https:\/\/bioluminis.com\/de\/wp-json\/wp\/v2\/types\/page"}],"author":[{"embeddable":true,"href":"https:\/\/bioluminis.com\/de\/wp-json\/wp\/v2\/users\/2"}],"replies":[{"embeddable":true,"href":"https:\/\/bioluminis.com\/de\/wp-json\/wp\/v2\/comments?post=1902"}],"version-history":[{"count":0,"href":"https:\/\/bioluminis.com\/de\/wp-json\/wp\/v2\/pages\/1902\/revisions"}],"wp:attachment":[{"href":"https:\/\/bioluminis.com\/de\/wp-json\/wp\/v2\/media?parent=1902"}],"curies":[{"name":"wp","href":"https:\/\/api.w.org\/{rel}","templated":true}]}}