{"id":1134,"date":"2019-09-15T16:49:10","date_gmt":"2019-09-15T14:49:10","guid":{"rendered":"https:\/\/bioluminis.com\/de\/?page_id=1134"},"modified":"2025-09-09T00:03:01","modified_gmt":"2025-09-08T22:03:01","slug":"datenschutzbestimmungen","status":"publish","type":"page","link":"https:\/\/bioluminis.com\/de\/datenschutzbestimmungen\/","title":{"rendered":"Datenschutzbestimmungen"},"content":{"rendered":"\t\t<div data-elementor-type=\"wp-page\" data-elementor-id=\"1134\" class=\"elementor elementor-1134 elementor-1128\" data-elementor-post-type=\"page\">\n\t\t\t\t\t\t<section class=\"elementor-section elementor-top-section elementor-element elementor-element-7a3bccad elementor-section-boxed elementor-section-height-default elementor-section-height-default\" data-id=\"7a3bccad\" data-element_type=\"section\" data-e-type=\"section\">\r\n\t\t\r\n\t\t\t\t\t\t\t<div class=\"elementor-container elementor-column-gap-default\">\r\n\t\t\t\t\t\t\t\t\t\t\t<div class=\"elementor-column elementor-col-100 elementor-top-column elementor-element elementor-element-4b7ec092\" data-id=\"4b7ec092\" data-element_type=\"column\" data-e-type=\"column\">\r\n\t\t\t\t\t<div class=\"elementor-widget-wrap elementor-element-populated\">\r\n\t\t\t\t\t\t\t\t<div class=\"elementor-element elementor-element-31de70f5 elementor-widget elementor-widget-text-editor\" data-id=\"31de70f5\" data-element_type=\"widget\" data-e-type=\"widget\" data-widget_type=\"text-editor.default\">\n\t\t\t\t\t\t\t\t\t<p><br \/>Diese Datenschutzrichtlinie erkl\u00e4rt, wie BIOLUMINIS INTERNATIONAL CORPORATION, S.L. die personenbezogenen Daten der Nutzer gem\u00e4\u00df der Verordnung (EU) 2016\/679 (DSGVO) und dem spanischen Gesetz 3\/2018 (LOPDGDD) verarbeitet.<\/p><h3>1. Verantwortlicher<\/h3><ul><li>Inhaber: BIOLUMINIS INTERNATIONAL CORPORATION, S.L.<\/li><li>USt-IdNr.: B96586870<\/li><li>Anschrift: Avenida Arag\u00f3n 30, 8. Etage, 46021 Valencia (Spanien)<\/li><li>E-Mail: info@bioluminis.com<\/li><li>Telefon: +34 621 203 207<\/li><\/ul><h3>2. Zwecke der Verarbeitung<\/h3><ul><li>Verwaltung der Vertragsbeziehung: Bestellungen, Zahlungen, Lieferungen, Kundenservice.<\/li><li>Erf\u00fcllung gesetzlicher Verpflichtungen (Steuer- und Buchhaltung).<\/li><li>Versand von Marketingmitteilungen, wenn der Nutzer ausdr\u00fccklich zustimmt.<\/li><li>Verbesserung unserer Dienste und der Sicherheit der Website durch Cookies und Analysen (mit Einwilligung).<\/li><\/ul><h3>3. Rechtsgrundlage<\/h3><ul><li>Vertragserf\u00fcllung (Art. 6.1.b DSGVO).<\/li><li>Erf\u00fcllung gesetzlicher Verpflichtungen (Art. 6.1.c DSGVO).<\/li><li>Einwilligung (Art. 6.1.a DSGVO) f\u00fcr Marketing und nicht wesentliche Cookies.<\/li><li>Berechtigtes Interesse (Art. 6.1.f DSGVO) zur Verbesserung der Dienste und zur Betrugspr\u00e4vention.<\/li><\/ul><h3>4. Empf\u00e4nger und Auftragsverarbeiter<\/h3><p>Die Daten k\u00f6nnen von Technologieanbietern, Hosting-Diensten, Zahlungsanbietern (z. B. Redsys, PayPal), Kurier- und Logistikdiensten im Rahmen von Auftragsverarbeitungsvertr\u00e4gen verarbeitet werden. Eine Weitergabe an Dritte erfolgt nur bei gesetzlicher Verpflichtung.<\/p><h3>5. Internationale \u00dcbermittlungen<\/h3><p>Bei der Nutzung von Diensten au\u00dferhalb des EWR (z. B. Google, Mailchimp) wird ein angemessenes Schutzniveau durch EU-Standardvertragsklauseln oder andere anerkannte Garantien gew\u00e4hrleistet.<\/p><h3>6. Aufbewahrungsdauer<\/h3><ul><li>Kundendaten: f\u00fcr die Dauer der Vertragsbeziehung und danach so lange wie gesetzlich erforderlich (z. B. Steuer: 6 Jahre).<\/li><li>Marketingdaten: bis zum Widerruf der Einwilligung durch den Nutzer.<\/li><\/ul><h3>7. Rechte der Nutzer<\/h3><p>Die Betroffenen k\u00f6nnen ihre Rechte auf Auskunft, Berichtigung, L\u00f6schung, Einschr\u00e4nkung, \u00dcbertragbarkeit und Widerspruch per E-Mail an info@bioluminis.com aus\u00fcben. Zudem haben sie das Recht, eine Beschwerde bei der spanischen Datenschutzbeh\u00f6rde (<a href=\"https:\/\/www.aepd.es\" target=\"_blank\" rel=\"noopener\">www.aepd.es<\/a>) einzureichen.<\/p><h3>8. Sicherheit<\/h3><p>Bioluminis ergreift geeignete technische und organisatorische Ma\u00dfnahmen, um personenbezogene Daten vor unbefugtem Zugriff, Verlust oder Ver\u00e4nderung zu sch\u00fctzen.<\/p><h3>9. Minderj\u00e4hrige<\/h3><p>Unsere Dienste richten sich nicht an Kinder unter 14 Jahren. Wenn wir Kenntnis von einer Verarbeitung von Daten Minderj\u00e4hriger ohne g\u00fcltige Einwilligung erhalten, werden diese Daten umgehend gel\u00f6scht.<\/p>\t\t\t\t\t\t\t\t<\/div>\n\t\t\t\t\t<\/div>\r\n\t\t\t\t<\/div>\r\n\t\t\t\t\t<\/div>\r\n\t\t\t\t<\/section>\r\n\t\t\t\t<section class=\"elementor-section elementor-top-section elementor-element elementor-element-5228f0b elementor-section-content-middle elementor-section-stretched elementor-section-boxed elementor-section-height-default elementor-section-height-default\" data-id=\"5228f0b\" data-element_type=\"section\" data-e-type=\"section\" data-settings=\"{&quot;stretch_section&quot;:&quot;section-stretched&quot;,&quot;background_background&quot;:&quot;classic&quot;}\">\r\n\t\t\r\n\t\t\t\t\t\t\t<div class=\"elementor-container elementor-column-gap-extended\">\r\n\t\t\t\t\t\t\t\t\t\t\t<div class=\"elementor-column elementor-col-100 elementor-top-column elementor-element elementor-element-58e4999\" data-id=\"58e4999\" data-element_type=\"column\" data-e-type=\"column\">\r\n\t\t\t\t\t<div class=\"elementor-widget-wrap elementor-element-populated\">\r\n\t\t\t\t\t\t\t\t<div class=\"elementor-element elementor-element-1c38882 elementor-widget elementor-widget-heading\" data-id=\"1c38882\" data-element_type=\"widget\" data-e-type=\"widget\" data-widget_type=\"heading.default\">\n\t\t\t\t\t<h3 class=\"elementor-heading-title elementor-size-default\">Ben\u00f6tigen Sie weitere Informationen?<\/h3>\t\t\t\t<\/div>\n\t\t\t\t<div class=\"elementor-element elementor-element-4842301 elementor-widget elementor-widget-heading\" data-id=\"4842301\" data-element_type=\"widget\" data-e-type=\"widget\" data-widget_type=\"heading.default\">\n\t\t\t\t\t<h2 class=\"elementor-heading-title elementor-size-default\">Fragen Sie uns!<\/h2>\t\t\t\t<\/div>\n\t\t\t\t<div class=\"elementor-element elementor-element-f2c0754 elementor-widget elementor-widget-spacer\" data-id=\"f2c0754\" data-element_type=\"widget\" data-e-type=\"widget\" data-widget_type=\"spacer.default\">\n\t\t\t\t\t\t\t<div class=\"elementor-spacer\">\n\t\t\t<div class=\"elementor-spacer-inner\"><\/div>\n\t\t<\/div>\n\t\t\t\t\t\t<\/div>\n\t\t\t\t<div class=\"elementor-element elementor-element-8e27b86 elementor-align-center elementor-widget elementor-widget-button\" data-id=\"8e27b86\" data-element_type=\"widget\" data-e-type=\"widget\" data-widget_type=\"button.default\">\n\t\t\t\t\t\t\t\t\t\t<a class=\"elementor-button elementor-button-link elementor-size-md\" href=\"https:\/\/bioluminis.com\/de\/kontakt\/\">\n\t\t\t\t\t\t<span class=\"elementor-button-content-wrapper\">\n\t\t\t\t\t\t<span class=\"elementor-button-icon\">\n\t\t\t\t<i aria-hidden=\"true\" class=\"  porto-icon-arrow-forward-right\"><\/i>\t\t\t<\/span>\n\t\t\t\t\t\t\t\t\t<span class=\"elementor-button-text\">Kontakt<\/span>\n\t\t\t\t\t<\/span>\n\t\t\t\t\t<\/a>\n\t\t\t\t\t\t\t\t<\/div>\n\t\t\t\t\t<\/div>\r\n\t\t\t\t<\/div>\r\n\t\t\t\t\t<\/div>\r\n\t\t\t\t<\/section>\r\n\t\t\t\t<\/div>\n\t\t","protected":false},"excerpt":{"rendered":"<p>Diese Datenschutzrichtlinie erkl\u00e4rt, wie BIOLUMINIS INTERNATIONAL CORPORATION, S.L. die personenbezogenen Daten der Nutzer gem\u00e4\u00df der Verordnung (EU) 2016\/679 (DSGVO) und dem spanischen Gesetz 3\/2018 (LOPDGDD) verarbeitet. 1. Verantwortlicher Inhaber: BIOLUMINIS INTERNATIONAL CORPORATION, S.L. USt-IdNr.: B96586870 Anschrift: Avenida Arag\u00f3n 30, 8. Etage, 46021 Valencia (Spanien) E-Mail: info@bioluminis.com Telefon: +34 621 203 207 2. Zwecke der Verarbeitung [&hellip;]<\/p>\n","protected":false},"author":2,"featured_media":0,"parent":0,"menu_order":0,"comment_status":"closed","ping_status":"closed","template":"","meta":{"footnotes":""},"class_list":["post-1134","page","type-page","status-publish","hentry"],"yoast_head":"<!-- This site is optimized with the Yoast SEO plugin v27.4 - https:\/\/yoast.com\/product\/yoast-seo-wordpress\/ -->\n<title>Datenschutzbestimmungen - Bioluminis\u00ae<\/title>\n<meta name=\"robots\" content=\"index, follow, max-snippet:-1, max-image-preview:large, max-video-preview:-1\" \/>\n<link rel=\"canonical\" href=\"https:\/\/bioluminis.com\/de\/datenschutzbestimmungen\/\" \/>\n<meta property=\"og:locale\" content=\"de_DE\" \/>\n<meta property=\"og:type\" content=\"article\" \/>\n<meta property=\"og:title\" content=\"Datenschutzbestimmungen - Bioluminis\u00ae\" \/>\n<meta property=\"og:description\" content=\"Diese Datenschutzrichtlinie erkl\u00e4rt, wie BIOLUMINIS INTERNATIONAL CORPORATION, S.L. die personenbezogenen Daten der Nutzer gem\u00e4\u00df der Verordnung (EU) 2016\/679 (DSGVO) und dem spanischen Gesetz 3\/2018 (LOPDGDD) verarbeitet. 1. Verantwortlicher Inhaber: BIOLUMINIS INTERNATIONAL CORPORATION, S.L. USt-IdNr.: B96586870 Anschrift: Avenida Arag\u00f3n 30, 8. Etage, 46021 Valencia (Spanien) E-Mail: info@bioluminis.com Telefon: +34 621 203 207 2. Zwecke der Verarbeitung [&hellip;]\" \/>\n<meta property=\"og:url\" content=\"https:\/\/bioluminis.com\/de\/datenschutzbestimmungen\/\" \/>\n<meta property=\"og:site_name\" content=\"Bioluminis\u00ae\" \/>\n<meta property=\"article:publisher\" content=\"https:\/\/www.facebook.com\/BioluminisBiophotontherapy\" \/>\n<meta property=\"article:modified_time\" content=\"2025-09-08T22:03:01+00:00\" \/>\n<meta name=\"twitter:card\" content=\"summary_large_image\" \/>\n<meta name=\"twitter:label1\" content=\"Gesch\u00e4tzte Lesezeit\" \/>\n\t<meta name=\"twitter:data1\" content=\"2\u00a0Minuten\" \/>\n<script type=\"application\/ld+json\" class=\"yoast-schema-graph\">{\"@context\":\"https:\\\/\\\/schema.org\",\"@graph\":[{\"@type\":\"WebPage\",\"@id\":\"https:\\\/\\\/bioluminis.com\\\/de\\\/datenschutzbestimmungen\\\/\",\"url\":\"https:\\\/\\\/bioluminis.com\\\/de\\\/datenschutzbestimmungen\\\/\",\"name\":\"Datenschutzbestimmungen - Bioluminis\u00ae\",\"isPartOf\":{\"@id\":\"https:\\\/\\\/bioluminis.com\\\/de\\\/#website\"},\"datePublished\":\"2019-09-15T14:49:10+00:00\",\"dateModified\":\"2025-09-08T22:03:01+00:00\",\"breadcrumb\":{\"@id\":\"https:\\\/\\\/bioluminis.com\\\/de\\\/datenschutzbestimmungen\\\/#breadcrumb\"},\"inLanguage\":\"de\",\"potentialAction\":[{\"@type\":\"ReadAction\",\"target\":[\"https:\\\/\\\/bioluminis.com\\\/de\\\/datenschutzbestimmungen\\\/\"]}]},{\"@type\":\"BreadcrumbList\",\"@id\":\"https:\\\/\\\/bioluminis.com\\\/de\\\/datenschutzbestimmungen\\\/#breadcrumb\",\"itemListElement\":[{\"@type\":\"ListItem\",\"position\":1,\"name\":\"Portada\",\"item\":\"https:\\\/\\\/bioluminis.com\\\/de\\\/home\\\/\"},{\"@type\":\"ListItem\",\"position\":2,\"name\":\"Datenschutzbestimmungen\"}]},{\"@type\":\"WebSite\",\"@id\":\"https:\\\/\\\/bioluminis.com\\\/de\\\/#website\",\"url\":\"https:\\\/\\\/bioluminis.com\\\/de\\\/\",\"name\":\"Bioluminis\u00ae\",\"description\":\"Biofotonterapia m\u00e9todo Bioluminis\",\"publisher\":{\"@id\":\"https:\\\/\\\/bioluminis.com\\\/de\\\/#organization\"},\"potentialAction\":[{\"@type\":\"SearchAction\",\"target\":{\"@type\":\"EntryPoint\",\"urlTemplate\":\"https:\\\/\\\/bioluminis.com\\\/de\\\/?s={search_term_string}\"},\"query-input\":{\"@type\":\"PropertyValueSpecification\",\"valueRequired\":true,\"valueName\":\"search_term_string\"}}],\"inLanguage\":\"de\"},{\"@type\":\"Organization\",\"@id\":\"https:\\\/\\\/bioluminis.com\\\/de\\\/#organization\",\"name\":\"Bioluminis\u00ae\",\"url\":\"https:\\\/\\\/bioluminis.com\\\/de\\\/\",\"logo\":{\"@type\":\"ImageObject\",\"inLanguage\":\"de\",\"@id\":\"https:\\\/\\\/bioluminis.com\\\/de\\\/#\\\/schema\\\/logo\\\/image\\\/\",\"url\":\"https:\\\/\\\/bioluminis.com\\\/wp-content\\\/uploads\\\/2022\\\/06\\\/logo-bioluminis-web.png\",\"contentUrl\":\"https:\\\/\\\/bioluminis.com\\\/wp-content\\\/uploads\\\/2022\\\/06\\\/logo-bioluminis-web.png\",\"width\":400,\"height\":84,\"caption\":\"Bioluminis\u00ae\"},\"image\":{\"@id\":\"https:\\\/\\\/bioluminis.com\\\/de\\\/#\\\/schema\\\/logo\\\/image\\\/\"},\"sameAs\":[\"https:\\\/\\\/www.facebook.com\\\/BioluminisBiophotontherapy\",\"https:\\\/\\\/www.instagram.com\\\/bioluminis_biofotonterapia\\\/\"]}]}<\/script>\n<!-- \/ Yoast SEO plugin. -->","yoast_head_json":{"title":"Datenschutzbestimmungen - Bioluminis\u00ae","robots":{"index":"index","follow":"follow","max-snippet":"max-snippet:-1","max-image-preview":"max-image-preview:large","max-video-preview":"max-video-preview:-1"},"canonical":"https:\/\/bioluminis.com\/de\/datenschutzbestimmungen\/","og_locale":"de_DE","og_type":"article","og_title":"Datenschutzbestimmungen - Bioluminis\u00ae","og_description":"Diese Datenschutzrichtlinie erkl\u00e4rt, wie BIOLUMINIS INTERNATIONAL CORPORATION, S.L. die personenbezogenen Daten der Nutzer gem\u00e4\u00df der Verordnung (EU) 2016\/679 (DSGVO) und dem spanischen Gesetz 3\/2018 (LOPDGDD) verarbeitet. 1. Verantwortlicher Inhaber: BIOLUMINIS INTERNATIONAL CORPORATION, S.L. USt-IdNr.: B96586870 Anschrift: Avenida Arag\u00f3n 30, 8. Etage, 46021 Valencia (Spanien) E-Mail: info@bioluminis.com Telefon: +34 621 203 207 2. Zwecke der Verarbeitung [&hellip;]","og_url":"https:\/\/bioluminis.com\/de\/datenschutzbestimmungen\/","og_site_name":"Bioluminis\u00ae","article_publisher":"https:\/\/www.facebook.com\/BioluminisBiophotontherapy","article_modified_time":"2025-09-08T22:03:01+00:00","twitter_card":"summary_large_image","twitter_misc":{"Gesch\u00e4tzte Lesezeit":"2\u00a0Minuten"},"schema":{"@context":"https:\/\/schema.org","@graph":[{"@type":"WebPage","@id":"https:\/\/bioluminis.com\/de\/datenschutzbestimmungen\/","url":"https:\/\/bioluminis.com\/de\/datenschutzbestimmungen\/","name":"Datenschutzbestimmungen - Bioluminis\u00ae","isPartOf":{"@id":"https:\/\/bioluminis.com\/de\/#website"},"datePublished":"2019-09-15T14:49:10+00:00","dateModified":"2025-09-08T22:03:01+00:00","breadcrumb":{"@id":"https:\/\/bioluminis.com\/de\/datenschutzbestimmungen\/#breadcrumb"},"inLanguage":"de","potentialAction":[{"@type":"ReadAction","target":["https:\/\/bioluminis.com\/de\/datenschutzbestimmungen\/"]}]},{"@type":"BreadcrumbList","@id":"https:\/\/bioluminis.com\/de\/datenschutzbestimmungen\/#breadcrumb","itemListElement":[{"@type":"ListItem","position":1,"name":"Portada","item":"https:\/\/bioluminis.com\/de\/home\/"},{"@type":"ListItem","position":2,"name":"Datenschutzbestimmungen"}]},{"@type":"WebSite","@id":"https:\/\/bioluminis.com\/de\/#website","url":"https:\/\/bioluminis.com\/de\/","name":"Bioluminis\u00ae","description":"Biofotonterapia m\u00e9todo Bioluminis","publisher":{"@id":"https:\/\/bioluminis.com\/de\/#organization"},"potentialAction":[{"@type":"SearchAction","target":{"@type":"EntryPoint","urlTemplate":"https:\/\/bioluminis.com\/de\/?s={search_term_string}"},"query-input":{"@type":"PropertyValueSpecification","valueRequired":true,"valueName":"search_term_string"}}],"inLanguage":"de"},{"@type":"Organization","@id":"https:\/\/bioluminis.com\/de\/#organization","name":"Bioluminis\u00ae","url":"https:\/\/bioluminis.com\/de\/","logo":{"@type":"ImageObject","inLanguage":"de","@id":"https:\/\/bioluminis.com\/de\/#\/schema\/logo\/image\/","url":"https:\/\/bioluminis.com\/wp-content\/uploads\/2022\/06\/logo-bioluminis-web.png","contentUrl":"https:\/\/bioluminis.com\/wp-content\/uploads\/2022\/06\/logo-bioluminis-web.png","width":400,"height":84,"caption":"Bioluminis\u00ae"},"image":{"@id":"https:\/\/bioluminis.com\/de\/#\/schema\/logo\/image\/"},"sameAs":["https:\/\/www.facebook.com\/BioluminisBiophotontherapy","https:\/\/www.instagram.com\/bioluminis_biofotonterapia\/"]}]}},"_links":{"self":[{"href":"https:\/\/bioluminis.com\/de\/wp-json\/wp\/v2\/pages\/1134","targetHints":{"allow":["GET"]}}],"collection":[{"href":"https:\/\/bioluminis.com\/de\/wp-json\/wp\/v2\/pages"}],"about":[{"href":"https:\/\/bioluminis.com\/de\/wp-json\/wp\/v2\/types\/page"}],"author":[{"embeddable":true,"href":"https:\/\/bioluminis.com\/de\/wp-json\/wp\/v2\/users\/2"}],"replies":[{"embeddable":true,"href":"https:\/\/bioluminis.com\/de\/wp-json\/wp\/v2\/comments?post=1134"}],"version-history":[{"count":0,"href":"https:\/\/bioluminis.com\/de\/wp-json\/wp\/v2\/pages\/1134\/revisions"}],"wp:attachment":[{"href":"https:\/\/bioluminis.com\/de\/wp-json\/wp\/v2\/media?parent=1134"}],"curies":[{"name":"wp","href":"https:\/\/api.w.org\/{rel}","templated":true}]}}