{"id":1124,"date":"2019-09-15T11:21:47","date_gmt":"2019-09-15T09:21:47","guid":{"rendered":"https:\/\/bioluminis.com\/de\/?page_id=1124"},"modified":"2025-09-08T23:01:20","modified_gmt":"2025-09-08T21:01:20","slug":"rechtliche-hinweise","status":"publish","type":"page","link":"https:\/\/bioluminis.com\/de\/rechtliche-hinweise\/","title":{"rendered":"Rechtliche Hinweise"},"content":{"rendered":"\t\t<div data-elementor-type=\"wp-page\" data-elementor-id=\"1124\" class=\"elementor elementor-1124 elementor-1116\" data-elementor-post-type=\"page\">\n\t\t\t\t\t\t<section class=\"elementor-section elementor-top-section elementor-element elementor-element-20be3a6e elementor-section-boxed elementor-section-height-default elementor-section-height-default\" data-id=\"20be3a6e\" data-element_type=\"section\" data-e-type=\"section\">\r\n\t\t\r\n\t\t\t\t\t\t\t<div class=\"elementor-container elementor-column-gap-default\">\r\n\t\t\t\t\t\t\t\t\t\t\t<div class=\"elementor-column elementor-col-100 elementor-top-column elementor-element elementor-element-49ed86b6\" data-id=\"49ed86b6\" data-element_type=\"column\" data-e-type=\"column\">\r\n\t\t\t\t\t<div class=\"elementor-widget-wrap elementor-element-populated\">\r\n\t\t\t\t\t\t\t\t<div class=\"elementor-element elementor-element-2ffe70d0 elementor-widget elementor-widget-text-editor\" data-id=\"2ffe70d0\" data-element_type=\"widget\" data-e-type=\"widget\" data-widget_type=\"text-editor.default\">\n\t\t\t\t\t\t\t\t\t<h3>1. Inhaber der Website<\/h3><p>Gem\u00e4\u00df Artikel 10 des spanischen Gesetzes 34\/2002 (LSSI) wird Folgendes angegeben:<\/p><ul><li>&#8211; Inhaber: BIOLUMINIS INTERNATIONAL CORPORATION, S.L.<\/li><li>&#8211; USt-IdNr.: B96586870<\/li><li>&#8211; Anschrift: Avenida Arag\u00f3n 30, 8. Etage, 46021 Valencia (Spanien)<\/li><li>&#8211; Handelsregister: Valencia, Band 5674, Buch 2981, Blatt 168, Abschnitt 8, Seite V-51794<\/li><li>&#8211; E-Mail: info@bioluminis.com<\/li><li>&#8211; Telefon: +34 621 203 207<\/li><\/ul><h3>2. Zweck der Website<\/h3><p>Die Website www.bioluminis.com (die \u201eWebsite\u201c) bietet Unternehmens- und Produktinformationen zu Bioluminis-Filtern sowie ggf. E-Commerce-Funktionen und Kundendienst. Der Zugriff und die Nutzung der Website bedeuten die Zustimmung zu diesem rechtlichen Hinweis sowie zu den Verkaufsbedingungen, der Datenschutz- und der Cookie-Richtlinie.<\/p><h3>3. Zugang und Betrieb<\/h3><p>Bioluminis bem\u00fcht sich um den ordnungsgem\u00e4\u00dfen Betrieb der Website. Der Zugang kann vor\u00fcbergehend f\u00fcr Wartung, Sicherheit oder h\u00f6here Gewalt ausgesetzt werden.<\/p><h3>4. Ordnungsgem\u00e4\u00dfe Nutzung<\/h3><p>Die Nutzer verpflichten sich zu einer rechtm\u00e4\u00dfigen und sorgf\u00e4ltigen Nutzung. Sie unterlassen: (i) Verletzung von Urheber- oder Markenrechten; (ii) Verbreitung von Schadsoftware; (iii) rechtswidrige, diffamierende oder sch\u00e4dliche Aktivit\u00e4ten; (iv) Spam. Bioluminis kann den Zugang bei Missbrauch einschr\u00e4nken.<\/p><h3>5. Geistiges Eigentum<\/h3><p>Alle Inhalte, Designs, Quellcodes, Marken und sonstige Elemente geh\u00f6ren Bioluminis oder lizenzierten Dritten. Vervielf\u00e4ltigung, Verbreitung, \u00f6ffentliche Wiedergabe, Ver\u00e4nderung oder Nutzung ohne Genehmigung ist verboten. Anfragen an: info@bioluminis.com.<\/p><h3>6. Von Nutzern erstellte Inhalte (falls zutreffend)<\/h3><p>Wenn die Website Bewertungen oder Kommentare zul\u00e4sst, d\u00fcrfen keine rechtswidrigen oder anst\u00f6\u00dfigen Inhalte ver\u00f6ffentlicht werden. Illegale Inhalte k\u00f6nnen an legal@bioluminis.com gemeldet werden.<\/p><h3>7. Externe Links<\/h3><p>Die Website kann Links zu Websites Dritter enthalten. Bioluminis ist nicht verantwortlich f\u00fcr deren Inhalte, wird aber rechtswidrige Links nach Benachrichtigung entfernen.<\/p><h3>8. Haftung<\/h3><p>Bioluminis handelt sorgf\u00e4ltig, um die Website sicher zu halten, garantiert jedoch nicht die Abwesenheit von Unterbrechungen au\u00dferhalb ihrer Kontrolle.<\/p><h3>9. Datenschutz<\/h3><p>Weitere Informationen zur Verarbeitung personenbezogener Daten finden Sie in unserer Datenschutzrichtlinie. Diese enth\u00e4lt Verantwortliche, Zwecke, Rechtsgrundlagen, Empf\u00e4nger, \u00dcbermittlungen, Aufbewahrungsfristen und Rechte einschlie\u00dflich des Rechts auf Beschwerde bei der spanischen Datenschutzbeh\u00f6rde.<\/p><h3>10. Cookies<\/h3><p>Die Website verwendet eigene und Drittanbieter-Cookies zu Analyse- und ggf. Personalisierungs-\/Marketingzwecken. Beim ersten Besuch erscheint ein Banner mit den Optionen Akzeptieren, Ablehnen oder Konfigurieren. Details in der Cookie-Richtlinie.<\/p><h3>11. GAnwendbares Recht und Gerichtsstand<\/h3><p>Dieser rechtliche Hinweis unterliegt spanischem Recht. Bei Streitigkeiten sind die Gerichte in Valencia zust\u00e4ndig, unbeschadet der Verbraucherrechte.<\/p>\t\t\t\t\t\t\t\t<\/div>\n\t\t\t\t\t<\/div>\r\n\t\t\t\t<\/div>\r\n\t\t\t\t\t<\/div>\r\n\t\t\t\t<\/section>\r\n\t\t\t\t<section class=\"elementor-section elementor-top-section elementor-element elementor-element-668f642 elementor-section-content-middle elementor-section-stretched elementor-section-boxed elementor-section-height-default elementor-section-height-default\" data-id=\"668f642\" data-element_type=\"section\" data-e-type=\"section\" data-settings=\"{&quot;stretch_section&quot;:&quot;section-stretched&quot;,&quot;background_background&quot;:&quot;classic&quot;}\">\r\n\t\t\r\n\t\t\t\t\t\t\t<div class=\"elementor-container elementor-column-gap-extended\">\r\n\t\t\t\t\t\t\t\t\t\t\t<div class=\"elementor-column elementor-col-100 elementor-top-column elementor-element elementor-element-23f15b1\" data-id=\"23f15b1\" data-element_type=\"column\" data-e-type=\"column\">\r\n\t\t\t\t\t<div class=\"elementor-widget-wrap elementor-element-populated\">\r\n\t\t\t\t\t\t\t\t<div class=\"elementor-element elementor-element-de2fb93 elementor-widget elementor-widget-heading\" data-id=\"de2fb93\" data-element_type=\"widget\" data-e-type=\"widget\" data-widget_type=\"heading.default\">\n\t\t\t\t\t<h3 class=\"elementor-heading-title elementor-size-default\">Ben\u00f6tigen Sie weitere Informationen?<\/h3>\t\t\t\t<\/div>\n\t\t\t\t<div class=\"elementor-element elementor-element-9ff5e4c elementor-widget elementor-widget-heading\" data-id=\"9ff5e4c\" data-element_type=\"widget\" data-e-type=\"widget\" data-widget_type=\"heading.default\">\n\t\t\t\t\t<h2 class=\"elementor-heading-title elementor-size-default\">Fragen Sie uns!<\/h2>\t\t\t\t<\/div>\n\t\t\t\t<div class=\"elementor-element elementor-element-d11c932 elementor-widget elementor-widget-spacer\" data-id=\"d11c932\" data-element_type=\"widget\" data-e-type=\"widget\" data-widget_type=\"spacer.default\">\n\t\t\t\t\t\t\t<div class=\"elementor-spacer\">\n\t\t\t<div class=\"elementor-spacer-inner\"><\/div>\n\t\t<\/div>\n\t\t\t\t\t\t<\/div>\n\t\t\t\t<div class=\"elementor-element elementor-element-9b3bfda elementor-align-center elementor-widget elementor-widget-button\" data-id=\"9b3bfda\" data-element_type=\"widget\" data-e-type=\"widget\" data-widget_type=\"button.default\">\n\t\t\t\t\t\t\t\t\t\t<a class=\"elementor-button elementor-button-link elementor-size-md\" href=\"https:\/\/bioluminis.com\/de\/kontakt\/\">\n\t\t\t\t\t\t<span class=\"elementor-button-content-wrapper\">\n\t\t\t\t\t\t<span class=\"elementor-button-icon\">\n\t\t\t\t<i aria-hidden=\"true\" class=\"  porto-icon-arrow-forward-right\"><\/i>\t\t\t<\/span>\n\t\t\t\t\t\t\t\t\t<span class=\"elementor-button-text\">Kontakt<\/span>\n\t\t\t\t\t<\/span>\n\t\t\t\t\t<\/a>\n\t\t\t\t\t\t\t\t<\/div>\n\t\t\t\t\t<\/div>\r\n\t\t\t\t<\/div>\r\n\t\t\t\t\t<\/div>\r\n\t\t\t\t<\/section>\r\n\t\t\t\t<\/div>\n\t\t","protected":false},"excerpt":{"rendered":"<p>1. Inhaber der Website Gem\u00e4\u00df Artikel 10 des spanischen Gesetzes 34\/2002 (LSSI) wird Folgendes angegeben: &#8211; Inhaber: BIOLUMINIS INTERNATIONAL CORPORATION, S.L. &#8211; USt-IdNr.: B96586870 &#8211; Anschrift: Avenida Arag\u00f3n 30, 8. Etage, 46021 Valencia (Spanien) &#8211; Handelsregister: Valencia, Band 5674, Buch 2981, Blatt 168, Abschnitt 8, Seite V-51794 &#8211; E-Mail: info@bioluminis.com &#8211; Telefon: +34 621 203 [&hellip;]<\/p>\n","protected":false},"author":2,"featured_media":0,"parent":0,"menu_order":0,"comment_status":"closed","ping_status":"closed","template":"","meta":{"footnotes":""},"class_list":["post-1124","page","type-page","status-publish","hentry"],"yoast_head":"<!-- This site is optimized with the Yoast SEO plugin v27.4 - https:\/\/yoast.com\/product\/yoast-seo-wordpress\/ -->\n<title>Rechtliche Hinweise - Bioluminis\u00ae<\/title>\n<meta name=\"description\" content=\"El presente portal web pertenece a BIOLUMINIS\" \/>\n<meta name=\"robots\" content=\"index, follow, max-snippet:-1, max-image-preview:large, max-video-preview:-1\" \/>\n<link rel=\"canonical\" href=\"https:\/\/bioluminis.com\/de\/rechtliche-hinweise\/\" \/>\n<meta property=\"og:locale\" content=\"de_DE\" \/>\n<meta property=\"og:type\" content=\"article\" \/>\n<meta property=\"og:title\" content=\"Rechtliche Hinweise - Bioluminis\u00ae\" \/>\n<meta property=\"og:description\" content=\"El presente portal web pertenece a BIOLUMINIS\" \/>\n<meta property=\"og:url\" content=\"https:\/\/bioluminis.com\/de\/rechtliche-hinweise\/\" \/>\n<meta property=\"og:site_name\" content=\"Bioluminis\u00ae\" \/>\n<meta property=\"article:publisher\" content=\"https:\/\/www.facebook.com\/BioluminisBiophotontherapy\" \/>\n<meta property=\"article:modified_time\" content=\"2025-09-08T21:01:20+00:00\" \/>\n<meta name=\"twitter:card\" content=\"summary_large_image\" \/>\n<meta name=\"twitter:label1\" content=\"Gesch\u00e4tzte Lesezeit\" \/>\n\t<meta name=\"twitter:data1\" content=\"2\u00a0Minuten\" \/>\n<script type=\"application\/ld+json\" class=\"yoast-schema-graph\">{\"@context\":\"https:\\\/\\\/schema.org\",\"@graph\":[{\"@type\":\"WebPage\",\"@id\":\"https:\\\/\\\/bioluminis.com\\\/de\\\/rechtliche-hinweise\\\/\",\"url\":\"https:\\\/\\\/bioluminis.com\\\/de\\\/rechtliche-hinweise\\\/\",\"name\":\"Rechtliche Hinweise - Bioluminis\u00ae\",\"isPartOf\":{\"@id\":\"https:\\\/\\\/bioluminis.com\\\/de\\\/#website\"},\"datePublished\":\"2019-09-15T09:21:47+00:00\",\"dateModified\":\"2025-09-08T21:01:20+00:00\",\"description\":\"El presente portal web pertenece a BIOLUMINIS\",\"breadcrumb\":{\"@id\":\"https:\\\/\\\/bioluminis.com\\\/de\\\/rechtliche-hinweise\\\/#breadcrumb\"},\"inLanguage\":\"de\",\"potentialAction\":[{\"@type\":\"ReadAction\",\"target\":[\"https:\\\/\\\/bioluminis.com\\\/de\\\/rechtliche-hinweise\\\/\"]}]},{\"@type\":\"BreadcrumbList\",\"@id\":\"https:\\\/\\\/bioluminis.com\\\/de\\\/rechtliche-hinweise\\\/#breadcrumb\",\"itemListElement\":[{\"@type\":\"ListItem\",\"position\":1,\"name\":\"Portada\",\"item\":\"https:\\\/\\\/bioluminis.com\\\/de\\\/home\\\/\"},{\"@type\":\"ListItem\",\"position\":2,\"name\":\"Rechtliche Hinweise\"}]},{\"@type\":\"WebSite\",\"@id\":\"https:\\\/\\\/bioluminis.com\\\/de\\\/#website\",\"url\":\"https:\\\/\\\/bioluminis.com\\\/de\\\/\",\"name\":\"Bioluminis\u00ae\",\"description\":\"Biofotonterapia m\u00e9todo Bioluminis\",\"publisher\":{\"@id\":\"https:\\\/\\\/bioluminis.com\\\/de\\\/#organization\"},\"potentialAction\":[{\"@type\":\"SearchAction\",\"target\":{\"@type\":\"EntryPoint\",\"urlTemplate\":\"https:\\\/\\\/bioluminis.com\\\/de\\\/?s={search_term_string}\"},\"query-input\":{\"@type\":\"PropertyValueSpecification\",\"valueRequired\":true,\"valueName\":\"search_term_string\"}}],\"inLanguage\":\"de\"},{\"@type\":\"Organization\",\"@id\":\"https:\\\/\\\/bioluminis.com\\\/de\\\/#organization\",\"name\":\"Bioluminis\u00ae\",\"url\":\"https:\\\/\\\/bioluminis.com\\\/de\\\/\",\"logo\":{\"@type\":\"ImageObject\",\"inLanguage\":\"de\",\"@id\":\"https:\\\/\\\/bioluminis.com\\\/de\\\/#\\\/schema\\\/logo\\\/image\\\/\",\"url\":\"https:\\\/\\\/bioluminis.com\\\/wp-content\\\/uploads\\\/2022\\\/06\\\/logo-bioluminis-web.png\",\"contentUrl\":\"https:\\\/\\\/bioluminis.com\\\/wp-content\\\/uploads\\\/2022\\\/06\\\/logo-bioluminis-web.png\",\"width\":400,\"height\":84,\"caption\":\"Bioluminis\u00ae\"},\"image\":{\"@id\":\"https:\\\/\\\/bioluminis.com\\\/de\\\/#\\\/schema\\\/logo\\\/image\\\/\"},\"sameAs\":[\"https:\\\/\\\/www.facebook.com\\\/BioluminisBiophotontherapy\",\"https:\\\/\\\/www.instagram.com\\\/bioluminis_biofotonterapia\\\/\"]}]}<\/script>\n<!-- \/ Yoast SEO plugin. -->","yoast_head_json":{"title":"Rechtliche Hinweise - Bioluminis\u00ae","description":"El presente portal web pertenece a BIOLUMINIS","robots":{"index":"index","follow":"follow","max-snippet":"max-snippet:-1","max-image-preview":"max-image-preview:large","max-video-preview":"max-video-preview:-1"},"canonical":"https:\/\/bioluminis.com\/de\/rechtliche-hinweise\/","og_locale":"de_DE","og_type":"article","og_title":"Rechtliche Hinweise - Bioluminis\u00ae","og_description":"El presente portal web pertenece a BIOLUMINIS","og_url":"https:\/\/bioluminis.com\/de\/rechtliche-hinweise\/","og_site_name":"Bioluminis\u00ae","article_publisher":"https:\/\/www.facebook.com\/BioluminisBiophotontherapy","article_modified_time":"2025-09-08T21:01:20+00:00","twitter_card":"summary_large_image","twitter_misc":{"Gesch\u00e4tzte Lesezeit":"2\u00a0Minuten"},"schema":{"@context":"https:\/\/schema.org","@graph":[{"@type":"WebPage","@id":"https:\/\/bioluminis.com\/de\/rechtliche-hinweise\/","url":"https:\/\/bioluminis.com\/de\/rechtliche-hinweise\/","name":"Rechtliche Hinweise - Bioluminis\u00ae","isPartOf":{"@id":"https:\/\/bioluminis.com\/de\/#website"},"datePublished":"2019-09-15T09:21:47+00:00","dateModified":"2025-09-08T21:01:20+00:00","description":"El presente portal web pertenece a BIOLUMINIS","breadcrumb":{"@id":"https:\/\/bioluminis.com\/de\/rechtliche-hinweise\/#breadcrumb"},"inLanguage":"de","potentialAction":[{"@type":"ReadAction","target":["https:\/\/bioluminis.com\/de\/rechtliche-hinweise\/"]}]},{"@type":"BreadcrumbList","@id":"https:\/\/bioluminis.com\/de\/rechtliche-hinweise\/#breadcrumb","itemListElement":[{"@type":"ListItem","position":1,"name":"Portada","item":"https:\/\/bioluminis.com\/de\/home\/"},{"@type":"ListItem","position":2,"name":"Rechtliche Hinweise"}]},{"@type":"WebSite","@id":"https:\/\/bioluminis.com\/de\/#website","url":"https:\/\/bioluminis.com\/de\/","name":"Bioluminis\u00ae","description":"Biofotonterapia m\u00e9todo Bioluminis","publisher":{"@id":"https:\/\/bioluminis.com\/de\/#organization"},"potentialAction":[{"@type":"SearchAction","target":{"@type":"EntryPoint","urlTemplate":"https:\/\/bioluminis.com\/de\/?s={search_term_string}"},"query-input":{"@type":"PropertyValueSpecification","valueRequired":true,"valueName":"search_term_string"}}],"inLanguage":"de"},{"@type":"Organization","@id":"https:\/\/bioluminis.com\/de\/#organization","name":"Bioluminis\u00ae","url":"https:\/\/bioluminis.com\/de\/","logo":{"@type":"ImageObject","inLanguage":"de","@id":"https:\/\/bioluminis.com\/de\/#\/schema\/logo\/image\/","url":"https:\/\/bioluminis.com\/wp-content\/uploads\/2022\/06\/logo-bioluminis-web.png","contentUrl":"https:\/\/bioluminis.com\/wp-content\/uploads\/2022\/06\/logo-bioluminis-web.png","width":400,"height":84,"caption":"Bioluminis\u00ae"},"image":{"@id":"https:\/\/bioluminis.com\/de\/#\/schema\/logo\/image\/"},"sameAs":["https:\/\/www.facebook.com\/BioluminisBiophotontherapy","https:\/\/www.instagram.com\/bioluminis_biofotonterapia\/"]}]}},"_links":{"self":[{"href":"https:\/\/bioluminis.com\/de\/wp-json\/wp\/v2\/pages\/1124","targetHints":{"allow":["GET"]}}],"collection":[{"href":"https:\/\/bioluminis.com\/de\/wp-json\/wp\/v2\/pages"}],"about":[{"href":"https:\/\/bioluminis.com\/de\/wp-json\/wp\/v2\/types\/page"}],"author":[{"embeddable":true,"href":"https:\/\/bioluminis.com\/de\/wp-json\/wp\/v2\/users\/2"}],"replies":[{"embeddable":true,"href":"https:\/\/bioluminis.com\/de\/wp-json\/wp\/v2\/comments?post=1124"}],"version-history":[{"count":0,"href":"https:\/\/bioluminis.com\/de\/wp-json\/wp\/v2\/pages\/1124\/revisions"}],"wp:attachment":[{"href":"https:\/\/bioluminis.com\/de\/wp-json\/wp\/v2\/media?parent=1124"}],"curies":[{"name":"wp","href":"https:\/\/api.w.org\/{rel}","templated":true}]}}